{"id":287,"date":"2020-12-02T15:53:57","date_gmt":"2020-12-02T15:53:57","guid":{"rendered":"https:\/\/www.safeandhome.com\/?page_id=287"},"modified":"2025-03-06T08:57:25","modified_gmt":"2025-03-06T08:57:25","slug":"disclaimer","status":"publish","type":"page","link":"https:\/\/www.safeandhome.com\/sk\/disclaimer\/","title":{"rendered":"Vyl\u00fa\u010denie zodpovednosti"},"content":{"rendered":"<p>[vc_row css=&#8220;.vc_custom_1606928566705{margin-top: 25px !important;}&#8220;][vc_column][vc_column_text]T\u00e1to webov\u00e1 str\u00e1nka sl\u00fa\u017ei iba ako reklamn\u00fd materi\u00e1l. Inform\u00e1cie, obsiahnut\u00e9 v tejto s\u00favislosti nepredstavuj\u00fa investi\u010dn\u00e9, ani da\u0148ov\u00e9 alebo pr\u00e1vne poradenstvo. Webov\u00e1 str\u00e1nka taktie\u017e neobsahuje \u017eiadnu ponuku, odpor\u00fa\u010danie alebo v\u00fdzvu pre \u00fa\u010dely prijatia investi\u010dn\u00fdch rozhodnut\u00ed ak\u00e9hoko\u013evek druhu.<\/p>\n<p>Zoh\u013eadnite pros\u00edm, \u017ee predlo\u017een\u00e9 inform\u00e1cie predov\u0161etk\u00fdm nenahr\u00e1dzaj\u00fa \u017eiadne vhodn\u00e9 poradenstvo, zameran\u00e9 na invest\u00edcie a produkt. Ak\u00e9ko\u013evek inform\u00e1cie, obsiahnut\u00e9 na tejto webovej str\u00e1nke boli zostaven\u00e9 a spracovan\u00e9 zo strany All Commodity Intertrading GmbH. Tieto vych\u00e1dzaj\u00fa zo zdrojov, ktor\u00e9 spolo\u010dnos\u0165 pova\u017euje za spo\u013eahliv\u00e9. Napriek tomu\u00a0 All Commodity Intertrading GmbH\u00a0nepreber\u00e1 \u017eiadnu zodpovednos\u0165 za spr\u00e1vnos\u0165 a kompletnos\u0165 tu obsiahnut\u00fdch inform\u00e1ci\u00ed a v \u017eiadnom pr\u00edpade neru\u010d\u00ed za \u0161kody alebo straty, sp\u00f4soben\u00e9 v d\u00f4sledku tu zverejnen\u00fdch inform\u00e1ci\u00ed a \u00fadajov.<\/p>\n<p>Uveden\u00e9 sa nevz\u0165ahuje na \u0161kody, sp\u00f4soben\u00e9 \u00famyselne alebo hrubou nedbanlivos\u0165ou. N\u00e1zory, vyjadren\u00e9 na tejto webovej str\u00e1nke odzrkad\u013euj\u00fa odhad spolo\u010dnosti\u00a0 All Commodity Intertrading GmbH\u00a0v momente zverejnenia a m\u00f4\u017eu sa v bud\u00facnosti meni\u0165 bez predch\u00e1dzaj\u00faceho ozn\u00e1menia. Webov\u00e1 str\u00e1nka m\u00f4\u017ee obsahova\u0165 tvrdenia, zameran\u00e9 na bud\u00facnos\u0165. Aj ke\u010f tieto tvrdenia odzrkad\u013euj\u00fa n\u00e1zory a o\u010dak\u00e1vania spolo\u010dnosti All Commodity Intertrading GmbH z h\u013eadiska bud\u00facnosti, m\u00f4\u017eu sa skuto\u010dn\u00fd v\u00fdvoj a v\u00fdsledky podstatne odli\u0161ova\u0165 od vyjadren\u00fdch o\u010dak\u00e1van\u00ed.<\/p>\n<p>\u010ealej pros\u00edme o zoh\u013eadnenie skuto\u010dnosti, \u017ee hodnota majetkovej invest\u00edcie m\u00f4\u017ee st\u00fapa\u0165 alebo klesa\u0165. Investori musia\u00a0 by\u0165 z toho d\u00f4vodu pripraven\u00ed a by\u0165 v stave akceptova\u0165 straty investovan\u00e9ho kapit\u00e1lu (riziko tot\u00e1lnej straty).V\u00fdvoj invest\u00edci\u00ed z minulosti neprip\u00fa\u0161\u0165a \u017eiadne sp\u00e4tn\u00e9 uz\u00e1very na bud\u00faci v\u00fdvoj hodnoty. Kop\u00edrovanie alebo pou\u017e\u00edvanie obsahov vyhotoven\u00fdch a zverejnen\u00fdch zo strany spolo\u010dnosti \u00a0All\u00a0Commodity Intertrading GmbH \u00a0\u2013 a to kompletne alebo z \u010dasti \u2013 nie je bez p\u00edsomn\u00e9ho s\u00fahlasu spolo\u010dnosti All Commodity Intertrading GmbH povolen\u00e9.[\/vc_column_text][\/vc_column][\/vc_row]<\/p>","protected":false},"excerpt":{"rendered":"<p>[vc_row css=&#8220;.vc_custom_1606928566705{margin-top: 25px !important;}&#8220;][vc_column][vc_column_text]T\u00e1to webov\u00e1 str\u00e1nka sl\u00fa\u017ei iba ako reklamn\u00fd materi\u00e1l. Inform\u00e1cie, obsiahnut\u00e9 v tejto s\u00favislosti nepredstavuj\u00fa investi\u010dn\u00e9, ani da\u0148ov\u00e9 alebo pr\u00e1vne poradenstvo. Webov\u00e1 str\u00e1nka taktie\u017e neobsahuje \u017eiadnu ponuku, odpor\u00fa\u010danie alebo v\u00fdzvu pre \u00fa\u010dely prijatia investi\u010dn\u00fdch rozhodnut\u00ed ak\u00e9hoko\u013evek druhu. Zoh\u013eadnite pros\u00edm, \u017ee predlo\u017een\u00e9 inform\u00e1cie predov\u0161etk\u00fdm nenahr\u00e1dzaj\u00fa \u017eiadne vhodn\u00e9 poradenstvo, zameran\u00e9 na invest\u00edcie a produkt. Ak\u00e9ko\u013evek [&hellip;]<\/p>\n","protected":false},"author":1,"featured_media":429,"parent":0,"menu_order":0,"comment_status":"closed","ping_status":"closed","template":"template_inner.php","meta":{"footnotes":""},"class_list":["post-287","page","type-page","status-publish","has-post-thumbnail","hentry"],"yoast_head":"<!-- This site is optimized with the Yoast SEO plugin v26.2 - https:\/\/yoast.com\/wordpress\/plugins\/seo\/ -->\n<title>Vyl\u00fa\u010denie zodpovednosti - All Commodity Intertrading<\/title>\n<meta name=\"robots\" content=\"index, follow, max-snippet:-1, max-image-preview:large, max-video-preview:-1\" \/>\n<link rel=\"canonical\" href=\"https:\/\/www.safeandhome.com\/cz\/disclaimer\/\" \/>\n<meta property=\"og:locale\" content=\"sk_SK\" \/>\n<meta property=\"og:type\" content=\"article\" \/>\n<meta property=\"og:title\" content=\"[:de]Haftungsausschluss[:en]Disclaimer[:sk]Vyl\u00fa\u010denie zodpovednosti[:hu]Disclaimer[:cz]Vyl\u00fa\u010denie zodpovednosti[:] - All Commodity Intertrading\" \/>\n<meta property=\"og:description\" content=\"[vc_row css=&#8220;.vc_custom_1606928566705{margin-top: 25px !important;}&#8220;][vc_column][vc_column_text]T\u00e1to webov\u00e1 str\u00e1nka sl\u00fa\u017ei iba ako reklamn\u00fd materi\u00e1l. Inform\u00e1cie, obsiahnut\u00e9 v tejto s\u00favislosti nepredstavuj\u00fa investi\u010dn\u00e9, ani da\u0148ov\u00e9 alebo pr\u00e1vne poradenstvo. Webov\u00e1 str\u00e1nka taktie\u017e neobsahuje \u017eiadnu ponuku, odpor\u00fa\u010danie alebo v\u00fdzvu pre \u00fa\u010dely prijatia investi\u010dn\u00fdch rozhodnut\u00ed ak\u00e9hoko\u013evek druhu. Zoh\u013eadnite pros\u00edm, \u017ee predlo\u017een\u00e9 inform\u00e1cie predov\u0161etk\u00fdm nenahr\u00e1dzaj\u00fa \u017eiadne vhodn\u00e9 poradenstvo, zameran\u00e9 na invest\u00edcie a produkt. Ak\u00e9ko\u013evek [&hellip;]\" \/>\n<meta property=\"og:url\" content=\"https:\/\/www.safeandhome.com\/cz\/disclaimer\/\" \/>\n<meta property=\"og:site_name\" content=\"All Commodity Intertrading\" \/>\n<meta property=\"article:modified_time\" content=\"2025-03-06T08:57:25+00:00\" \/>\n<meta property=\"og:image\" content=\"https:\/\/www.safeandhome.com\/wp-content\/uploads\/2020\/12\/about4-scaled.jpg\" \/>\n\t<meta property=\"og:image:width\" content=\"2560\" \/>\n\t<meta property=\"og:image:height\" content=\"686\" \/>\n\t<meta property=\"og:image:type\" content=\"image\/jpeg\" \/>\n<meta name=\"twitter:card\" content=\"summary_large_image\" \/>\n<meta name=\"twitter:label1\" content=\"Predpokladan\u00fd \u010das \u010d\u00edtania\" \/>\n\t<meta name=\"twitter:data1\" content=\"8 min\u00fat\" \/>\n<script type=\"application\/ld+json\" class=\"yoast-schema-graph\">{\"@context\":\"https:\/\/schema.org\",\"@graph\":[{\"@type\":\"WebPage\",\"@id\":\"https:\/\/www.safeandhome.com\/cz\/disclaimer\/\",\"url\":\"https:\/\/www.safeandhome.com\/cz\/disclaimer\/\",\"name\":\"[:de]Haftungsausschluss[:en]Disclaimer[:sk]Vyl\u00fa\u010denie zodpovednosti[:hu]Disclaimer[:cz]Vyl\u00fa\u010denie zodpovednosti[:] - All Commodity Intertrading\",\"isPartOf\":{\"@id\":\"https:\/\/www.safeandhome.com\/#website\"},\"primaryImageOfPage\":{\"@id\":\"https:\/\/www.safeandhome.com\/cz\/disclaimer\/#primaryimage\"},\"image\":{\"@id\":\"https:\/\/www.safeandhome.com\/cz\/disclaimer\/#primaryimage\"},\"thumbnailUrl\":\"https:\/\/www.safeandhome.com\/wp-content\/uploads\/2020\/12\/about4-scaled.jpg\",\"datePublished\":\"2020-12-02T15:53:57+00:00\",\"dateModified\":\"2025-03-06T08:57:25+00:00\",\"breadcrumb\":{\"@id\":\"https:\/\/www.safeandhome.com\/cz\/disclaimer\/#breadcrumb\"},\"inLanguage\":\"sk-SK\",\"potentialAction\":[{\"@type\":\"ReadAction\",\"target\":[\"https:\/\/www.safeandhome.com\/cz\/disclaimer\/\"]}]},{\"@type\":\"ImageObject\",\"inLanguage\":\"sk-SK\",\"@id\":\"https:\/\/www.safeandhome.com\/cz\/disclaimer\/#primaryimage\",\"url\":\"https:\/\/www.safeandhome.com\/wp-content\/uploads\/2020\/12\/about4-scaled.jpg\",\"contentUrl\":\"https:\/\/www.safeandhome.com\/wp-content\/uploads\/2020\/12\/about4-scaled.jpg\",\"width\":2560,\"height\":686},{\"@type\":\"BreadcrumbList\",\"@id\":\"https:\/\/www.safeandhome.com\/cz\/disclaimer\/#breadcrumb\",\"itemListElement\":[{\"@type\":\"ListItem\",\"position\":1,\"name\":\"Startseite\",\"item\":\"https:\/\/www.safeandhome.com\/\"},{\"@type\":\"ListItem\",\"position\":2,\"name\":\"Vyl\u00fa\u010denie zodpovednosti\"}]},{\"@type\":\"WebSite\",\"@id\":\"https:\/\/www.safeandhome.com\/#website\",\"url\":\"https:\/\/www.safeandhome.com\/\",\"name\":\"All Commodity Intertrading\",\"description\":\"Ihr Schl\u00fcssel zur finanziellen Sicherheit\",\"publisher\":{\"@id\":\"https:\/\/www.safeandhome.com\/#organization\"},\"potentialAction\":[{\"@type\":\"SearchAction\",\"target\":{\"@type\":\"EntryPoint\",\"urlTemplate\":\"https:\/\/www.safeandhome.com\/?s={search_term_string}\"},\"query-input\":{\"@type\":\"PropertyValueSpecification\",\"valueRequired\":true,\"valueName\":\"search_term_string\"}}],\"inLanguage\":\"sk-SK\"},{\"@type\":\"Organization\",\"@id\":\"https:\/\/www.safeandhome.com\/#organization\",\"name\":\"All Commodity Intertrading\",\"url\":\"https:\/\/www.safeandhome.com\/\",\"logo\":{\"@type\":\"ImageObject\",\"inLanguage\":\"sk-SK\",\"@id\":\"https:\/\/www.safeandhome.com\/#\/schema\/logo\/image\/\",\"url\":\"https:\/\/www.safeandhome.com\/wp-content\/uploads\/2020\/12\/Logo_transaprent-1.png\",\"contentUrl\":\"https:\/\/www.safeandhome.com\/wp-content\/uploads\/2020\/12\/Logo_transaprent-1.png\",\"width\":580,\"height\":250,\"caption\":\"All Commodity Intertrading\"},\"image\":{\"@id\":\"https:\/\/www.safeandhome.com\/#\/schema\/logo\/image\/\"}}]}<\/script>\n<!-- \/ Yoast SEO plugin. -->","yoast_head_json":{"title":"[:de]Haftungsausschluss[:en]Disclaimer[:sk]Vyl\u00fa\u010denie zodpovednosti[:hu]Disclaimer[:cz]Vyl\u00fa\u010denie zodpovednosti[:] - All Commodity Intertrading","robots":{"index":"index","follow":"follow","max-snippet":"max-snippet:-1","max-image-preview":"max-image-preview:large","max-video-preview":"max-video-preview:-1"},"canonical":"https:\/\/www.safeandhome.com\/cz\/disclaimer\/","og_locale":"sk_SK","og_type":"article","og_title":"[:de]Haftungsausschluss[:en]Disclaimer[:sk]Vyl\u00fa\u010denie zodpovednosti[:hu]Disclaimer[:cz]Vyl\u00fa\u010denie zodpovednosti[:] - All Commodity Intertrading","og_description":"[vc_row css=&#8220;.vc_custom_1606928566705{margin-top: 25px !important;}&#8220;][vc_column][vc_column_text]T\u00e1to webov\u00e1 str\u00e1nka sl\u00fa\u017ei iba ako reklamn\u00fd materi\u00e1l. Inform\u00e1cie, obsiahnut\u00e9 v tejto s\u00favislosti nepredstavuj\u00fa investi\u010dn\u00e9, ani da\u0148ov\u00e9 alebo pr\u00e1vne poradenstvo. Webov\u00e1 str\u00e1nka taktie\u017e neobsahuje \u017eiadnu ponuku, odpor\u00fa\u010danie alebo v\u00fdzvu pre \u00fa\u010dely prijatia investi\u010dn\u00fdch rozhodnut\u00ed ak\u00e9hoko\u013evek druhu. Zoh\u013eadnite pros\u00edm, \u017ee predlo\u017een\u00e9 inform\u00e1cie predov\u0161etk\u00fdm nenahr\u00e1dzaj\u00fa \u017eiadne vhodn\u00e9 poradenstvo, zameran\u00e9 na invest\u00edcie a produkt. Ak\u00e9ko\u013evek [&hellip;]","og_url":"https:\/\/www.safeandhome.com\/cz\/disclaimer\/","og_site_name":"All Commodity Intertrading","article_modified_time":"2025-03-06T08:57:25+00:00","og_image":[{"width":2560,"height":686,"url":"https:\/\/www.safeandhome.com\/wp-content\/uploads\/2020\/12\/about4-scaled.jpg","type":"image\/jpeg"}],"twitter_card":"summary_large_image","twitter_misc":{"Predpokladan\u00fd \u010das \u010d\u00edtania":"8 min\u00fat"},"schema":{"@context":"https:\/\/schema.org","@graph":[{"@type":"WebPage","@id":"https:\/\/www.safeandhome.com\/cz\/disclaimer\/","url":"https:\/\/www.safeandhome.com\/cz\/disclaimer\/","name":"[:de]Haftungsausschluss[:en]Disclaimer[:sk]Vyl\u00fa\u010denie zodpovednosti[:hu]Disclaimer[:cz]Vyl\u00fa\u010denie zodpovednosti[:] - All Commodity Intertrading","isPartOf":{"@id":"https:\/\/www.safeandhome.com\/#website"},"primaryImageOfPage":{"@id":"https:\/\/www.safeandhome.com\/cz\/disclaimer\/#primaryimage"},"image":{"@id":"https:\/\/www.safeandhome.com\/cz\/disclaimer\/#primaryimage"},"thumbnailUrl":"https:\/\/www.safeandhome.com\/wp-content\/uploads\/2020\/12\/about4-scaled.jpg","datePublished":"2020-12-02T15:53:57+00:00","dateModified":"2025-03-06T08:57:25+00:00","breadcrumb":{"@id":"https:\/\/www.safeandhome.com\/cz\/disclaimer\/#breadcrumb"},"inLanguage":"sk-SK","potentialAction":[{"@type":"ReadAction","target":["https:\/\/www.safeandhome.com\/cz\/disclaimer\/"]}]},{"@type":"ImageObject","inLanguage":"sk-SK","@id":"https:\/\/www.safeandhome.com\/cz\/disclaimer\/#primaryimage","url":"https:\/\/www.safeandhome.com\/wp-content\/uploads\/2020\/12\/about4-scaled.jpg","contentUrl":"https:\/\/www.safeandhome.com\/wp-content\/uploads\/2020\/12\/about4-scaled.jpg","width":2560,"height":686},{"@type":"BreadcrumbList","@id":"https:\/\/www.safeandhome.com\/cz\/disclaimer\/#breadcrumb","itemListElement":[{"@type":"ListItem","position":1,"name":"Startseite","item":"https:\/\/www.safeandhome.com\/"},{"@type":"ListItem","position":2,"name":"Vyl\u00fa\u010denie zodpovednosti"}]},{"@type":"WebSite","@id":"https:\/\/www.safeandhome.com\/#website","url":"https:\/\/www.safeandhome.com\/","name":"All Commodity Intertrading","description":"Ihr Schl\u00fcssel zur finanziellen Sicherheit","publisher":{"@id":"https:\/\/www.safeandhome.com\/#organization"},"potentialAction":[{"@type":"SearchAction","target":{"@type":"EntryPoint","urlTemplate":"https:\/\/www.safeandhome.com\/?s={search_term_string}"},"query-input":{"@type":"PropertyValueSpecification","valueRequired":true,"valueName":"search_term_string"}}],"inLanguage":"sk-SK"},{"@type":"Organization","@id":"https:\/\/www.safeandhome.com\/#organization","name":"All Commodity Intertrading","url":"https:\/\/www.safeandhome.com\/","logo":{"@type":"ImageObject","inLanguage":"sk-SK","@id":"https:\/\/www.safeandhome.com\/#\/schema\/logo\/image\/","url":"https:\/\/www.safeandhome.com\/wp-content\/uploads\/2020\/12\/Logo_transaprent-1.png","contentUrl":"https:\/\/www.safeandhome.com\/wp-content\/uploads\/2020\/12\/Logo_transaprent-1.png","width":580,"height":250,"caption":"All Commodity Intertrading"},"image":{"@id":"https:\/\/www.safeandhome.com\/#\/schema\/logo\/image\/"}}]}},"_links":{"self":[{"href":"https:\/\/www.safeandhome.com\/sk\/wp-json\/wp\/v2\/pages\/287","targetHints":{"allow":["GET"]}}],"collection":[{"href":"https:\/\/www.safeandhome.com\/sk\/wp-json\/wp\/v2\/pages"}],"about":[{"href":"https:\/\/www.safeandhome.com\/sk\/wp-json\/wp\/v2\/types\/page"}],"author":[{"embeddable":true,"href":"https:\/\/www.safeandhome.com\/sk\/wp-json\/wp\/v2\/users\/1"}],"replies":[{"embeddable":true,"href":"https:\/\/www.safeandhome.com\/sk\/wp-json\/wp\/v2\/comments?post=287"}],"version-history":[{"count":15,"href":"https:\/\/www.safeandhome.com\/sk\/wp-json\/wp\/v2\/pages\/287\/revisions"}],"predecessor-version":[{"id":626,"href":"https:\/\/www.safeandhome.com\/sk\/wp-json\/wp\/v2\/pages\/287\/revisions\/626"}],"wp:featuredmedia":[{"embeddable":true,"href":"https:\/\/www.safeandhome.com\/sk\/wp-json\/wp\/v2\/media\/429"}],"wp:attachment":[{"href":"https:\/\/www.safeandhome.com\/sk\/wp-json\/wp\/v2\/media?parent=287"}],"curies":[{"name":"wp","href":"https:\/\/api.w.org\/{rel}","templated":true}]}}