{"id":285,"date":"2020-12-02T15:52:00","date_gmt":"2020-12-02T15:52:00","guid":{"rendered":"https:\/\/www.safeandhome.com\/?page_id=285"},"modified":"2025-03-06T09:02:45","modified_gmt":"2025-03-06T09:02:45","slug":"legalnotice","status":"publish","type":"page","link":"https:\/\/www.safeandhome.com\/sk\/legalnotice\/","title":{"rendered":"Impresum"},"content":{"rendered":"<p>[vc_row css=&#8220;.vc_custom_1606928913953{margin-top: 25px !important;}&#8220;][vc_column][vc_column_text]<strong>All Commodity Intertrading GmbH<br \/>\n<\/strong>Legal form: company\u00a0with\u00a0limited\u00a0liability<br \/>\nAdress: 1090 Vienna, Liechtensteinstra\u00dfe 63\/6, Austria<br \/>\nPhone:\u00a0 +43 (0)1 361 99 91<br \/>\nE-Mail:\u00a0office@aci-trading.com<br \/>\nWeb:\u00a0https:\/\/www.safeandhome.com<br \/>\nCommercial register number: FN 254730d<br \/>\nCourt: Vienna Higher Civil Court<br \/>\nKonatelia: Christian Pohl, Klaus Sch\u00f6nfelder<\/p>\n<p>bankov\u00e9 \u00fadaje Austria<br \/>\nRaiffeisen<br \/>\nIBAN: AT88 3225 0000 0190 7567<br \/>\nBIC: RLNWATWWGTD<\/p>\n<p>&nbsp;<\/p>\n<p>bankov\u00e9 \u00fadaje Slovensko<br \/>\nTatra Banka a.s.<br \/>\nIBAN: SK11 1100 0000 0029 4805 8062<br \/>\nBIC: TATRSKBXXXX<\/p>\n<p>Oberbank Bratislava<br \/>\nIBAN: SK75 8370 0000 0023 0179 2004<br \/>\nBIC: OBKLSKBA<\/p>\n<p>&nbsp;<\/p>\n<p>bankov\u00e9 \u00fadaje \u010desk\u00fd (EUR)<br \/>\n\u010cesk\u00e1 spo\u0159itelna<br \/>\nIBAN: CZ67 0800 0000 0019 8006 0213<br \/>\nBIC: GIBACZPX<\/p>\n<p>Oberbank Praha<br \/>\nIBAN: CZ53 8040 0000 0020 0121 4261<br \/>\nBIC: OBKLCZ2X<\/p>\n<p>&nbsp;<\/p>\n<p>bankov\u00e9 \u00fadaje \u010desk\u00fd (CZK)<br \/>\n\u010cesk\u00e1 spo\u0159itelna<br \/>\nIBAN: CZ97 0800 0000 0054 4571 1369<br \/>\nBIC: GIBACZPX<\/p>\n<p>Oberbank Praha<br \/>\nIBAN: CZ03 8040 0000 0020 0121 4288<br \/>\nBIC: OBKLCZ2X<\/p>\n<p>&nbsp;<\/p>\n<p><u><a class=\"Stil2\" title=\"frequency: 0\" href=\"https:\/\/www.dict.cc\/englisch-deutsch\/site+notice.html\">site notice<\/a>\u00a0acc.to \u00a7 5 Abs. 1 E-Commerce-law (ECG):<\/u><\/p>\n<p><img loading=\"lazy\" decoding=\"async\" src=\"https:\/\/www.safeandhome.com\/wp-content\/uploads\/2021\/12\/WKO_Wien_4c_kl1.jpg\" alt=\"https:\/\/www.safeandhome.com\/wp-content\/uploads\/2021\/12\/WKO_Wien_4c_kl1.jpg\" width=\"150\" height=\"47\" border=\"0\" \/>[\/vc_column_text][\/vc_column][\/vc_row]<\/p>","protected":false},"excerpt":{"rendered":"<p>[vc_row css=&#8220;.vc_custom_1606928913953{margin-top: 25px !important;}&#8220;][vc_column][vc_column_text]All Commodity Intertrading GmbH Legal form: company\u00a0with\u00a0limited\u00a0liability Adress: 1090 Vienna, Liechtensteinstra\u00dfe 63\/6, Austria Phone:\u00a0 +43 (0)1 361 99 91 E-Mail:\u00a0office@aci-trading.com Web:\u00a0https:\/\/www.safeandhome.com Commercial register number: FN 254730d Court: Vienna Higher Civil Court Konatelia: Christian Pohl, Klaus Sch\u00f6nfelder bankov\u00e9 \u00fadaje Austria Raiffeisen IBAN: AT88 3225 0000 0190 7567 BIC: RLNWATWWGTD &nbsp; bankov\u00e9 \u00fadaje Slovensko [&hellip;]<\/p>\n","protected":false},"author":1,"featured_media":463,"parent":0,"menu_order":0,"comment_status":"closed","ping_status":"closed","template":"template_inner.php","meta":{"footnotes":""},"class_list":["post-285","page","type-page","status-publish","has-post-thumbnail","hentry"],"yoast_head":"<!-- This site is optimized with the Yoast SEO plugin v26.2 - https:\/\/yoast.com\/wordpress\/plugins\/seo\/ -->\n<title>Impresum - All Commodity Intertrading<\/title>\n<meta name=\"robots\" content=\"index, follow, max-snippet:-1, max-image-preview:large, max-video-preview:-1\" \/>\n<link rel=\"canonical\" href=\"https:\/\/www.safeandhome.com\/cz\/legalnotice\/\" \/>\n<meta property=\"og:locale\" content=\"sk_SK\" \/>\n<meta property=\"og:type\" content=\"article\" \/>\n<meta property=\"og:title\" content=\"[:de]Impressum[:en]Legal Notice[:sk]Impresum[:hu]Legal Notice[:cz]Impresum[:] - All Commodity Intertrading\" \/>\n<meta property=\"og:description\" content=\"[vc_row css=&#8220;.vc_custom_1606928913953{margin-top: 25px !important;}&#8220;][vc_column][vc_column_text]All Commodity Intertrading GmbH Legal form: company\u00a0with\u00a0limited\u00a0liability Adress: 1090 Vienna, Liechtensteinstra\u00dfe 63\/6, Austria Phone:\u00a0 +43 (0)1 361 99 91 E-Mail:\u00a0office@aci-trading.com Web:\u00a0https:\/\/www.safeandhome.com Commercial register number: FN 254730d Court: Vienna Higher Civil Court Konatelia: Christian Pohl, Klaus Sch\u00f6nfelder bankov\u00e9 \u00fadaje Austria Raiffeisen IBAN: AT88 3225 0000 0190 7567 BIC: RLNWATWWGTD &nbsp; bankov\u00e9 \u00fadaje Slovensko [&hellip;]\" \/>\n<meta property=\"og:url\" content=\"https:\/\/www.safeandhome.com\/cz\/legalnotice\/\" \/>\n<meta property=\"og:site_name\" content=\"All Commodity Intertrading\" \/>\n<meta property=\"article:modified_time\" content=\"2025-03-06T09:02:45+00:00\" \/>\n<meta property=\"og:image\" content=\"https:\/\/www.safeandhome.com\/wp-content\/uploads\/2020\/12\/Sicherheit-1-scaled.jpg\" \/>\n\t<meta property=\"og:image:width\" content=\"2560\" \/>\n\t<meta property=\"og:image:height\" content=\"1707\" \/>\n\t<meta property=\"og:image:type\" content=\"image\/jpeg\" \/>\n<meta name=\"twitter:card\" content=\"summary_large_image\" \/>\n<meta name=\"twitter:label1\" content=\"Predpokladan\u00fd \u010das \u010d\u00edtania\" \/>\n\t<meta name=\"twitter:data1\" content=\"10 min\u00fat\" \/>\n<script type=\"application\/ld+json\" class=\"yoast-schema-graph\">{\"@context\":\"https:\/\/schema.org\",\"@graph\":[{\"@type\":\"WebPage\",\"@id\":\"https:\/\/www.safeandhome.com\/cz\/legalnotice\/\",\"url\":\"https:\/\/www.safeandhome.com\/cz\/legalnotice\/\",\"name\":\"[:de]Impressum[:en]Legal Notice[:sk]Impresum[:hu]Legal Notice[:cz]Impresum[:] - All Commodity Intertrading\",\"isPartOf\":{\"@id\":\"https:\/\/www.safeandhome.com\/#website\"},\"primaryImageOfPage\":{\"@id\":\"https:\/\/www.safeandhome.com\/cz\/legalnotice\/#primaryimage\"},\"image\":{\"@id\":\"https:\/\/www.safeandhome.com\/cz\/legalnotice\/#primaryimage\"},\"thumbnailUrl\":\"https:\/\/www.safeandhome.com\/wp-content\/uploads\/2020\/12\/Sicherheit-1-scaled.jpg\",\"datePublished\":\"2020-12-02T15:52:00+00:00\",\"dateModified\":\"2025-03-06T09:02:45+00:00\",\"breadcrumb\":{\"@id\":\"https:\/\/www.safeandhome.com\/cz\/legalnotice\/#breadcrumb\"},\"inLanguage\":\"sk-SK\",\"potentialAction\":[{\"@type\":\"ReadAction\",\"target\":[\"https:\/\/www.safeandhome.com\/cz\/legalnotice\/\"]}]},{\"@type\":\"ImageObject\",\"inLanguage\":\"sk-SK\",\"@id\":\"https:\/\/www.safeandhome.com\/cz\/legalnotice\/#primaryimage\",\"url\":\"https:\/\/www.safeandhome.com\/wp-content\/uploads\/2020\/12\/Sicherheit-1-scaled.jpg\",\"contentUrl\":\"https:\/\/www.safeandhome.com\/wp-content\/uploads\/2020\/12\/Sicherheit-1-scaled.jpg\",\"width\":2560,\"height\":1707,\"caption\":\"Real estate agent and customers shaking hands together celebrating finished contract after about home insurance and investment loan, handshake and successful deal.\"},{\"@type\":\"BreadcrumbList\",\"@id\":\"https:\/\/www.safeandhome.com\/cz\/legalnotice\/#breadcrumb\",\"itemListElement\":[{\"@type\":\"ListItem\",\"position\":1,\"name\":\"Startseite\",\"item\":\"https:\/\/www.safeandhome.com\/\"},{\"@type\":\"ListItem\",\"position\":2,\"name\":\"Impresum\"}]},{\"@type\":\"WebSite\",\"@id\":\"https:\/\/www.safeandhome.com\/#website\",\"url\":\"https:\/\/www.safeandhome.com\/\",\"name\":\"All Commodity Intertrading\",\"description\":\"Ihr Schl\u00fcssel zur finanziellen Sicherheit\",\"publisher\":{\"@id\":\"https:\/\/www.safeandhome.com\/#organization\"},\"potentialAction\":[{\"@type\":\"SearchAction\",\"target\":{\"@type\":\"EntryPoint\",\"urlTemplate\":\"https:\/\/www.safeandhome.com\/?s={search_term_string}\"},\"query-input\":{\"@type\":\"PropertyValueSpecification\",\"valueRequired\":true,\"valueName\":\"search_term_string\"}}],\"inLanguage\":\"sk-SK\"},{\"@type\":\"Organization\",\"@id\":\"https:\/\/www.safeandhome.com\/#organization\",\"name\":\"All Commodity Intertrading\",\"url\":\"https:\/\/www.safeandhome.com\/\",\"logo\":{\"@type\":\"ImageObject\",\"inLanguage\":\"sk-SK\",\"@id\":\"https:\/\/www.safeandhome.com\/#\/schema\/logo\/image\/\",\"url\":\"https:\/\/www.safeandhome.com\/wp-content\/uploads\/2020\/12\/Logo_transaprent-1.png\",\"contentUrl\":\"https:\/\/www.safeandhome.com\/wp-content\/uploads\/2020\/12\/Logo_transaprent-1.png\",\"width\":580,\"height\":250,\"caption\":\"All Commodity Intertrading\"},\"image\":{\"@id\":\"https:\/\/www.safeandhome.com\/#\/schema\/logo\/image\/\"}}]}<\/script>\n<!-- \/ Yoast SEO plugin. -->","yoast_head_json":{"title":"[:de]Impressum[:en]Legal Notice[:sk]Impresum[:hu]Legal Notice[:cz]Impresum[:] - All Commodity Intertrading","robots":{"index":"index","follow":"follow","max-snippet":"max-snippet:-1","max-image-preview":"max-image-preview:large","max-video-preview":"max-video-preview:-1"},"canonical":"https:\/\/www.safeandhome.com\/cz\/legalnotice\/","og_locale":"sk_SK","og_type":"article","og_title":"[:de]Impressum[:en]Legal Notice[:sk]Impresum[:hu]Legal Notice[:cz]Impresum[:] - All Commodity Intertrading","og_description":"[vc_row css=&#8220;.vc_custom_1606928913953{margin-top: 25px !important;}&#8220;][vc_column][vc_column_text]All Commodity Intertrading GmbH Legal form: company\u00a0with\u00a0limited\u00a0liability Adress: 1090 Vienna, Liechtensteinstra\u00dfe 63\/6, Austria Phone:\u00a0 +43 (0)1 361 99 91 E-Mail:\u00a0office@aci-trading.com Web:\u00a0https:\/\/www.safeandhome.com Commercial register number: FN 254730d Court: Vienna Higher Civil Court Konatelia: Christian Pohl, Klaus Sch\u00f6nfelder bankov\u00e9 \u00fadaje Austria Raiffeisen IBAN: AT88 3225 0000 0190 7567 BIC: RLNWATWWGTD &nbsp; bankov\u00e9 \u00fadaje Slovensko [&hellip;]","og_url":"https:\/\/www.safeandhome.com\/cz\/legalnotice\/","og_site_name":"All Commodity Intertrading","article_modified_time":"2025-03-06T09:02:45+00:00","og_image":[{"width":2560,"height":1707,"url":"https:\/\/www.safeandhome.com\/wp-content\/uploads\/2020\/12\/Sicherheit-1-scaled.jpg","type":"image\/jpeg"}],"twitter_card":"summary_large_image","twitter_misc":{"Predpokladan\u00fd \u010das \u010d\u00edtania":"10 min\u00fat"},"schema":{"@context":"https:\/\/schema.org","@graph":[{"@type":"WebPage","@id":"https:\/\/www.safeandhome.com\/cz\/legalnotice\/","url":"https:\/\/www.safeandhome.com\/cz\/legalnotice\/","name":"[:de]Impressum[:en]Legal Notice[:sk]Impresum[:hu]Legal Notice[:cz]Impresum[:] - All Commodity Intertrading","isPartOf":{"@id":"https:\/\/www.safeandhome.com\/#website"},"primaryImageOfPage":{"@id":"https:\/\/www.safeandhome.com\/cz\/legalnotice\/#primaryimage"},"image":{"@id":"https:\/\/www.safeandhome.com\/cz\/legalnotice\/#primaryimage"},"thumbnailUrl":"https:\/\/www.safeandhome.com\/wp-content\/uploads\/2020\/12\/Sicherheit-1-scaled.jpg","datePublished":"2020-12-02T15:52:00+00:00","dateModified":"2025-03-06T09:02:45+00:00","breadcrumb":{"@id":"https:\/\/www.safeandhome.com\/cz\/legalnotice\/#breadcrumb"},"inLanguage":"sk-SK","potentialAction":[{"@type":"ReadAction","target":["https:\/\/www.safeandhome.com\/cz\/legalnotice\/"]}]},{"@type":"ImageObject","inLanguage":"sk-SK","@id":"https:\/\/www.safeandhome.com\/cz\/legalnotice\/#primaryimage","url":"https:\/\/www.safeandhome.com\/wp-content\/uploads\/2020\/12\/Sicherheit-1-scaled.jpg","contentUrl":"https:\/\/www.safeandhome.com\/wp-content\/uploads\/2020\/12\/Sicherheit-1-scaled.jpg","width":2560,"height":1707,"caption":"Real estate agent and customers shaking hands together celebrating finished contract after about home insurance and investment loan, handshake and successful deal."},{"@type":"BreadcrumbList","@id":"https:\/\/www.safeandhome.com\/cz\/legalnotice\/#breadcrumb","itemListElement":[{"@type":"ListItem","position":1,"name":"Startseite","item":"https:\/\/www.safeandhome.com\/"},{"@type":"ListItem","position":2,"name":"Impresum"}]},{"@type":"WebSite","@id":"https:\/\/www.safeandhome.com\/#website","url":"https:\/\/www.safeandhome.com\/","name":"All Commodity Intertrading","description":"Ihr Schl\u00fcssel zur finanziellen Sicherheit","publisher":{"@id":"https:\/\/www.safeandhome.com\/#organization"},"potentialAction":[{"@type":"SearchAction","target":{"@type":"EntryPoint","urlTemplate":"https:\/\/www.safeandhome.com\/?s={search_term_string}"},"query-input":{"@type":"PropertyValueSpecification","valueRequired":true,"valueName":"search_term_string"}}],"inLanguage":"sk-SK"},{"@type":"Organization","@id":"https:\/\/www.safeandhome.com\/#organization","name":"All Commodity Intertrading","url":"https:\/\/www.safeandhome.com\/","logo":{"@type":"ImageObject","inLanguage":"sk-SK","@id":"https:\/\/www.safeandhome.com\/#\/schema\/logo\/image\/","url":"https:\/\/www.safeandhome.com\/wp-content\/uploads\/2020\/12\/Logo_transaprent-1.png","contentUrl":"https:\/\/www.safeandhome.com\/wp-content\/uploads\/2020\/12\/Logo_transaprent-1.png","width":580,"height":250,"caption":"All Commodity Intertrading"},"image":{"@id":"https:\/\/www.safeandhome.com\/#\/schema\/logo\/image\/"}}]}},"_links":{"self":[{"href":"https:\/\/www.safeandhome.com\/sk\/wp-json\/wp\/v2\/pages\/285","targetHints":{"allow":["GET"]}}],"collection":[{"href":"https:\/\/www.safeandhome.com\/sk\/wp-json\/wp\/v2\/pages"}],"about":[{"href":"https:\/\/www.safeandhome.com\/sk\/wp-json\/wp\/v2\/types\/page"}],"author":[{"embeddable":true,"href":"https:\/\/www.safeandhome.com\/sk\/wp-json\/wp\/v2\/users\/1"}],"replies":[{"embeddable":true,"href":"https:\/\/www.safeandhome.com\/sk\/wp-json\/wp\/v2\/comments?post=285"}],"version-history":[{"count":28,"href":"https:\/\/www.safeandhome.com\/sk\/wp-json\/wp\/v2\/pages\/285\/revisions"}],"predecessor-version":[{"id":627,"href":"https:\/\/www.safeandhome.com\/sk\/wp-json\/wp\/v2\/pages\/285\/revisions\/627"}],"wp:featuredmedia":[{"embeddable":true,"href":"https:\/\/www.safeandhome.com\/sk\/wp-json\/wp\/v2\/media\/463"}],"wp:attachment":[{"href":"https:\/\/www.safeandhome.com\/sk\/wp-json\/wp\/v2\/media?parent=285"}],"curies":[{"name":"wp","href":"https:\/\/api.w.org\/{rel}","templated":true}]}}