{"id":17,"date":"2020-10-31T09:53:22","date_gmt":"2020-10-31T09:53:22","guid":{"rendered":"https:\/\/www.safeandhome.com\/?page_id=17"},"modified":"2025-03-06T08:13:13","modified_gmt":"2025-03-06T08:13:13","slug":"aci-uber-uns","status":"publish","type":"page","link":"https:\/\/www.safeandhome.com\/sk\/aci-uber-uns\/","title":{"rendered":"O n\u00e1s"},"content":{"rendered":"<p>[vc_row][vc_column][vc_column_text][\/vc_column_text][\/vc_column][\/vc_row][vc_row css_animation=&#8220;fadeIn&#8220; css=&#8220;.vc_custom_1606842612434{margin-top: 30px !important;}&#8220;][vc_column][vc_column_text]Pri selekt\u00edvnom v\u00fdbere partnersk\u00fdch spolo\u010dnost\u00ed je kvalita, bezpe\u010dnos\u0165 a udr\u017eate\u013enos\u0165 n\u00e1kupu surov\u00edn zo strany z\u00e1kazn\u00edkov v\u017edy na prvom mieste.<\/p>\n<p>ACI nakupuje pre svojich z\u00e1kazn\u00edkov iba certifikovan\u00e9 zlato od renomovan\u00fdch eur\u00f3pskych rafin\u00e9ri\u00ed a uchov\u00e1va ho v trezoroch s vysokou bezpe\u010dnos\u0165ou na viacer\u00fdch miestach v Rak\u00fasku a Nemecku.<\/p>\n<p>Fyzick\u00e9 zlato sa nakupuje vo forme zliatkov, ktor\u00e9 sp\u013a\u0148aj\u00fa normu \u201eGood delivery\u201c od London Bullion Market Association (LBMA).<\/p>\n<p>Pravidl\u00e1 LBMA ur\u010duj\u00fa fyzik\u00e1lne vlastnosti zliatkov, ako s\u00fa najm\u00e4 vysok\u00e1 \u010distota a \u0161tandardizovan\u00e1 ve\u013ekos\u0165.<\/p>\n<p>Zlato s t\u00fdmito vlastnos\u0165ami sa pou\u017e\u00edva na hlavn\u00fdch medzin\u00e1rodn\u00fdch trhoch (Hongkong, Lond\u00fdn, New York, Sydney, Tokio, Z\u00fcrich) a v zlat\u00fdch rezerv\u00e1ch vl\u00e1d, centr\u00e1lnych b\u00e1nk\u00e1ch ale aj Medzin\u00e1rodn\u00fd menov\u00fd fond (MMF).[\/vc_column_text][\/vc_column][\/vc_row][vc_row full_width=&#8220;stretch_row&#8220; css=&#8220;.vc_custom_1607004583269{background-color: #c39a48 !important;}&#8220; el_class=&#8220;gold-bg-repeat&#8220;][vc_column css_animation=&#8220;none&#8220;][vc_single_image image=&#8220;349&#8243; img_size=&#8220;full&#8220; alignment=&#8220;center&#8220; style=&#8220;vc_box_border&#8220; border_color=&#8220;white&#8220; css_animation=&#8220;fadeInDown&#8220;][vc_column_text css_animation=&#8220;fadeInUp&#8220;]<\/p>\n<h1 class=\"ceo-title\" style=\"text-align: center;\">Christian Pohl &amp; Klaus Sch\u00f6nfelder<\/h1>\n<h2 class=\"job-title\" style=\"text-align: center;\">Konatelia spolo\u010dnosti<\/h2>\n<p>[\/vc_column_text][\/vc_column][\/vc_row][vc_row css_animation=&#8220;fadeIn&#8220; css=&#8220;.vc_custom_1607085438505{margin-top: 0px !important;}&#8220; el_class=&#8220;disp-cent&#8220;][vc_column][vc_custom_heading text=&#8220;Va\u0161e v\u00fdhody \u2013 Na\u0161e slu\u017eby&#8220; font_container=&#8220;tag:h1|text_align:center&#8220; css=&#8220;.vc_custom_1741248530737{margin-bottom: 30px !important;}&#8220;][\/vc_column][vc_column width=&#8220;1\/4&#8243; el_class=&#8220;abt-boxs border-gradient-purple&#8220;][vc_column_text]<img loading=\"lazy\" decoding=\"async\" class=\"alignnone size-full wp-image-44 aligncenter\" src=\"https:\/\/www.safeandhome.com\/wp-content\/uploads\/2020\/10\/award.png\" alt=\"\" width=\"49\" height=\"79\" \/><\/p>\n<p style=\"text-align: center;\">Overen\u00e1 kvalita zlata<\/p>\n<p>[\/vc_column_text][\/vc_column][vc_column width=&#8220;1\/4&#8243; el_class=&#8220;abt-boxs border-gradient-purple&#8220;][vc_column_text]<img loading=\"lazy\" decoding=\"async\" class=\"alignnone size-full wp-image-44 aligncenter\" src=\"https:\/\/www.safeandhome.com\/wp-content\/uploads\/2020\/10\/award.png\" alt=\"\" width=\"49\" height=\"79\" \/><\/p>\n<p style=\"text-align: center;\">Atrakt\u00edvna n\u00e1kupn\u00e1 cena<\/p>\n<p>[\/vc_column_text][\/vc_column][vc_column width=&#8220;1\/4&#8243; el_class=&#8220;abt-boxs border-gradient-purple&#8220;][vc_column_text]<img loading=\"lazy\" decoding=\"async\" class=\"alignnone size-full wp-image-44 aligncenter\" src=\"https:\/\/www.safeandhome.com\/wp-content\/uploads\/2020\/10\/award.png\" alt=\"\" width=\"49\" height=\"79\" \/><\/p>\n<p style=\"text-align: center;\">Diskr\u00e9tnos\u0165 a bezpe\u010dnos\u0165<\/p>\n<p>[\/vc_column_text][\/vc_column][vc_column width=&#8220;1\/4&#8243; el_class=&#8220;abt-boxs border-gradient-purple&#8220;][vc_column_text]<img loading=\"lazy\" decoding=\"async\" class=\"alignnone size-full wp-image-44 aligncenter\" src=\"https:\/\/www.safeandhome.com\/wp-content\/uploads\/2020\/10\/award.png\" alt=\"\" width=\"49\" height=\"79\" \/><\/p>\n<p style=\"text-align: center;\">Priamy pr\u00edstup na Va\u0161e osobn\u00e9 online konto<\/p>\n<p>[\/vc_column_text][\/vc_column][vc_column width=&#8220;1\/4&#8243; el_class=&#8220;abt-boxs border-gradient-purple&#8220;][vc_column_text]<img loading=\"lazy\" decoding=\"async\" class=\"alignnone size-full wp-image-44 aligncenter\" src=\"https:\/\/www.safeandhome.com\/wp-content\/uploads\/2020\/10\/award.png\" alt=\"\" width=\"49\" height=\"79\" \/><\/p>\n<p style=\"text-align: center;\">Nekomplikovan\u00fd postup<\/p>\n<p>[\/vc_column_text][\/vc_column][vc_column width=&#8220;1\/4&#8243; el_class=&#8220;abt-boxs border-gradient-purple&#8220;][vc_column_text]<img loading=\"lazy\" decoding=\"async\" class=\"alignnone size-full wp-image-44 aligncenter\" src=\"https:\/\/www.safeandhome.com\/wp-content\/uploads\/2020\/10\/award.png\" alt=\"\" width=\"49\" height=\"79\" \/><\/p>\n<p style=\"text-align: center;\">Mo\u017enos\u0165 vlastn\u00e9ho ur\u010dovania n\u00e1kupu a predaja<\/p>\n<p>[\/vc_column_text][\/vc_column][vc_column width=&#8220;1\/4&#8243; el_class=&#8220;abt-boxs border-gradient-purple&#8220;][vc_column_text]<img loading=\"lazy\" decoding=\"async\" class=\"alignnone size-full wp-image-44 aligncenter\" src=\"https:\/\/www.safeandhome.com\/wp-content\/uploads\/2020\/10\/award.png\" alt=\"\" width=\"49\" height=\"79\" \/><\/p>\n<p style=\"text-align: center;\">Individu\u00e1lne mo\u017enosti v\u00fdberu pri uskladnen\u00ed a dod\u00e1vke V\u00e1\u0161ho depozitu<\/p>\n<p>[\/vc_column_text][\/vc_column][vc_column width=&#8220;1\/4&#8243; el_class=&#8220;abt-boxs border-gradient-purple&#8220;][vc_column_text]<img loading=\"lazy\" decoding=\"async\" class=\"alignnone size-full wp-image-44 aligncenter\" src=\"https:\/\/www.safeandhome.com\/wp-content\/uploads\/2020\/10\/award.png\" alt=\"\" width=\"49\" height=\"79\" \/><\/p>\n<p style=\"text-align: center;\">Transparentnos\u0165 a pr\u00edstup k aktu\u00e1lnym inform\u00e1ci\u00e1m o trhu<\/p>\n<p>[\/vc_column_text][\/vc_column][\/vc_row]<\/p>","protected":false},"excerpt":{"rendered":"<p>[vc_row][vc_column][vc_column_text][\/vc_column_text][\/vc_column][\/vc_row][vc_row css_animation=&#8220;fadeIn&#8220; css=&#8220;.vc_custom_1606842612434{margin-top: 30px !important;}&#8220;][vc_column][vc_column_text]Pri selekt\u00edvnom v\u00fdbere partnersk\u00fdch spolo\u010dnost\u00ed je kvalita, bezpe\u010dnos\u0165 a udr\u017eate\u013enos\u0165 n\u00e1kupu surov\u00edn zo strany z\u00e1kazn\u00edkov v\u017edy na prvom mieste. ACI nakupuje pre svojich z\u00e1kazn\u00edkov iba certifikovan\u00e9 zlato od renomovan\u00fdch eur\u00f3pskych rafin\u00e9ri\u00ed a uchov\u00e1va ho v trezoroch s vysokou bezpe\u010dnos\u0165ou na viacer\u00fdch miestach v Rak\u00fasku a Nemecku. Fyzick\u00e9 zlato sa nakupuje vo [&hellip;]<\/p>\n","protected":false},"author":1,"featured_media":429,"parent":0,"menu_order":0,"comment_status":"closed","ping_status":"closed","template":"template_inner.php","meta":{"footnotes":""},"class_list":["post-17","page","type-page","status-publish","has-post-thumbnail","hentry"],"yoast_head":"<!-- This site is optimized with the Yoast SEO plugin v26.2 - https:\/\/yoast.com\/wordpress\/plugins\/seo\/ -->\n<title>O n\u00e1s - All Commodity Intertrading<\/title>\n<meta name=\"robots\" content=\"index, follow, max-snippet:-1, max-image-preview:large, max-video-preview:-1\" \/>\n<link rel=\"canonical\" href=\"https:\/\/www.safeandhome.com\/cz\/aci-uber-uns\/\" \/>\n<meta property=\"og:locale\" content=\"sk_SK\" \/>\n<meta property=\"og:type\" content=\"article\" \/>\n<meta property=\"og:title\" content=\"[:de]\u00dcber uns[:en]About ACI[:sk]O n\u00e1s[:hu]About ACI[:cz]O n\u00e1s[:] - All Commodity Intertrading\" \/>\n<meta property=\"og:description\" content=\"[vc_row][vc_column][vc_column_text][\/vc_column_text][\/vc_column][\/vc_row][vc_row css_animation=&#8220;fadeIn&#8220; css=&#8220;.vc_custom_1606842612434{margin-top: 30px !important;}&#8220;][vc_column][vc_column_text]Pri selekt\u00edvnom v\u00fdbere partnersk\u00fdch spolo\u010dnost\u00ed je kvalita, bezpe\u010dnos\u0165 a udr\u017eate\u013enos\u0165 n\u00e1kupu surov\u00edn zo strany z\u00e1kazn\u00edkov v\u017edy na prvom mieste. ACI nakupuje pre svojich z\u00e1kazn\u00edkov iba certifikovan\u00e9 zlato od renomovan\u00fdch eur\u00f3pskych rafin\u00e9ri\u00ed a uchov\u00e1va ho v trezoroch s vysokou bezpe\u010dnos\u0165ou na viacer\u00fdch miestach v Rak\u00fasku a Nemecku. Fyzick\u00e9 zlato sa nakupuje vo [&hellip;]\" \/>\n<meta property=\"og:url\" content=\"https:\/\/www.safeandhome.com\/cz\/aci-uber-uns\/\" \/>\n<meta property=\"og:site_name\" content=\"All Commodity Intertrading\" \/>\n<meta property=\"article:modified_time\" content=\"2025-03-06T08:13:13+00:00\" \/>\n<meta property=\"og:image\" content=\"https:\/\/www.safeandhome.com\/wp-content\/uploads\/2020\/12\/about4-scaled.jpg\" \/>\n\t<meta property=\"og:image:width\" content=\"2560\" \/>\n\t<meta property=\"og:image:height\" content=\"686\" \/>\n\t<meta property=\"og:image:type\" content=\"image\/jpeg\" \/>\n<meta name=\"twitter:card\" content=\"summary_large_image\" \/>\n<meta name=\"twitter:label1\" content=\"Predpokladan\u00fd \u010das \u010d\u00edtania\" \/>\n\t<meta name=\"twitter:data1\" content=\"11 min\u00fat\" \/>\n<script type=\"application\/ld+json\" class=\"yoast-schema-graph\">{\"@context\":\"https:\/\/schema.org\",\"@graph\":[{\"@type\":\"WebPage\",\"@id\":\"https:\/\/www.safeandhome.com\/cz\/aci-uber-uns\/\",\"url\":\"https:\/\/www.safeandhome.com\/cz\/aci-uber-uns\/\",\"name\":\"[:de]\u00dcber uns[:en]About ACI[:sk]O n\u00e1s[:hu]About ACI[:cz]O n\u00e1s[:] - All Commodity Intertrading\",\"isPartOf\":{\"@id\":\"https:\/\/www.safeandhome.com\/#website\"},\"primaryImageOfPage\":{\"@id\":\"https:\/\/www.safeandhome.com\/cz\/aci-uber-uns\/#primaryimage\"},\"image\":{\"@id\":\"https:\/\/www.safeandhome.com\/cz\/aci-uber-uns\/#primaryimage\"},\"thumbnailUrl\":\"https:\/\/www.safeandhome.com\/wp-content\/uploads\/2020\/12\/about4-scaled.jpg\",\"datePublished\":\"2020-10-31T09:53:22+00:00\",\"dateModified\":\"2025-03-06T08:13:13+00:00\",\"breadcrumb\":{\"@id\":\"https:\/\/www.safeandhome.com\/cz\/aci-uber-uns\/#breadcrumb\"},\"inLanguage\":\"sk-SK\",\"potentialAction\":[{\"@type\":\"ReadAction\",\"target\":[\"https:\/\/www.safeandhome.com\/cz\/aci-uber-uns\/\"]}]},{\"@type\":\"ImageObject\",\"inLanguage\":\"sk-SK\",\"@id\":\"https:\/\/www.safeandhome.com\/cz\/aci-uber-uns\/#primaryimage\",\"url\":\"https:\/\/www.safeandhome.com\/wp-content\/uploads\/2020\/12\/about4-scaled.jpg\",\"contentUrl\":\"https:\/\/www.safeandhome.com\/wp-content\/uploads\/2020\/12\/about4-scaled.jpg\",\"width\":2560,\"height\":686},{\"@type\":\"BreadcrumbList\",\"@id\":\"https:\/\/www.safeandhome.com\/cz\/aci-uber-uns\/#breadcrumb\",\"itemListElement\":[{\"@type\":\"ListItem\",\"position\":1,\"name\":\"Startseite\",\"item\":\"https:\/\/www.safeandhome.com\/\"},{\"@type\":\"ListItem\",\"position\":2,\"name\":\"O n\u00e1s\"}]},{\"@type\":\"WebSite\",\"@id\":\"https:\/\/www.safeandhome.com\/#website\",\"url\":\"https:\/\/www.safeandhome.com\/\",\"name\":\"All Commodity Intertrading\",\"description\":\"Ihr Schl\u00fcssel zur finanziellen Sicherheit\",\"publisher\":{\"@id\":\"https:\/\/www.safeandhome.com\/#organization\"},\"potentialAction\":[{\"@type\":\"SearchAction\",\"target\":{\"@type\":\"EntryPoint\",\"urlTemplate\":\"https:\/\/www.safeandhome.com\/?s={search_term_string}\"},\"query-input\":{\"@type\":\"PropertyValueSpecification\",\"valueRequired\":true,\"valueName\":\"search_term_string\"}}],\"inLanguage\":\"sk-SK\"},{\"@type\":\"Organization\",\"@id\":\"https:\/\/www.safeandhome.com\/#organization\",\"name\":\"All Commodity Intertrading\",\"url\":\"https:\/\/www.safeandhome.com\/\",\"logo\":{\"@type\":\"ImageObject\",\"inLanguage\":\"sk-SK\",\"@id\":\"https:\/\/www.safeandhome.com\/#\/schema\/logo\/image\/\",\"url\":\"https:\/\/www.safeandhome.com\/wp-content\/uploads\/2020\/12\/Logo_transaprent-1.png\",\"contentUrl\":\"https:\/\/www.safeandhome.com\/wp-content\/uploads\/2020\/12\/Logo_transaprent-1.png\",\"width\":580,\"height\":250,\"caption\":\"All Commodity Intertrading\"},\"image\":{\"@id\":\"https:\/\/www.safeandhome.com\/#\/schema\/logo\/image\/\"}}]}<\/script>\n<!-- \/ Yoast SEO plugin. -->","yoast_head_json":{"title":"[:de]\u00dcber uns[:en]About ACI[:sk]O n\u00e1s[:hu]About ACI[:cz]O n\u00e1s[:] - All Commodity Intertrading","robots":{"index":"index","follow":"follow","max-snippet":"max-snippet:-1","max-image-preview":"max-image-preview:large","max-video-preview":"max-video-preview:-1"},"canonical":"https:\/\/www.safeandhome.com\/cz\/aci-uber-uns\/","og_locale":"sk_SK","og_type":"article","og_title":"[:de]\u00dcber uns[:en]About ACI[:sk]O n\u00e1s[:hu]About ACI[:cz]O n\u00e1s[:] - All Commodity Intertrading","og_description":"[vc_row][vc_column][vc_column_text][\/vc_column_text][\/vc_column][\/vc_row][vc_row css_animation=&#8220;fadeIn&#8220; css=&#8220;.vc_custom_1606842612434{margin-top: 30px !important;}&#8220;][vc_column][vc_column_text]Pri selekt\u00edvnom v\u00fdbere partnersk\u00fdch spolo\u010dnost\u00ed je kvalita, bezpe\u010dnos\u0165 a udr\u017eate\u013enos\u0165 n\u00e1kupu surov\u00edn zo strany z\u00e1kazn\u00edkov v\u017edy na prvom mieste. ACI nakupuje pre svojich z\u00e1kazn\u00edkov iba certifikovan\u00e9 zlato od renomovan\u00fdch eur\u00f3pskych rafin\u00e9ri\u00ed a uchov\u00e1va ho v trezoroch s vysokou bezpe\u010dnos\u0165ou na viacer\u00fdch miestach v Rak\u00fasku a Nemecku. Fyzick\u00e9 zlato sa nakupuje vo [&hellip;]","og_url":"https:\/\/www.safeandhome.com\/cz\/aci-uber-uns\/","og_site_name":"All Commodity Intertrading","article_modified_time":"2025-03-06T08:13:13+00:00","og_image":[{"width":2560,"height":686,"url":"https:\/\/www.safeandhome.com\/wp-content\/uploads\/2020\/12\/about4-scaled.jpg","type":"image\/jpeg"}],"twitter_card":"summary_large_image","twitter_misc":{"Predpokladan\u00fd \u010das \u010d\u00edtania":"11 min\u00fat"},"schema":{"@context":"https:\/\/schema.org","@graph":[{"@type":"WebPage","@id":"https:\/\/www.safeandhome.com\/cz\/aci-uber-uns\/","url":"https:\/\/www.safeandhome.com\/cz\/aci-uber-uns\/","name":"[:de]\u00dcber uns[:en]About ACI[:sk]O n\u00e1s[:hu]About ACI[:cz]O n\u00e1s[:] - All Commodity Intertrading","isPartOf":{"@id":"https:\/\/www.safeandhome.com\/#website"},"primaryImageOfPage":{"@id":"https:\/\/www.safeandhome.com\/cz\/aci-uber-uns\/#primaryimage"},"image":{"@id":"https:\/\/www.safeandhome.com\/cz\/aci-uber-uns\/#primaryimage"},"thumbnailUrl":"https:\/\/www.safeandhome.com\/wp-content\/uploads\/2020\/12\/about4-scaled.jpg","datePublished":"2020-10-31T09:53:22+00:00","dateModified":"2025-03-06T08:13:13+00:00","breadcrumb":{"@id":"https:\/\/www.safeandhome.com\/cz\/aci-uber-uns\/#breadcrumb"},"inLanguage":"sk-SK","potentialAction":[{"@type":"ReadAction","target":["https:\/\/www.safeandhome.com\/cz\/aci-uber-uns\/"]}]},{"@type":"ImageObject","inLanguage":"sk-SK","@id":"https:\/\/www.safeandhome.com\/cz\/aci-uber-uns\/#primaryimage","url":"https:\/\/www.safeandhome.com\/wp-content\/uploads\/2020\/12\/about4-scaled.jpg","contentUrl":"https:\/\/www.safeandhome.com\/wp-content\/uploads\/2020\/12\/about4-scaled.jpg","width":2560,"height":686},{"@type":"BreadcrumbList","@id":"https:\/\/www.safeandhome.com\/cz\/aci-uber-uns\/#breadcrumb","itemListElement":[{"@type":"ListItem","position":1,"name":"Startseite","item":"https:\/\/www.safeandhome.com\/"},{"@type":"ListItem","position":2,"name":"O n\u00e1s"}]},{"@type":"WebSite","@id":"https:\/\/www.safeandhome.com\/#website","url":"https:\/\/www.safeandhome.com\/","name":"All Commodity Intertrading","description":"Ihr Schl\u00fcssel zur finanziellen Sicherheit","publisher":{"@id":"https:\/\/www.safeandhome.com\/#organization"},"potentialAction":[{"@type":"SearchAction","target":{"@type":"EntryPoint","urlTemplate":"https:\/\/www.safeandhome.com\/?s={search_term_string}"},"query-input":{"@type":"PropertyValueSpecification","valueRequired":true,"valueName":"search_term_string"}}],"inLanguage":"sk-SK"},{"@type":"Organization","@id":"https:\/\/www.safeandhome.com\/#organization","name":"All Commodity Intertrading","url":"https:\/\/www.safeandhome.com\/","logo":{"@type":"ImageObject","inLanguage":"sk-SK","@id":"https:\/\/www.safeandhome.com\/#\/schema\/logo\/image\/","url":"https:\/\/www.safeandhome.com\/wp-content\/uploads\/2020\/12\/Logo_transaprent-1.png","contentUrl":"https:\/\/www.safeandhome.com\/wp-content\/uploads\/2020\/12\/Logo_transaprent-1.png","width":580,"height":250,"caption":"All Commodity Intertrading"},"image":{"@id":"https:\/\/www.safeandhome.com\/#\/schema\/logo\/image\/"}}]}},"_links":{"self":[{"href":"https:\/\/www.safeandhome.com\/sk\/wp-json\/wp\/v2\/pages\/17","targetHints":{"allow":["GET"]}}],"collection":[{"href":"https:\/\/www.safeandhome.com\/sk\/wp-json\/wp\/v2\/pages"}],"about":[{"href":"https:\/\/www.safeandhome.com\/sk\/wp-json\/wp\/v2\/types\/page"}],"author":[{"embeddable":true,"href":"https:\/\/www.safeandhome.com\/sk\/wp-json\/wp\/v2\/users\/1"}],"replies":[{"embeddable":true,"href":"https:\/\/www.safeandhome.com\/sk\/wp-json\/wp\/v2\/comments?post=17"}],"version-history":[{"count":110,"href":"https:\/\/www.safeandhome.com\/sk\/wp-json\/wp\/v2\/pages\/17\/revisions"}],"predecessor-version":[{"id":623,"href":"https:\/\/www.safeandhome.com\/sk\/wp-json\/wp\/v2\/pages\/17\/revisions\/623"}],"wp:featuredmedia":[{"embeddable":true,"href":"https:\/\/www.safeandhome.com\/sk\/wp-json\/wp\/v2\/media\/429"}],"wp:attachment":[{"href":"https:\/\/www.safeandhome.com\/sk\/wp-json\/wp\/v2\/media?parent=17"}],"curies":[{"name":"wp","href":"https:\/\/api.w.org\/{rel}","templated":true}]}}