{"id":14,"date":"2020-10-31T09:53:04","date_gmt":"2020-10-31T09:53:04","guid":{"rendered":"https:\/\/www.safeandhome.com\/?page_id=14"},"modified":"2025-12-11T10:57:30","modified_gmt":"2025-12-11T08:57:30","slug":"gold","status":"publish","type":"page","link":"https:\/\/www.safeandhome.com\/sk\/gold\/","title":{"rendered":"Zlato"},"content":{"rendered":"<p><\/p>\n<p>[vc_row css=&#8220;.vc_custom_1606842572321{margin-top: 30px !important;}&#8220;][vc_column css_animation=&#8220;fadeIn&#8220;][vc_column_text]Drah\u00e9 kovy s\u00fa ve\u010dn\u00e9. Zlato je synonymom istoty a st\u00e1losti. Zlato je stelesnen\u00edm blahobytu \u013eudstva, stability a uchovania hodnoty nez\u00e1visle od historick\u00e9ho obdobia.[\/vc_column_text][\/vc_column][\/vc_row][vc_row el_id=&#8220;Sicherheit&#8220;][vc_column css_animation=&#8220;none&#8220; width=&#8220;1\/2&#8243;][vc_single_image image=&#8220;422&#8243; img_size=&#8220;full&#8220; el_class=&#8220;res-only&#8220;][vc_custom_heading text=&#8220;Zlato &#8211; jeden z<br \/>\nnajcennej\u0161\u00edch drah\u00fdch kovov&#8220; font_container=&#8220;tag:h1|text_align:left&#8220;][vc_separator][vc_column_text]Jeho m\u00fdtus a popularita maj\u00fa svoje korene v jeho \u00faspe\u0161nej a dlhoro\u010dnej hist\u00f3rii, \u010d\u00edm odzrkad\u013euje aj bud\u00face o\u010dak\u00e1vania \u013eud\u00ed vzh\u013eadom na uchovanie hodnoty.<br \/>\nJedn\u00fdm z najpodstatnej\u0161\u00edch mot\u00edvov pre ka\u017ed\u00fd n\u00e1kup zlata je strach pred \u00fapadkom in\u00fdch hodn\u00f4t, predov\u0161etk\u00fdm papierov\u00fdch pe\u0148az\u00ed.<\/p>\n<p>Zlato si ako re\u00e1lny majetok udr\u017e\u00ed svoju hodnotu aj vtedy, ke\u010f sa banky a \u0161t\u00e1ty nach\u00e1dzaj\u00fa v n\u00fadzi a akciov\u00e9 kurzy zaznamen\u00e1vaj\u00fa pokles. Zlato je mo\u017en\u00e9 vymeni\u0165 a preda\u0165.<\/p>\n<p>Vlastn\u00edctvo \u00a0zlata umo\u017e\u0148uje prekona\u0165 aj najtvrd\u0161ie obdobia kr\u00edzy a zachova\u0165 si blahobyt bez oh\u013eadu na syst\u00e9mov\u00e9 zmeny s hlbok\u00fdmi dopadmi na hospod\u00e1rstvo a ekonomiku.[\/vc_column_text][\/vc_column][vc_column css_animation=&#8220;none&#8220; width=&#8220;1\/2&#8243;][vc_single_image source=&#8220;external_link&#8220; el_class=&#8220;desk-only&#8220; custom_src=&#8220;https:\/\/portal.safeandhome.com\/Images\/PriceChart.ashx?months=240&amp;results=100&amp;size=500;300&amp;lang=sk-SK&#8220;][\/vc_column][\/vc_row][vc_row el_id=&#8220;Superstar&#8220;][vc_column css_animation=&#8220;none&#8220; width=&#8220;1\/2&#8243;][vc_single_image image=&#8220;891&#8243; img_size=&#8220;full&#8220;][\/vc_column][vc_column css_animation=&#8220;none&#8220; width=&#8220;1\/2&#8243;][vc_custom_heading text=&#8220;\u201eSuperhviezda\u201d<br \/>\nmedzi drah\u00fdmi kovmi&#8220; font_container=&#8220;tag:h1|text_align:left&#8220;][vc_separator][vc_column_text]Zni\u017eovanie z\u00e1sob v\u0161etk\u00fdch drah\u00fdch kovov, predov\u0161etk\u00fdm zlata vo ve\u013ekej miere ovplyv\u0148uje jeho cenu. Tovar, ktor\u00e9ho je nedostatok, je v\u00e4\u010d\u0161inou ve\u013emi drah\u00fd. Pr\u00edslu\u0161n\u00e1 literat\u00fara na t\u00e9mu v\u00fdskyt surov\u00edn\/nerastov vych\u00e1dza z toho, \u017ee jedna tona horniny obsahuje iba \u0161tyri miligramy (\u0161tyri tis\u00edciny jedn\u00e9ho gramu) zlata.<\/p>\n<p>V d\u00f4sledku toho podlieha svetov\u00e1 ponuka, pr\u00edpadne dostupnos\u0165 zlata na trhu prirodzen\u00e9mu obmedzeniu. Dopyt v protiklade k tomu neust\u00e1le st\u00fapa. V 21.storo\u010d\u00ed sa zlato stalo pr\u00edstupn\u00fdm pre ve\u013ek\u00fa \u010das\u0165 \u013eudstva.<\/p>\n<p>Uveden\u00e9 je sp\u00f4soben\u00e9 legaliz\u00e1ciou s\u00fakromn\u00e9ho vlastn\u00edctva zlata &#8211; okrem in\u00e9ho aj v \u010c\u00edne. \u010cas\u0165 zlat\u00fdch z\u00e1sob je pod\u013ea aktu\u00e1lnych inform\u00e1ci\u00ed u\u017e vy\u0165a\u017een\u00e1 a uskladnen\u00e1 v Centr\u00e1lnych a Obchodn\u00fdch bank\u00e1ch alebo bola pou\u017eit\u00e1 v \u0161perk\u00e1rskom priemysle alebo vo forme in\u00fdch cenn\u00fdch predmetov.[\/vc_column_text][\/vc_column][\/vc_row][vc_row el_id=&#8220;Nachfrage&#8220;][vc_column css_animation=&#8220;none&#8220; width=&#8220;1\/2&#8243;][vc_single_image image=&#8220;580&#8243; img_size=&#8220;full&#8220; el_class=&#8220;res-only&#8220;][vc_custom_heading text=&#8220;Dopyt bez konca?<br \/>\n&#8211; Kto to potrebuje?&#8220; font_container=&#8220;tag:h1|text_align:left&#8220;][vc_separator][vc_column_text]Zlato sl\u00fa\u017ei \u013eu\u010fom ako \u0161perk, ako prostriedok uchovania hodnoty pre mnoh\u00e9 dom\u00e1cnosti a ako dev\u00edzov\u00e1 rezerva Centr\u00e1lnych b\u00e1nk na celom svete.<\/p>\n<p>Okrem toho je zlato v\u010faka svojim \u0161pecifick\u00fdm chemick\u00fdm a fyzik\u00e1lnym vlastnostiam nenahradite\u013en\u00fdm faktorom pre pou\u017eitie v priemysle.<\/p>\n<p>Ochrana svojho majetku sa nielen pre firmy, ale aj pre ka\u017ed\u00fa s\u00fakromn\u00fa osobu stala jasn\u00fdm\u00a0 cie\u013eom, preto\u017ee peniaze s\u00fa jedn\u00fdm z predpokladov pre to, aby bolo mo\u017en\u00e9 splni\u0165 ak\u00fdko\u013evek obchodn\u00fd alebo \u017eivotn\u00fd pl\u00e1n.<\/p>\n<p>Nadobudn\u00fa\u0165 investi\u010dn\u00e9 fondy, akcie alebo vkladn\u00fa kni\u017eku, pozemok, \u017eivotn\u00fa poistku alebo zabezpe\u010denie pre obdobie d\u00f4chodku \u2026<\/p>\n<p>Kr\u00e1tko vyjadren\u00e9:\u00a0Nie je cie\u013eom len vlastni\u0165 \u010do najv\u00e4\u010d\u0161ie mno\u017estvo pe\u0148az\u00ed, ale sk\u00f4r to, ako v\u010faka disponibiln\u00fdm finan\u010dn\u00fdm prostriedkom dosiahnu\u0165 \u010do najviac cie\u013eov, ktor\u00e9 ste si vyt\u00fd\u010dili.[\/vc_column_text][\/vc_column][vc_column css_animation=&#8220;none&#8220; width=&#8220;1\/2&#8243;][vc_single_image image=&#8220;580&#8243; img_size=&#8220;full&#8220; el_class=&#8220;desk-only&#8220;][\/vc_column][\/vc_row][vc_row][vc_column css_animation=&#8220;none&#8220; width=&#8220;1\/2&#8243;][vc_single_image image=&#8220;579&#8243; img_size=&#8220;full&#8220;][\/vc_column][vc_column css_animation=&#8220;none&#8220; width=&#8220;1\/2&#8243;][vc_custom_heading text=&#8220;Stane sa zlato surovinou<br \/>\n21. storo\u010dia?&#8220; font_container=&#8220;tag:h1|text_align:left&#8220;][vc_separator][vc_column_text]V 21. storo\u010d\u00ed zlato nadobudlo nov\u00fd (star\u00fd) v\u00fdznam: obdobie pr\u00edtomnosti sa moment\u00e1lne vyzna\u010duje nedoh\u013eadne dlh\u00fdm obdob\u00edm neistoty. V\u00fdzvy, ktor\u00e9 po\u010das mnoh\u00fdch desa\u0165ro\u010d\u00ed u\u017e upadli do zabudnutia a ktor\u00e9 u\u017e v\u00f4bec neboli predmetom verejn\u00fdch diskusi\u00ed n\u00e1s n\u00fatia k procesom zmien a prin\u00e1\u0161aj\u00fa prevraty v glob\u00e1lnej mocenskej \u0161trukt\u00fare.<\/p>\n<p>St\u00fapaj\u00faci po\u010det obyvate\u013estva sveta sa pozer\u00e1 v \u00fastrety op\u00e4tovn\u00fdm existen\u010dn\u00fdm v\u00fdzvam, predov\u0161etk\u00fdm teraz aj v priemyseln\u00fdch krajin\u00e1ch<br \/>\nUSA a Eur\u00f3py.<\/p>\n<p>Jedin\u00e9, \u010do sa zd\u00e1 by\u0165 na za\u010diatku tohto storo\u010dia ist\u00e9, s\u00fa okolnosti r\u00fdchlych a pretrv\u00e1vaj\u00facich zmien, s ktor\u00fdmi mus\u00edme \u017ei\u0165 a vn\u00edma\u0165 ich ako s\u00fa\u010das\u0165 n\u00e1\u0161ho hospod\u00e1rstva a sveta. V obdob\u00ed neistoty je a bolo zlato v\u017edy \u017eiadan\u00e9, v d\u00f4sledku \u010doho sa mohlo sta\u0165 surovinou storo\u010dia.[\/vc_column_text][\/vc_column][\/vc_row]<\/p>\n<p><\/p>","protected":false},"excerpt":{"rendered":"<p>[vc_row css=&#8220;.vc_custom_1606842572321{margin-top: 30px !important;}&#8220;][vc_column css_animation=&#8220;fadeIn&#8220;][vc_column_text]Drah\u00e9 kovy s\u00fa ve\u010dn\u00e9. Zlato je synonymom istoty a st\u00e1losti. Zlato je stelesnen\u00edm blahobytu \u013eudstva, stability a uchovania hodnoty nez\u00e1visle od historick\u00e9ho obdobia.[\/vc_column_text][\/vc_column][\/vc_row][vc_row el_id=&#8220;Sicherheit&#8220;][vc_column css_animation=&#8220;none&#8220; width=&#8220;1\/2&#8243;][vc_single_image image=&#8220;422&#8243; img_size=&#8220;full&#8220; el_class=&#8220;res-only&#8220;][vc_custom_heading text=&#8220;Zlato &#8211; jeden z najcennej\u0161\u00edch drah\u00fdch kovov&#8220; font_container=&#8220;tag:h1|text_align:left&#8220;][vc_separator][vc_column_text]Jeho m\u00fdtus a popularita maj\u00fa svoje korene v jeho \u00faspe\u0161nej a dlhoro\u010dnej hist\u00f3rii, \u010d\u00edm odzrkad\u013euje [&hellip;]<\/p>\n","protected":false},"author":1,"featured_media":386,"parent":0,"menu_order":0,"comment_status":"closed","ping_status":"closed","template":"template_inner.php","meta":{"footnotes":""},"class_list":["post-14","page","type-page","status-publish","has-post-thumbnail","hentry"],"yoast_head":"<!-- This site is optimized with the Yoast SEO plugin v26.2 - https:\/\/yoast.com\/wordpress\/plugins\/seo\/ -->\n<title>Zlato - All Commodity Intertrading<\/title>\n<meta name=\"robots\" content=\"index, follow, max-snippet:-1, max-image-preview:large, max-video-preview:-1\" \/>\n<link rel=\"canonical\" href=\"https:\/\/www.safeandhome.com\/gold\/\" \/>\n<meta property=\"og:locale\" content=\"sk_SK\" \/>\n<meta property=\"og:type\" content=\"article\" \/>\n<meta property=\"og:title\" content=\"[:de]Gold[:en]Gold[:sk]Zlato[:hu]Gold[:cz]Zlato[:] - All Commodity Intertrading\" \/>\n<meta property=\"og:description\" content=\"[vc_row css=&#8220;.vc_custom_1606842572321{margin-top: 30px !important;}&#8220;][vc_column css_animation=&#8220;fadeIn&#8220;][vc_column_text]Drah\u00e9 kovy s\u00fa ve\u010dn\u00e9. Zlato je synonymom istoty a st\u00e1losti. Zlato je stelesnen\u00edm blahobytu \u013eudstva, stability a uchovania hodnoty nez\u00e1visle od historick\u00e9ho obdobia.[\/vc_column_text][\/vc_column][\/vc_row][vc_row el_id=&#8220;Sicherheit&#8220;][vc_column css_animation=&#8220;none&#8220; width=&#8220;1\/2&#8243;][vc_single_image image=&#8220;422&#8243; img_size=&#8220;full&#8220; el_class=&#8220;res-only&#8220;][vc_custom_heading text=&#8220;Zlato &#8211; jeden z najcennej\u0161\u00edch drah\u00fdch kovov&#8220; font_container=&#8220;tag:h1|text_align:left&#8220;][vc_separator][vc_column_text]Jeho m\u00fdtus a popularita maj\u00fa svoje korene v jeho \u00faspe\u0161nej a dlhoro\u010dnej hist\u00f3rii, \u010d\u00edm odzrkad\u013euje [&hellip;]\" \/>\n<meta property=\"og:url\" content=\"https:\/\/www.safeandhome.com\/gold\/\" \/>\n<meta property=\"og:site_name\" content=\"All Commodity Intertrading\" \/>\n<meta property=\"article:modified_time\" content=\"2025-12-11T08:57:30+00:00\" \/>\n<meta property=\"og:image\" content=\"https:\/\/www.safeandhome.com\/wp-content\/uploads\/2020\/12\/Produkte-1024x415.png\" \/>\n\t<meta property=\"og:image:width\" content=\"1024\" \/>\n\t<meta property=\"og:image:height\" content=\"415\" \/>\n\t<meta property=\"og:image:type\" content=\"image\/png\" \/>\n<meta name=\"twitter:card\" content=\"summary_large_image\" \/>\n<meta name=\"twitter:label1\" content=\"Predpokladan\u00fd \u010das \u010d\u00edtania\" \/>\n\t<meta name=\"twitter:data1\" content=\"17 min\u00fat\" \/>\n<script type=\"application\/ld+json\" class=\"yoast-schema-graph\">{\"@context\":\"https:\/\/schema.org\",\"@graph\":[{\"@type\":\"WebPage\",\"@id\":\"https:\/\/www.safeandhome.com\/gold\/\",\"url\":\"https:\/\/www.safeandhome.com\/gold\/\",\"name\":\"[:de]Gold[:en]Gold[:sk]Zlato[:hu]Gold[:cz]Zlato[:] - All Commodity Intertrading\",\"isPartOf\":{\"@id\":\"https:\/\/www.safeandhome.com\/#website\"},\"primaryImageOfPage\":{\"@id\":\"https:\/\/www.safeandhome.com\/gold\/#primaryimage\"},\"image\":{\"@id\":\"https:\/\/www.safeandhome.com\/gold\/#primaryimage\"},\"thumbnailUrl\":\"https:\/\/www.safeandhome.com\/wp-content\/uploads\/2020\/12\/Produkte.png\",\"datePublished\":\"2020-10-31T09:53:04+00:00\",\"dateModified\":\"2025-12-11T08:57:30+00:00\",\"breadcrumb\":{\"@id\":\"https:\/\/www.safeandhome.com\/gold\/#breadcrumb\"},\"inLanguage\":\"sk-SK\",\"potentialAction\":[{\"@type\":\"ReadAction\",\"target\":[\"https:\/\/www.safeandhome.com\/gold\/\"]}]},{\"@type\":\"ImageObject\",\"inLanguage\":\"sk-SK\",\"@id\":\"https:\/\/www.safeandhome.com\/gold\/#primaryimage\",\"url\":\"https:\/\/www.safeandhome.com\/wp-content\/uploads\/2020\/12\/Produkte.png\",\"contentUrl\":\"https:\/\/www.safeandhome.com\/wp-content\/uploads\/2020\/12\/Produkte.png\",\"width\":5483,\"height\":2223},{\"@type\":\"BreadcrumbList\",\"@id\":\"https:\/\/www.safeandhome.com\/gold\/#breadcrumb\",\"itemListElement\":[{\"@type\":\"ListItem\",\"position\":1,\"name\":\"Startseite\",\"item\":\"https:\/\/www.safeandhome.com\/\"},{\"@type\":\"ListItem\",\"position\":2,\"name\":\"Gold\"}]},{\"@type\":\"WebSite\",\"@id\":\"https:\/\/www.safeandhome.com\/#website\",\"url\":\"https:\/\/www.safeandhome.com\/\",\"name\":\"All Commodity Intertrading\",\"description\":\"Ihr Schl\u00fcssel zur finanziellen Sicherheit\",\"publisher\":{\"@id\":\"https:\/\/www.safeandhome.com\/#organization\"},\"potentialAction\":[{\"@type\":\"SearchAction\",\"target\":{\"@type\":\"EntryPoint\",\"urlTemplate\":\"https:\/\/www.safeandhome.com\/?s={search_term_string}\"},\"query-input\":{\"@type\":\"PropertyValueSpecification\",\"valueRequired\":true,\"valueName\":\"search_term_string\"}}],\"inLanguage\":\"sk-SK\"},{\"@type\":\"Organization\",\"@id\":\"https:\/\/www.safeandhome.com\/#organization\",\"name\":\"All Commodity Intertrading\",\"url\":\"https:\/\/www.safeandhome.com\/\",\"logo\":{\"@type\":\"ImageObject\",\"inLanguage\":\"sk-SK\",\"@id\":\"https:\/\/www.safeandhome.com\/#\/schema\/logo\/image\/\",\"url\":\"https:\/\/www.safeandhome.com\/wp-content\/uploads\/2020\/12\/Logo_transaprent-1.png\",\"contentUrl\":\"https:\/\/www.safeandhome.com\/wp-content\/uploads\/2020\/12\/Logo_transaprent-1.png\",\"width\":580,\"height\":250,\"caption\":\"All Commodity Intertrading\"},\"image\":{\"@id\":\"https:\/\/www.safeandhome.com\/#\/schema\/logo\/image\/\"}}]}<\/script>\n<!-- \/ Yoast SEO plugin. -->","yoast_head_json":{"title":"[:de]Gold[:en]Gold[:sk]Zlato[:hu]Gold[:cz]Zlato[:] - All Commodity Intertrading","robots":{"index":"index","follow":"follow","max-snippet":"max-snippet:-1","max-image-preview":"max-image-preview:large","max-video-preview":"max-video-preview:-1"},"canonical":"https:\/\/www.safeandhome.com\/gold\/","og_locale":"sk_SK","og_type":"article","og_title":"[:de]Gold[:en]Gold[:sk]Zlato[:hu]Gold[:cz]Zlato[:] - All Commodity Intertrading","og_description":"[vc_row css=&#8220;.vc_custom_1606842572321{margin-top: 30px !important;}&#8220;][vc_column css_animation=&#8220;fadeIn&#8220;][vc_column_text]Drah\u00e9 kovy s\u00fa ve\u010dn\u00e9. Zlato je synonymom istoty a st\u00e1losti. Zlato je stelesnen\u00edm blahobytu \u013eudstva, stability a uchovania hodnoty nez\u00e1visle od historick\u00e9ho obdobia.[\/vc_column_text][\/vc_column][\/vc_row][vc_row el_id=&#8220;Sicherheit&#8220;][vc_column css_animation=&#8220;none&#8220; width=&#8220;1\/2&#8243;][vc_single_image image=&#8220;422&#8243; img_size=&#8220;full&#8220; el_class=&#8220;res-only&#8220;][vc_custom_heading text=&#8220;Zlato &#8211; jeden z najcennej\u0161\u00edch drah\u00fdch kovov&#8220; font_container=&#8220;tag:h1|text_align:left&#8220;][vc_separator][vc_column_text]Jeho m\u00fdtus a popularita maj\u00fa svoje korene v jeho \u00faspe\u0161nej a dlhoro\u010dnej hist\u00f3rii, \u010d\u00edm odzrkad\u013euje [&hellip;]","og_url":"https:\/\/www.safeandhome.com\/gold\/","og_site_name":"All Commodity Intertrading","article_modified_time":"2025-12-11T08:57:30+00:00","og_image":[{"width":1024,"height":415,"url":"https:\/\/www.safeandhome.com\/wp-content\/uploads\/2020\/12\/Produkte-1024x415.png","type":"image\/png"}],"twitter_card":"summary_large_image","twitter_misc":{"Predpokladan\u00fd \u010das \u010d\u00edtania":"17 min\u00fat"},"schema":{"@context":"https:\/\/schema.org","@graph":[{"@type":"WebPage","@id":"https:\/\/www.safeandhome.com\/gold\/","url":"https:\/\/www.safeandhome.com\/gold\/","name":"[:de]Gold[:en]Gold[:sk]Zlato[:hu]Gold[:cz]Zlato[:] - All Commodity Intertrading","isPartOf":{"@id":"https:\/\/www.safeandhome.com\/#website"},"primaryImageOfPage":{"@id":"https:\/\/www.safeandhome.com\/gold\/#primaryimage"},"image":{"@id":"https:\/\/www.safeandhome.com\/gold\/#primaryimage"},"thumbnailUrl":"https:\/\/www.safeandhome.com\/wp-content\/uploads\/2020\/12\/Produkte.png","datePublished":"2020-10-31T09:53:04+00:00","dateModified":"2025-12-11T08:57:30+00:00","breadcrumb":{"@id":"https:\/\/www.safeandhome.com\/gold\/#breadcrumb"},"inLanguage":"sk-SK","potentialAction":[{"@type":"ReadAction","target":["https:\/\/www.safeandhome.com\/gold\/"]}]},{"@type":"ImageObject","inLanguage":"sk-SK","@id":"https:\/\/www.safeandhome.com\/gold\/#primaryimage","url":"https:\/\/www.safeandhome.com\/wp-content\/uploads\/2020\/12\/Produkte.png","contentUrl":"https:\/\/www.safeandhome.com\/wp-content\/uploads\/2020\/12\/Produkte.png","width":5483,"height":2223},{"@type":"BreadcrumbList","@id":"https:\/\/www.safeandhome.com\/gold\/#breadcrumb","itemListElement":[{"@type":"ListItem","position":1,"name":"Startseite","item":"https:\/\/www.safeandhome.com\/"},{"@type":"ListItem","position":2,"name":"Gold"}]},{"@type":"WebSite","@id":"https:\/\/www.safeandhome.com\/#website","url":"https:\/\/www.safeandhome.com\/","name":"All Commodity Intertrading","description":"Ihr Schl\u00fcssel zur finanziellen Sicherheit","publisher":{"@id":"https:\/\/www.safeandhome.com\/#organization"},"potentialAction":[{"@type":"SearchAction","target":{"@type":"EntryPoint","urlTemplate":"https:\/\/www.safeandhome.com\/?s={search_term_string}"},"query-input":{"@type":"PropertyValueSpecification","valueRequired":true,"valueName":"search_term_string"}}],"inLanguage":"sk-SK"},{"@type":"Organization","@id":"https:\/\/www.safeandhome.com\/#organization","name":"All Commodity Intertrading","url":"https:\/\/www.safeandhome.com\/","logo":{"@type":"ImageObject","inLanguage":"sk-SK","@id":"https:\/\/www.safeandhome.com\/#\/schema\/logo\/image\/","url":"https:\/\/www.safeandhome.com\/wp-content\/uploads\/2020\/12\/Logo_transaprent-1.png","contentUrl":"https:\/\/www.safeandhome.com\/wp-content\/uploads\/2020\/12\/Logo_transaprent-1.png","width":580,"height":250,"caption":"All Commodity Intertrading"},"image":{"@id":"https:\/\/www.safeandhome.com\/#\/schema\/logo\/image\/"}}]}},"_links":{"self":[{"href":"https:\/\/www.safeandhome.com\/sk\/wp-json\/wp\/v2\/pages\/14","targetHints":{"allow":["GET"]}}],"collection":[{"href":"https:\/\/www.safeandhome.com\/sk\/wp-json\/wp\/v2\/pages"}],"about":[{"href":"https:\/\/www.safeandhome.com\/sk\/wp-json\/wp\/v2\/types\/page"}],"author":[{"embeddable":true,"href":"https:\/\/www.safeandhome.com\/sk\/wp-json\/wp\/v2\/users\/1"}],"replies":[{"embeddable":true,"href":"https:\/\/www.safeandhome.com\/sk\/wp-json\/wp\/v2\/comments?post=14"}],"version-history":[{"count":76,"href":"https:\/\/www.safeandhome.com\/sk\/wp-json\/wp\/v2\/pages\/14\/revisions"}],"predecessor-version":[{"id":892,"href":"https:\/\/www.safeandhome.com\/sk\/wp-json\/wp\/v2\/pages\/14\/revisions\/892"}],"wp:featuredmedia":[{"embeddable":true,"href":"https:\/\/www.safeandhome.com\/sk\/wp-json\/wp\/v2\/media\/386"}],"wp:attachment":[{"href":"https:\/\/www.safeandhome.com\/sk\/wp-json\/wp\/v2\/media?parent=14"}],"curies":[{"name":"wp","href":"https:\/\/api.w.org\/{rel}","templated":true}]}}