{"id":17,"date":"2020-10-31T09:53:22","date_gmt":"2020-10-31T09:53:22","guid":{"rendered":"https:\/\/www.safeandhome.com\/?page_id=17"},"modified":"2025-03-06T08:13:13","modified_gmt":"2025-03-06T08:13:13","slug":"aci-uber-uns","status":"publish","type":"page","link":"https:\/\/www.safeandhome.com\/hu\/aci-uber-uns\/","title":{"rendered":"About ACI"},"content":{"rendered":"<p>[vc_row][vc_column][vc_column_text][\/vc_column_text][\/vc_column][\/vc_row][vc_row css_animation=&#8221;fadeIn&#8221; css=&#8221;.vc_custom_1606842618498{margin-top: 30px !important;}&#8221;][vc_column][vc_column_text]In the selective choice of partner companies, the top priority for our actions is the quality, safety and long-term sustainability of precious metal purchases for the customers.<\/p>\n<p>ACI only buys for the customers certified gold from European refineries and stores it without exception in high-security safes at several locations in Austria and Germany.<\/p>\n<p>Only bullions are purchased that meet the London Bullion Market Association&#8217;s (LBMA) \u201cGood Delivery\u201d Specification.<\/p>\n<p>The LBMA rules describe the physical characteristics of bullions, such as high purity and standardized size.<\/p>\n<p>Bullions with these characteristics are used in the most important international markets (Hong Kong, London, New York, Sydney, Tokyo and Zurich) as well as in the gold reserves of governments, central banks and the International Monetary Fund (IMF).[\/vc_column_text][\/vc_column][\/vc_row][vc_row full_width=&#8221;stretch_row&#8221; css=&#8221;.vc_custom_1607004605405{background-color: #c39a48 !important;}&#8221; el_class=&#8221;gold-bg-repeat&#8221;][vc_column css_animation=&#8221;none&#8221;][vc_single_image image=&#8221;349&#8243; img_size=&#8221;full&#8221; alignment=&#8221;center&#8221; style=&#8221;vc_box_border&#8221; border_color=&#8221;white&#8221; css_animation=&#8221;fadeInDown&#8221;][vc_column_text css_animation=&#8221;fadeInUp&#8221;]<\/p>\n<h1 class=\"ceo-title\" style=\"text-align: center;\">Christian Pohl &amp; Klaus Schonfelder<\/h1>\n<h2 class=\"job-title\" style=\"text-align: center;\">Managing directors<\/h2>\n<p>[\/vc_column_text][\/vc_column][\/vc_row][vc_row css_animation=&#8221;fadeIn&#8221; css=&#8221;.vc_custom_1607085447722{margin-top: 0px !important;}&#8221; el_class=&#8221;disp-cent&#8221;][vc_column][vc_custom_heading text=&#8221;Your Benefit \u2013 Our Service&#8221; font_container=&#8221;tag:h1|text_align:center&#8221; css=&#8221;.vc_custom_1730724159902{margin-bottom: 30px !important;}&#8221;][\/vc_column][vc_column width=&#8221;1\/4&#8243; el_class=&#8221;abt-boxs border-gradient-purple&#8221;][vc_column_text]<img loading=\"lazy\" decoding=\"async\" class=\"alignnone size-full wp-image-44 aligncenter\" src=\"https:\/\/www.safeandhome.com\/wp-content\/uploads\/2020\/10\/award.png\" alt=\"\" width=\"49\" height=\"79\" \/><\/p>\n<p style=\"text-align: center;\">Verified Gold Quality<\/p>\n<p>[\/vc_column_text][\/vc_column][vc_column width=&#8221;1\/4&#8243; el_class=&#8221;abt-boxs border-gradient-purple&#8221;][vc_column_text]<img loading=\"lazy\" decoding=\"async\" class=\"alignnone size-full wp-image-44 aligncenter\" src=\"https:\/\/www.safeandhome.com\/wp-content\/uploads\/2020\/10\/award.png\" alt=\"\" width=\"49\" height=\"79\" \/><\/p>\n<p style=\"text-align: center;\">Attractive Purchase Price<\/p>\n<p>[\/vc_column_text][\/vc_column][vc_column width=&#8221;1\/4&#8243; el_class=&#8221;abt-boxs border-gradient-purple&#8221;][vc_column_text]<img loading=\"lazy\" decoding=\"async\" class=\"alignnone size-full wp-image-44 aligncenter\" src=\"https:\/\/www.safeandhome.com\/wp-content\/uploads\/2020\/10\/award.png\" alt=\"\" width=\"49\" height=\"79\" \/><\/p>\n<p style=\"text-align: center;\">Confidentiality, Discretion and Security<\/p>\n<p>[\/vc_column_text][\/vc_column][vc_column width=&#8221;1\/4&#8243; el_class=&#8221;abt-boxs border-gradient-purple&#8221;][vc_column_text]<img loading=\"lazy\" decoding=\"async\" class=\"alignnone size-full wp-image-44 aligncenter\" src=\"https:\/\/www.safeandhome.com\/wp-content\/uploads\/2020\/10\/award.png\" alt=\"\" width=\"49\" height=\"79\" \/><\/p>\n<p style=\"text-align: center;\">Direct Access To Your Personal Online Account<\/p>\n<p>[\/vc_column_text][\/vc_column][vc_column width=&#8221;1\/4&#8243; el_class=&#8221;abt-boxs border-gradient-purple&#8221;][vc_column_text]<img loading=\"lazy\" decoding=\"async\" class=\"alignnone size-full wp-image-44 aligncenter\" src=\"https:\/\/www.safeandhome.com\/wp-content\/uploads\/2020\/10\/award.png\" alt=\"\" width=\"49\" height=\"79\" \/><\/p>\n<p style=\"text-align: center;\">Easy Processing<\/p>\n<p>[\/vc_column_text][\/vc_column][vc_column width=&#8221;1\/4&#8243; el_class=&#8221;abt-boxs border-gradient-purple&#8221;][vc_column_text]<img loading=\"lazy\" decoding=\"async\" class=\"alignnone size-full wp-image-44 aligncenter\" src=\"https:\/\/www.safeandhome.com\/wp-content\/uploads\/2020\/10\/award.png\" alt=\"\" width=\"49\" height=\"79\" \/><\/p>\n<p style=\"text-align: center;\">Determine Your Own Terms of Buying and Selling<\/p>\n<p>[\/vc_column_text][\/vc_column][vc_column width=&#8221;1\/4&#8243; el_class=&#8221;abt-boxs border-gradient-purple&#8221;][vc_column_text]<img loading=\"lazy\" decoding=\"async\" class=\"alignnone size-full wp-image-44 aligncenter\" src=\"https:\/\/www.safeandhome.com\/wp-content\/uploads\/2020\/10\/award.png\" alt=\"\" width=\"49\" height=\"79\" \/><\/p>\n<p style=\"text-align: center;\">Individual Options for Storage and Delivery of Goods<\/p>\n<p>[\/vc_column_text][\/vc_column][vc_column width=&#8221;1\/4&#8243; el_class=&#8221;abt-boxs border-gradient-purple&#8221;][vc_column_text]<img loading=\"lazy\" decoding=\"async\" class=\"alignnone size-full wp-image-44 aligncenter\" src=\"https:\/\/www.safeandhome.com\/wp-content\/uploads\/2020\/10\/award.png\" alt=\"\" width=\"49\" height=\"79\" \/><\/p>\n<p style=\"text-align: center;\">Transparency and Access to Latest Market Information<\/p>\n<p>[\/vc_column_text][\/vc_column][\/vc_row]<\/p>","protected":false},"excerpt":{"rendered":"<p>[vc_row][vc_column][vc_column_text][\/vc_column_text][\/vc_column][\/vc_row][vc_row css_animation=&#8221;fadeIn&#8221; css=&#8221;.vc_custom_1606842618498{margin-top: 30px !important;}&#8221;][vc_column][vc_column_text]In the selective choice of partner companies, the top priority for our actions is the quality, safety and long-term sustainability of precious metal purchases for the customers. ACI only buys for the customers certified gold from European refineries and stores it without exception in high-security safes at several locations in Austria [&hellip;]<\/p>\n","protected":false},"author":1,"featured_media":429,"parent":0,"menu_order":0,"comment_status":"closed","ping_status":"closed","template":"template_inner.php","meta":{"footnotes":""},"class_list":["post-17","page","type-page","status-publish","has-post-thumbnail","hentry"],"yoast_head":"<!-- This site is optimized with the Yoast SEO plugin v26.2 - https:\/\/yoast.com\/wordpress\/plugins\/seo\/ -->\n<title>About ACI - All Commodity Intertrading<\/title>\n<meta name=\"robots\" content=\"index, follow, max-snippet:-1, max-image-preview:large, max-video-preview:-1\" \/>\n<link rel=\"canonical\" href=\"https:\/\/www.safeandhome.com\/cz\/aci-uber-uns\/\" \/>\n<meta property=\"og:locale\" content=\"hu_HU\" \/>\n<meta property=\"og:type\" content=\"article\" \/>\n<meta property=\"og:title\" content=\"[:de]\u00dcber uns[:en]About ACI[:sk]O n\u00e1s[:hu]About ACI[:cz]O n\u00e1s[:] - All Commodity Intertrading\" \/>\n<meta property=\"og:description\" content=\"[vc_row][vc_column][vc_column_text][\/vc_column_text][\/vc_column][\/vc_row][vc_row css_animation=&#8221;fadeIn&#8221; css=&#8221;.vc_custom_1606842618498{margin-top: 30px !important;}&#8221;][vc_column][vc_column_text]In the selective choice of partner companies, the top priority for our actions is the quality, safety and long-term sustainability of precious metal purchases for the customers. ACI only buys for the customers certified gold from European refineries and stores it without exception in high-security safes at several locations in Austria [&hellip;]\" \/>\n<meta property=\"og:url\" content=\"https:\/\/www.safeandhome.com\/cz\/aci-uber-uns\/\" \/>\n<meta property=\"og:site_name\" content=\"All Commodity Intertrading\" \/>\n<meta property=\"article:modified_time\" content=\"2025-03-06T08:13:13+00:00\" \/>\n<meta property=\"og:image\" content=\"https:\/\/www.safeandhome.com\/wp-content\/uploads\/2020\/12\/about4-scaled.jpg\" \/>\n\t<meta property=\"og:image:width\" content=\"2560\" \/>\n\t<meta property=\"og:image:height\" content=\"686\" \/>\n\t<meta property=\"og:image:type\" content=\"image\/jpeg\" \/>\n<meta name=\"twitter:card\" content=\"summary_large_image\" \/>\n<meta name=\"twitter:label1\" content=\"Becs\u00fclt olvas\u00e1si id\u0151\" \/>\n\t<meta name=\"twitter:data1\" content=\"11 perc\" \/>\n<script type=\"application\/ld+json\" class=\"yoast-schema-graph\">{\"@context\":\"https:\/\/schema.org\",\"@graph\":[{\"@type\":\"WebPage\",\"@id\":\"https:\/\/www.safeandhome.com\/cz\/aci-uber-uns\/\",\"url\":\"https:\/\/www.safeandhome.com\/cz\/aci-uber-uns\/\",\"name\":\"[:de]\u00dcber uns[:en]About ACI[:sk]O n\u00e1s[:hu]About ACI[:cz]O n\u00e1s[:] - All Commodity Intertrading\",\"isPartOf\":{\"@id\":\"https:\/\/www.safeandhome.com\/#website\"},\"primaryImageOfPage\":{\"@id\":\"https:\/\/www.safeandhome.com\/cz\/aci-uber-uns\/#primaryimage\"},\"image\":{\"@id\":\"https:\/\/www.safeandhome.com\/cz\/aci-uber-uns\/#primaryimage\"},\"thumbnailUrl\":\"https:\/\/www.safeandhome.com\/wp-content\/uploads\/2020\/12\/about4-scaled.jpg\",\"datePublished\":\"2020-10-31T09:53:22+00:00\",\"dateModified\":\"2025-03-06T08:13:13+00:00\",\"breadcrumb\":{\"@id\":\"https:\/\/www.safeandhome.com\/cz\/aci-uber-uns\/#breadcrumb\"},\"inLanguage\":\"hu\",\"potentialAction\":[{\"@type\":\"ReadAction\",\"target\":[\"https:\/\/www.safeandhome.com\/cz\/aci-uber-uns\/\"]}]},{\"@type\":\"ImageObject\",\"inLanguage\":\"hu\",\"@id\":\"https:\/\/www.safeandhome.com\/cz\/aci-uber-uns\/#primaryimage\",\"url\":\"https:\/\/www.safeandhome.com\/wp-content\/uploads\/2020\/12\/about4-scaled.jpg\",\"contentUrl\":\"https:\/\/www.safeandhome.com\/wp-content\/uploads\/2020\/12\/about4-scaled.jpg\",\"width\":2560,\"height\":686},{\"@type\":\"BreadcrumbList\",\"@id\":\"https:\/\/www.safeandhome.com\/cz\/aci-uber-uns\/#breadcrumb\",\"itemListElement\":[{\"@type\":\"ListItem\",\"position\":1,\"name\":\"Startseite\",\"item\":\"https:\/\/www.safeandhome.com\/\"},{\"@type\":\"ListItem\",\"position\":2,\"name\":\"O n\u00e1s\"}]},{\"@type\":\"WebSite\",\"@id\":\"https:\/\/www.safeandhome.com\/#website\",\"url\":\"https:\/\/www.safeandhome.com\/\",\"name\":\"All Commodity Intertrading\",\"description\":\"Ihr Schl\u00fcssel zur finanziellen Sicherheit\",\"publisher\":{\"@id\":\"https:\/\/www.safeandhome.com\/#organization\"},\"potentialAction\":[{\"@type\":\"SearchAction\",\"target\":{\"@type\":\"EntryPoint\",\"urlTemplate\":\"https:\/\/www.safeandhome.com\/?s={search_term_string}\"},\"query-input\":{\"@type\":\"PropertyValueSpecification\",\"valueRequired\":true,\"valueName\":\"search_term_string\"}}],\"inLanguage\":\"hu\"},{\"@type\":\"Organization\",\"@id\":\"https:\/\/www.safeandhome.com\/#organization\",\"name\":\"All Commodity Intertrading\",\"url\":\"https:\/\/www.safeandhome.com\/\",\"logo\":{\"@type\":\"ImageObject\",\"inLanguage\":\"hu\",\"@id\":\"https:\/\/www.safeandhome.com\/#\/schema\/logo\/image\/\",\"url\":\"https:\/\/www.safeandhome.com\/wp-content\/uploads\/2020\/12\/Logo_transaprent-1.png\",\"contentUrl\":\"https:\/\/www.safeandhome.com\/wp-content\/uploads\/2020\/12\/Logo_transaprent-1.png\",\"width\":580,\"height\":250,\"caption\":\"All Commodity Intertrading\"},\"image\":{\"@id\":\"https:\/\/www.safeandhome.com\/#\/schema\/logo\/image\/\"}}]}<\/script>\n<!-- \/ Yoast SEO plugin. -->","yoast_head_json":{"title":"[:de]\u00dcber uns[:en]About ACI[:sk]O n\u00e1s[:hu]About ACI[:cz]O n\u00e1s[:] - All Commodity Intertrading","robots":{"index":"index","follow":"follow","max-snippet":"max-snippet:-1","max-image-preview":"max-image-preview:large","max-video-preview":"max-video-preview:-1"},"canonical":"https:\/\/www.safeandhome.com\/cz\/aci-uber-uns\/","og_locale":"hu_HU","og_type":"article","og_title":"[:de]\u00dcber uns[:en]About ACI[:sk]O n\u00e1s[:hu]About ACI[:cz]O n\u00e1s[:] - All Commodity Intertrading","og_description":"[vc_row][vc_column][vc_column_text][\/vc_column_text][\/vc_column][\/vc_row][vc_row css_animation=&#8221;fadeIn&#8221; css=&#8221;.vc_custom_1606842618498{margin-top: 30px !important;}&#8221;][vc_column][vc_column_text]In the selective choice of partner companies, the top priority for our actions is the quality, safety and long-term sustainability of precious metal purchases for the customers. ACI only buys for the customers certified gold from European refineries and stores it without exception in high-security safes at several locations in Austria [&hellip;]","og_url":"https:\/\/www.safeandhome.com\/cz\/aci-uber-uns\/","og_site_name":"All Commodity Intertrading","article_modified_time":"2025-03-06T08:13:13+00:00","og_image":[{"width":2560,"height":686,"url":"https:\/\/www.safeandhome.com\/wp-content\/uploads\/2020\/12\/about4-scaled.jpg","type":"image\/jpeg"}],"twitter_card":"summary_large_image","twitter_misc":{"Becs\u00fclt olvas\u00e1si id\u0151":"11 perc"},"schema":{"@context":"https:\/\/schema.org","@graph":[{"@type":"WebPage","@id":"https:\/\/www.safeandhome.com\/cz\/aci-uber-uns\/","url":"https:\/\/www.safeandhome.com\/cz\/aci-uber-uns\/","name":"[:de]\u00dcber uns[:en]About ACI[:sk]O n\u00e1s[:hu]About ACI[:cz]O n\u00e1s[:] - All Commodity Intertrading","isPartOf":{"@id":"https:\/\/www.safeandhome.com\/#website"},"primaryImageOfPage":{"@id":"https:\/\/www.safeandhome.com\/cz\/aci-uber-uns\/#primaryimage"},"image":{"@id":"https:\/\/www.safeandhome.com\/cz\/aci-uber-uns\/#primaryimage"},"thumbnailUrl":"https:\/\/www.safeandhome.com\/wp-content\/uploads\/2020\/12\/about4-scaled.jpg","datePublished":"2020-10-31T09:53:22+00:00","dateModified":"2025-03-06T08:13:13+00:00","breadcrumb":{"@id":"https:\/\/www.safeandhome.com\/cz\/aci-uber-uns\/#breadcrumb"},"inLanguage":"hu","potentialAction":[{"@type":"ReadAction","target":["https:\/\/www.safeandhome.com\/cz\/aci-uber-uns\/"]}]},{"@type":"ImageObject","inLanguage":"hu","@id":"https:\/\/www.safeandhome.com\/cz\/aci-uber-uns\/#primaryimage","url":"https:\/\/www.safeandhome.com\/wp-content\/uploads\/2020\/12\/about4-scaled.jpg","contentUrl":"https:\/\/www.safeandhome.com\/wp-content\/uploads\/2020\/12\/about4-scaled.jpg","width":2560,"height":686},{"@type":"BreadcrumbList","@id":"https:\/\/www.safeandhome.com\/cz\/aci-uber-uns\/#breadcrumb","itemListElement":[{"@type":"ListItem","position":1,"name":"Startseite","item":"https:\/\/www.safeandhome.com\/"},{"@type":"ListItem","position":2,"name":"O n\u00e1s"}]},{"@type":"WebSite","@id":"https:\/\/www.safeandhome.com\/#website","url":"https:\/\/www.safeandhome.com\/","name":"All Commodity Intertrading","description":"Ihr Schl\u00fcssel zur finanziellen Sicherheit","publisher":{"@id":"https:\/\/www.safeandhome.com\/#organization"},"potentialAction":[{"@type":"SearchAction","target":{"@type":"EntryPoint","urlTemplate":"https:\/\/www.safeandhome.com\/?s={search_term_string}"},"query-input":{"@type":"PropertyValueSpecification","valueRequired":true,"valueName":"search_term_string"}}],"inLanguage":"hu"},{"@type":"Organization","@id":"https:\/\/www.safeandhome.com\/#organization","name":"All Commodity Intertrading","url":"https:\/\/www.safeandhome.com\/","logo":{"@type":"ImageObject","inLanguage":"hu","@id":"https:\/\/www.safeandhome.com\/#\/schema\/logo\/image\/","url":"https:\/\/www.safeandhome.com\/wp-content\/uploads\/2020\/12\/Logo_transaprent-1.png","contentUrl":"https:\/\/www.safeandhome.com\/wp-content\/uploads\/2020\/12\/Logo_transaprent-1.png","width":580,"height":250,"caption":"All Commodity Intertrading"},"image":{"@id":"https:\/\/www.safeandhome.com\/#\/schema\/logo\/image\/"}}]}},"_links":{"self":[{"href":"https:\/\/www.safeandhome.com\/hu\/wp-json\/wp\/v2\/pages\/17","targetHints":{"allow":["GET"]}}],"collection":[{"href":"https:\/\/www.safeandhome.com\/hu\/wp-json\/wp\/v2\/pages"}],"about":[{"href":"https:\/\/www.safeandhome.com\/hu\/wp-json\/wp\/v2\/types\/page"}],"author":[{"embeddable":true,"href":"https:\/\/www.safeandhome.com\/hu\/wp-json\/wp\/v2\/users\/1"}],"replies":[{"embeddable":true,"href":"https:\/\/www.safeandhome.com\/hu\/wp-json\/wp\/v2\/comments?post=17"}],"version-history":[{"count":110,"href":"https:\/\/www.safeandhome.com\/hu\/wp-json\/wp\/v2\/pages\/17\/revisions"}],"predecessor-version":[{"id":623,"href":"https:\/\/www.safeandhome.com\/hu\/wp-json\/wp\/v2\/pages\/17\/revisions\/623"}],"wp:featuredmedia":[{"embeddable":true,"href":"https:\/\/www.safeandhome.com\/hu\/wp-json\/wp\/v2\/media\/429"}],"wp:attachment":[{"href":"https:\/\/www.safeandhome.com\/hu\/wp-json\/wp\/v2\/media?parent=17"}],"curies":[{"name":"wp","href":"https:\/\/api.w.org\/{rel}","templated":true}]}}