{"id":14,"date":"2020-10-31T09:53:04","date_gmt":"2020-10-31T09:53:04","guid":{"rendered":"https:\/\/www.safeandhome.com\/?page_id=14"},"modified":"2025-12-11T10:57:30","modified_gmt":"2025-12-11T08:57:30","slug":"gold","status":"publish","type":"page","link":"https:\/\/www.safeandhome.com\/hu\/gold\/","title":{"rendered":"Gold"},"content":{"rendered":"<p><\/p>\n<p>[vc_row css=&#8221;.vc_custom_1606842578936{margin-top: 30px !important;}&#8221;][vc_column css_animation=&#8221;fadeIn&#8221;][vc_column_text]Precious metals are everlasting. Gold is synonymous with security and stability. Gold is the epitome of human prosperity, durability and highly independent preservation of value.[\/vc_column_text][\/vc_column][\/vc_row][vc_row el_id=&#8221;Sicherheit&#8221;][vc_column css_animation=&#8221;none&#8221; width=&#8221;1\/2&#8243;][vc_single_image image=&#8221;422&#8243; img_size=&#8221;full&#8221; el_class=&#8221;res-only&#8221;][vc_custom_heading text=&#8221;One of the Most<br \/>\nValuable Precious Metals&#8221; font_container=&#8221;tag:h1|text_align:left&#8221;][vc_separator][vc_column_text]Gold\u2019s myth and popularity is deep-rooted in its long and prosperous history,thus reflecting people\u2019s future expectations in gold\u2019s ability to retain its value across time.<\/p>\n<p>One of the main motives behind every purchase of gold is the fear of deterioration of value of other currencies \u2013 in particular, of paper money. Gold has the unique ability of being able to maintain its worth \u2013 even while banks and countries are in dire financial straits and stock prices are falling, gold can still be traded and sold.<\/p>\n<p>Owning gold enables one to withstand even the harshest of crises and yet manages preserve its value despite deep cuts in the economy and society brought about by structural and political change.[\/vc_column_text][\/vc_column][vc_column css_animation=&#8221;none&#8221; width=&#8221;1\/2&#8243;][vc_single_image image=&#8221;422&#8243; img_size=&#8221;full&#8221; el_class=&#8221;desk-only&#8221;][\/vc_column][\/vc_row][vc_row el_id=&#8221;Superstar&#8221;][vc_column css_animation=&#8221;none&#8221; width=&#8221;1\/2&#8243;][vc_single_image image=&#8221;891&#8243; img_size=&#8221;full&#8221;][\/vc_column][vc_column css_animation=&#8221;none&#8221; width=&#8221;1\/2&#8243;][vc_custom_heading text=&#8221;The Superstar of the<br \/>\nPrecious Metal Family&#8221; font_container=&#8221;tag:h1|text_align:left&#8221;][vc_separator][vc_column_text]The scarcity of all precious metals, in particular gold, massively influences their price. Scarce commodities usually command high prices. The relevant literature on the topic of natural resources\/minerals assumes that one ton of earth rock contains merely four milligrams (four thousandth of a gram) of gold.<\/p>\n<p>This therefore leads to a natural restriction on the global supply, or the availability of gold. Demand, however, continues to grow. Access to gold has featured heavily in the 21st century. In addition China\u2019s decision to legalise the private ownership of gold is playing a relatively big role therein. A large chunk of the world\u2019s gold reserves is currently believed to have been exploited and either stored in central and commercial banks or taken the form of jewelry\/objects of value.[\/vc_column_text][\/vc_column][\/vc_row][vc_row el_id=&#8221;Nachfrage&#8221;][vc_column css_animation=&#8221;none&#8221; width=&#8221;1\/2&#8243;][vc_single_image image=&#8221;580&#8243; img_size=&#8221;full&#8221; el_class=&#8221;res-only&#8221;][vc_custom_heading text=&#8221;Never-Ending Demand<br \/>\n\u2013 Who Needs Gold?&#8221; font_container=&#8221;tag:h1|text_align:left&#8221;][vc_separator][vc_column_text]Gold is extremely versatile and can take many shapes or forms. It is used in many ways, spanning from its use in private households as jewelry, as high-value gifts and as a lasting value &#8222;reserve&#8221;, all the way to burial goods in India.<\/p>\n<p>It also serves as a reserve currency for central banks. In industry gold is deemed as being an essential commodity, owing to its specific physical and chemical properties.<\/p>\n<p>To obtain possession and to be able to protect the gold itself is not only of high importance to States and financial institutions, \u00a0but is also a clear goal for the individual.<\/p>\n<p>Having personal property is for many people a prerequisite to carrying out and fulfilling their life plans and being able to achieve their own goals.<\/p>\n<p>Savings accounts, land and real estate, stocks and mutual funds along with life insurance and pension provision products are just as essential as gold.[\/vc_column_text][\/vc_column][vc_column css_animation=&#8221;none&#8221; width=&#8221;1\/2&#8243;][vc_single_image image=&#8221;580&#8243; img_size=&#8221;full&#8221; el_class=&#8221;desk-only&#8221;][\/vc_column][\/vc_row][vc_row][vc_column css_animation=&#8221;none&#8221; width=&#8221;1\/2&#8243;][vc_single_image image=&#8221;579&#8243; img_size=&#8221;full&#8221;][\/vc_column][vc_column css_animation=&#8221;none&#8221; width=&#8221;1\/2&#8243;][vc_custom_heading text=&#8221;Will Gold be the Commodity<br \/>\nof the 21st Century?&#8221; font_container=&#8221;tag:h1|text_align:left&#8221;][vc_separator][vc_column_text]In the 21st Century, gold could get a new (old) meaning: The present age is characterised by a currently unforeseeable long period of uncertainty. Challenges that were unheard of for many decades and were certainly not discussed publicly, have forced us to change processes and bring about radical changes in the global power structure.A growing proportion of the world&#8217;s population considers itself to again be facing existential challenges, especially in the industrialized states of Europe and the USA.<\/p>\n<p>The only thing that we can be certain of at the beginning of this century seems to be we must live with the fact that the rapid and ongoing changes unto themselves are going to remain a part of our world and economy. In times of uncertainty, gold is and was always a sought after good, therefore making gold the raw material and commodity of the century![\/vc_column_text][\/vc_column][\/vc_row]<\/p>\n<p><\/p>","protected":false},"excerpt":{"rendered":"<p>[vc_row css=&#8221;.vc_custom_1606842578936{margin-top: 30px !important;}&#8221;][vc_column css_animation=&#8221;fadeIn&#8221;][vc_column_text]Precious metals are everlasting. Gold is synonymous with security and stability. Gold is the epitome of human prosperity, durability and highly independent preservation of value.[\/vc_column_text][\/vc_column][\/vc_row][vc_row el_id=&#8221;Sicherheit&#8221;][vc_column css_animation=&#8221;none&#8221; width=&#8221;1\/2&#8243;][vc_single_image image=&#8221;422&#8243; img_size=&#8221;full&#8221; el_class=&#8221;res-only&#8221;][vc_custom_heading text=&#8221;One of the Most Valuable Precious Metals&#8221; font_container=&#8221;tag:h1|text_align:left&#8221;][vc_separator][vc_column_text]Gold\u2019s myth and popularity is deep-rooted in its long and prosperous history,thus reflecting [&hellip;]<\/p>\n","protected":false},"author":1,"featured_media":386,"parent":0,"menu_order":0,"comment_status":"closed","ping_status":"closed","template":"template_inner.php","meta":{"footnotes":""},"class_list":["post-14","page","type-page","status-publish","has-post-thumbnail","hentry"],"yoast_head":"<!-- This site is optimized with the Yoast SEO plugin v26.2 - https:\/\/yoast.com\/wordpress\/plugins\/seo\/ -->\n<title>Gold - All Commodity Intertrading<\/title>\n<meta name=\"robots\" content=\"index, follow, max-snippet:-1, max-image-preview:large, max-video-preview:-1\" \/>\n<link rel=\"canonical\" href=\"https:\/\/www.safeandhome.com\/gold\/\" \/>\n<meta property=\"og:locale\" content=\"hu_HU\" \/>\n<meta property=\"og:type\" content=\"article\" \/>\n<meta property=\"og:title\" content=\"[:de]Gold[:en]Gold[:sk]Zlato[:hu]Gold[:cz]Zlato[:] - All Commodity Intertrading\" \/>\n<meta property=\"og:description\" content=\"[vc_row css=&#8221;.vc_custom_1606842578936{margin-top: 30px !important;}&#8221;][vc_column css_animation=&#8221;fadeIn&#8221;][vc_column_text]Precious metals are everlasting. Gold is synonymous with security and stability. Gold is the epitome of human prosperity, durability and highly independent preservation of value.[\/vc_column_text][\/vc_column][\/vc_row][vc_row el_id=&#8221;Sicherheit&#8221;][vc_column css_animation=&#8221;none&#8221; width=&#8221;1\/2&#8243;][vc_single_image image=&#8221;422&#8243; img_size=&#8221;full&#8221; el_class=&#8221;res-only&#8221;][vc_custom_heading text=&#8221;One of the Most Valuable Precious Metals&#8221; font_container=&#8221;tag:h1|text_align:left&#8221;][vc_separator][vc_column_text]Gold\u2019s myth and popularity is deep-rooted in its long and prosperous history,thus reflecting [&hellip;]\" \/>\n<meta property=\"og:url\" content=\"https:\/\/www.safeandhome.com\/gold\/\" \/>\n<meta property=\"og:site_name\" content=\"All Commodity Intertrading\" \/>\n<meta property=\"article:modified_time\" content=\"2025-12-11T08:57:30+00:00\" \/>\n<meta property=\"og:image\" content=\"https:\/\/www.safeandhome.com\/wp-content\/uploads\/2020\/12\/Produkte-1024x415.png\" \/>\n\t<meta property=\"og:image:width\" content=\"1024\" \/>\n\t<meta property=\"og:image:height\" content=\"415\" \/>\n\t<meta property=\"og:image:type\" content=\"image\/png\" \/>\n<meta name=\"twitter:card\" content=\"summary_large_image\" \/>\n<meta name=\"twitter:label1\" content=\"Becs\u00fclt olvas\u00e1si id\u0151\" \/>\n\t<meta name=\"twitter:data1\" content=\"17 perc\" \/>\n<script type=\"application\/ld+json\" class=\"yoast-schema-graph\">{\"@context\":\"https:\/\/schema.org\",\"@graph\":[{\"@type\":\"WebPage\",\"@id\":\"https:\/\/www.safeandhome.com\/gold\/\",\"url\":\"https:\/\/www.safeandhome.com\/gold\/\",\"name\":\"[:de]Gold[:en]Gold[:sk]Zlato[:hu]Gold[:cz]Zlato[:] - All Commodity Intertrading\",\"isPartOf\":{\"@id\":\"https:\/\/www.safeandhome.com\/#website\"},\"primaryImageOfPage\":{\"@id\":\"https:\/\/www.safeandhome.com\/gold\/#primaryimage\"},\"image\":{\"@id\":\"https:\/\/www.safeandhome.com\/gold\/#primaryimage\"},\"thumbnailUrl\":\"https:\/\/www.safeandhome.com\/wp-content\/uploads\/2020\/12\/Produkte.png\",\"datePublished\":\"2020-10-31T09:53:04+00:00\",\"dateModified\":\"2025-12-11T08:57:30+00:00\",\"breadcrumb\":{\"@id\":\"https:\/\/www.safeandhome.com\/gold\/#breadcrumb\"},\"inLanguage\":\"hu\",\"potentialAction\":[{\"@type\":\"ReadAction\",\"target\":[\"https:\/\/www.safeandhome.com\/gold\/\"]}]},{\"@type\":\"ImageObject\",\"inLanguage\":\"hu\",\"@id\":\"https:\/\/www.safeandhome.com\/gold\/#primaryimage\",\"url\":\"https:\/\/www.safeandhome.com\/wp-content\/uploads\/2020\/12\/Produkte.png\",\"contentUrl\":\"https:\/\/www.safeandhome.com\/wp-content\/uploads\/2020\/12\/Produkte.png\",\"width\":5483,\"height\":2223},{\"@type\":\"BreadcrumbList\",\"@id\":\"https:\/\/www.safeandhome.com\/gold\/#breadcrumb\",\"itemListElement\":[{\"@type\":\"ListItem\",\"position\":1,\"name\":\"Startseite\",\"item\":\"https:\/\/www.safeandhome.com\/\"},{\"@type\":\"ListItem\",\"position\":2,\"name\":\"Gold\"}]},{\"@type\":\"WebSite\",\"@id\":\"https:\/\/www.safeandhome.com\/#website\",\"url\":\"https:\/\/www.safeandhome.com\/\",\"name\":\"All Commodity Intertrading\",\"description\":\"Ihr Schl\u00fcssel zur finanziellen Sicherheit\",\"publisher\":{\"@id\":\"https:\/\/www.safeandhome.com\/#organization\"},\"potentialAction\":[{\"@type\":\"SearchAction\",\"target\":{\"@type\":\"EntryPoint\",\"urlTemplate\":\"https:\/\/www.safeandhome.com\/?s={search_term_string}\"},\"query-input\":{\"@type\":\"PropertyValueSpecification\",\"valueRequired\":true,\"valueName\":\"search_term_string\"}}],\"inLanguage\":\"hu\"},{\"@type\":\"Organization\",\"@id\":\"https:\/\/www.safeandhome.com\/#organization\",\"name\":\"All Commodity Intertrading\",\"url\":\"https:\/\/www.safeandhome.com\/\",\"logo\":{\"@type\":\"ImageObject\",\"inLanguage\":\"hu\",\"@id\":\"https:\/\/www.safeandhome.com\/#\/schema\/logo\/image\/\",\"url\":\"https:\/\/www.safeandhome.com\/wp-content\/uploads\/2020\/12\/Logo_transaprent-1.png\",\"contentUrl\":\"https:\/\/www.safeandhome.com\/wp-content\/uploads\/2020\/12\/Logo_transaprent-1.png\",\"width\":580,\"height\":250,\"caption\":\"All Commodity Intertrading\"},\"image\":{\"@id\":\"https:\/\/www.safeandhome.com\/#\/schema\/logo\/image\/\"}}]}<\/script>\n<!-- \/ Yoast SEO plugin. -->","yoast_head_json":{"title":"[:de]Gold[:en]Gold[:sk]Zlato[:hu]Gold[:cz]Zlato[:] - All Commodity Intertrading","robots":{"index":"index","follow":"follow","max-snippet":"max-snippet:-1","max-image-preview":"max-image-preview:large","max-video-preview":"max-video-preview:-1"},"canonical":"https:\/\/www.safeandhome.com\/gold\/","og_locale":"hu_HU","og_type":"article","og_title":"[:de]Gold[:en]Gold[:sk]Zlato[:hu]Gold[:cz]Zlato[:] - All Commodity Intertrading","og_description":"[vc_row css=&#8221;.vc_custom_1606842578936{margin-top: 30px !important;}&#8221;][vc_column css_animation=&#8221;fadeIn&#8221;][vc_column_text]Precious metals are everlasting. Gold is synonymous with security and stability. Gold is the epitome of human prosperity, durability and highly independent preservation of value.[\/vc_column_text][\/vc_column][\/vc_row][vc_row el_id=&#8221;Sicherheit&#8221;][vc_column css_animation=&#8221;none&#8221; width=&#8221;1\/2&#8243;][vc_single_image image=&#8221;422&#8243; img_size=&#8221;full&#8221; el_class=&#8221;res-only&#8221;][vc_custom_heading text=&#8221;One of the Most Valuable Precious Metals&#8221; font_container=&#8221;tag:h1|text_align:left&#8221;][vc_separator][vc_column_text]Gold\u2019s myth and popularity is deep-rooted in its long and prosperous history,thus reflecting [&hellip;]","og_url":"https:\/\/www.safeandhome.com\/gold\/","og_site_name":"All Commodity Intertrading","article_modified_time":"2025-12-11T08:57:30+00:00","og_image":[{"width":1024,"height":415,"url":"https:\/\/www.safeandhome.com\/wp-content\/uploads\/2020\/12\/Produkte-1024x415.png","type":"image\/png"}],"twitter_card":"summary_large_image","twitter_misc":{"Becs\u00fclt olvas\u00e1si id\u0151":"17 perc"},"schema":{"@context":"https:\/\/schema.org","@graph":[{"@type":"WebPage","@id":"https:\/\/www.safeandhome.com\/gold\/","url":"https:\/\/www.safeandhome.com\/gold\/","name":"[:de]Gold[:en]Gold[:sk]Zlato[:hu]Gold[:cz]Zlato[:] - All Commodity Intertrading","isPartOf":{"@id":"https:\/\/www.safeandhome.com\/#website"},"primaryImageOfPage":{"@id":"https:\/\/www.safeandhome.com\/gold\/#primaryimage"},"image":{"@id":"https:\/\/www.safeandhome.com\/gold\/#primaryimage"},"thumbnailUrl":"https:\/\/www.safeandhome.com\/wp-content\/uploads\/2020\/12\/Produkte.png","datePublished":"2020-10-31T09:53:04+00:00","dateModified":"2025-12-11T08:57:30+00:00","breadcrumb":{"@id":"https:\/\/www.safeandhome.com\/gold\/#breadcrumb"},"inLanguage":"hu","potentialAction":[{"@type":"ReadAction","target":["https:\/\/www.safeandhome.com\/gold\/"]}]},{"@type":"ImageObject","inLanguage":"hu","@id":"https:\/\/www.safeandhome.com\/gold\/#primaryimage","url":"https:\/\/www.safeandhome.com\/wp-content\/uploads\/2020\/12\/Produkte.png","contentUrl":"https:\/\/www.safeandhome.com\/wp-content\/uploads\/2020\/12\/Produkte.png","width":5483,"height":2223},{"@type":"BreadcrumbList","@id":"https:\/\/www.safeandhome.com\/gold\/#breadcrumb","itemListElement":[{"@type":"ListItem","position":1,"name":"Startseite","item":"https:\/\/www.safeandhome.com\/"},{"@type":"ListItem","position":2,"name":"Gold"}]},{"@type":"WebSite","@id":"https:\/\/www.safeandhome.com\/#website","url":"https:\/\/www.safeandhome.com\/","name":"All Commodity Intertrading","description":"Ihr Schl\u00fcssel zur finanziellen Sicherheit","publisher":{"@id":"https:\/\/www.safeandhome.com\/#organization"},"potentialAction":[{"@type":"SearchAction","target":{"@type":"EntryPoint","urlTemplate":"https:\/\/www.safeandhome.com\/?s={search_term_string}"},"query-input":{"@type":"PropertyValueSpecification","valueRequired":true,"valueName":"search_term_string"}}],"inLanguage":"hu"},{"@type":"Organization","@id":"https:\/\/www.safeandhome.com\/#organization","name":"All Commodity Intertrading","url":"https:\/\/www.safeandhome.com\/","logo":{"@type":"ImageObject","inLanguage":"hu","@id":"https:\/\/www.safeandhome.com\/#\/schema\/logo\/image\/","url":"https:\/\/www.safeandhome.com\/wp-content\/uploads\/2020\/12\/Logo_transaprent-1.png","contentUrl":"https:\/\/www.safeandhome.com\/wp-content\/uploads\/2020\/12\/Logo_transaprent-1.png","width":580,"height":250,"caption":"All Commodity Intertrading"},"image":{"@id":"https:\/\/www.safeandhome.com\/#\/schema\/logo\/image\/"}}]}},"_links":{"self":[{"href":"https:\/\/www.safeandhome.com\/hu\/wp-json\/wp\/v2\/pages\/14","targetHints":{"allow":["GET"]}}],"collection":[{"href":"https:\/\/www.safeandhome.com\/hu\/wp-json\/wp\/v2\/pages"}],"about":[{"href":"https:\/\/www.safeandhome.com\/hu\/wp-json\/wp\/v2\/types\/page"}],"author":[{"embeddable":true,"href":"https:\/\/www.safeandhome.com\/hu\/wp-json\/wp\/v2\/users\/1"}],"replies":[{"embeddable":true,"href":"https:\/\/www.safeandhome.com\/hu\/wp-json\/wp\/v2\/comments?post=14"}],"version-history":[{"count":76,"href":"https:\/\/www.safeandhome.com\/hu\/wp-json\/wp\/v2\/pages\/14\/revisions"}],"predecessor-version":[{"id":892,"href":"https:\/\/www.safeandhome.com\/hu\/wp-json\/wp\/v2\/pages\/14\/revisions\/892"}],"wp:featuredmedia":[{"embeddable":true,"href":"https:\/\/www.safeandhome.com\/hu\/wp-json\/wp\/v2\/media\/386"}],"wp:attachment":[{"href":"https:\/\/www.safeandhome.com\/hu\/wp-json\/wp\/v2\/media?parent=14"}],"curies":[{"name":"wp","href":"https:\/\/api.w.org\/{rel}","templated":true}]}}