{"id":287,"date":"2020-12-02T15:53:57","date_gmt":"2020-12-02T15:53:57","guid":{"rendered":"https:\/\/www.safeandhome.com\/?page_id=287"},"modified":"2025-03-06T08:57:25","modified_gmt":"2025-03-06T08:57:25","slug":"disclaimer","status":"publish","type":"page","link":"https:\/\/www.safeandhome.com\/en\/disclaimer\/","title":{"rendered":"Disclaimer"},"content":{"rendered":"<p>[vc_row css=&#8221;.vc_custom_1606928573510{margin-top: 25px !important;}&#8221;][vc_column][vc_column_text]This webpage is to serve as a promotional document only. The information contained herein is not to be interpreted as investment or tax advice. This promotional information is not to be construed as being an offer, a recommendation or solicitation to making investment decisions of any kind.<br \/>\nPlease note that the information provided is by no means meant to replace any specific and appropriate product-related advice.<\/p>\n<p>All information contained in this content was compiled and produced by All Commodity Intertrading GmbH and is based on sources that have been deemed by All Commodity Intertrading GmbH to be reliable. Nevertheless, this warrants the fact that All Commodity Intertrading GmbH will not take on any form of responsibility for the accuracy or completeness of information contained herein and accepts no responsibility for any damage or loss that may result from the information or data provided herein. Excluded are damages caused that are due to intentional or grossly negligent acts.<\/p>\n<p>The opinions expressed herein solely reflect the conclusions reached by All Commodity Intertrading GmbH at the time of publication and are subject to future change without notice. This webpage may contain statements based on future expectations or estimations. Although these statements reflect the view and expectations of All Commodity Intertrading GmbH, actual developments and results may differ materially from those expressed or implied.<\/p>\n<p>Please also note that the value of an investment may fall as well as rise. Investors should therefore be willing and able to sustain losses of the capital invested up to a total loss (risk of total loss).Past investment activities or behaviours are not indicative of future developments.<\/p>\n<p>Reproduction or use of All Commodity Intertrading GmbH-created and published material \u2013 in whole or in part \u2013 is prohibited without the written consent of All Commodity Intertrading GmbH.[\/vc_column_text][\/vc_column][\/vc_row]<\/p>","protected":false},"excerpt":{"rendered":"<p>[vc_row css=&#8221;.vc_custom_1606928573510{margin-top: 25px !important;}&#8221;][vc_column][vc_column_text]This webpage is to serve as a promotional document only. The information contained herein is not to be interpreted as investment or tax advice. This promotional information is not to be construed as being an offer, a recommendation or solicitation to making investment decisions of any kind. Please note that the information [&hellip;]<\/p>\n","protected":false},"author":1,"featured_media":429,"parent":0,"menu_order":0,"comment_status":"closed","ping_status":"closed","template":"template_inner.php","meta":{"footnotes":""},"class_list":["post-287","page","type-page","status-publish","has-post-thumbnail","hentry"],"yoast_head":"<!-- This site is optimized with the Yoast SEO plugin v26.2 - https:\/\/yoast.com\/wordpress\/plugins\/seo\/ -->\n<title>Disclaimer - All Commodity Intertrading<\/title>\n<meta name=\"robots\" content=\"index, follow, max-snippet:-1, max-image-preview:large, max-video-preview:-1\" \/>\n<link rel=\"canonical\" href=\"https:\/\/www.safeandhome.com\/cz\/disclaimer\/\" \/>\n<meta property=\"og:locale\" content=\"en_US\" \/>\n<meta property=\"og:type\" content=\"article\" \/>\n<meta property=\"og:title\" content=\"[:de]Haftungsausschluss[:en]Disclaimer[:sk]Vyl\u00fa\u010denie zodpovednosti[:hu]Disclaimer[:cz]Vyl\u00fa\u010denie zodpovednosti[:] - All Commodity Intertrading\" \/>\n<meta property=\"og:description\" content=\"[vc_row css=&#8221;.vc_custom_1606928573510{margin-top: 25px !important;}&#8221;][vc_column][vc_column_text]This webpage is to serve as a promotional document only. The information contained herein is not to be interpreted as investment or tax advice. This promotional information is not to be construed as being an offer, a recommendation or solicitation to making investment decisions of any kind. Please note that the information [&hellip;]\" \/>\n<meta property=\"og:url\" content=\"https:\/\/www.safeandhome.com\/cz\/disclaimer\/\" \/>\n<meta property=\"og:site_name\" content=\"All Commodity Intertrading\" \/>\n<meta property=\"article:modified_time\" content=\"2025-03-06T08:57:25+00:00\" \/>\n<meta property=\"og:image\" content=\"https:\/\/www.safeandhome.com\/wp-content\/uploads\/2020\/12\/about4-scaled.jpg\" \/>\n\t<meta property=\"og:image:width\" content=\"2560\" \/>\n\t<meta property=\"og:image:height\" content=\"686\" \/>\n\t<meta property=\"og:image:type\" content=\"image\/jpeg\" \/>\n<meta name=\"twitter:card\" content=\"summary_large_image\" \/>\n<meta name=\"twitter:label1\" content=\"Est. reading time\" \/>\n\t<meta name=\"twitter:data1\" content=\"8 minutes\" \/>\n<script type=\"application\/ld+json\" class=\"yoast-schema-graph\">{\"@context\":\"https:\/\/schema.org\",\"@graph\":[{\"@type\":\"WebPage\",\"@id\":\"https:\/\/www.safeandhome.com\/cz\/disclaimer\/\",\"url\":\"https:\/\/www.safeandhome.com\/cz\/disclaimer\/\",\"name\":\"[:de]Haftungsausschluss[:en]Disclaimer[:sk]Vyl\u00fa\u010denie zodpovednosti[:hu]Disclaimer[:cz]Vyl\u00fa\u010denie zodpovednosti[:] - All Commodity Intertrading\",\"isPartOf\":{\"@id\":\"https:\/\/www.safeandhome.com\/#website\"},\"primaryImageOfPage\":{\"@id\":\"https:\/\/www.safeandhome.com\/cz\/disclaimer\/#primaryimage\"},\"image\":{\"@id\":\"https:\/\/www.safeandhome.com\/cz\/disclaimer\/#primaryimage\"},\"thumbnailUrl\":\"https:\/\/www.safeandhome.com\/wp-content\/uploads\/2020\/12\/about4-scaled.jpg\",\"datePublished\":\"2020-12-02T15:53:57+00:00\",\"dateModified\":\"2025-03-06T08:57:25+00:00\",\"breadcrumb\":{\"@id\":\"https:\/\/www.safeandhome.com\/cz\/disclaimer\/#breadcrumb\"},\"inLanguage\":\"en-US\",\"potentialAction\":[{\"@type\":\"ReadAction\",\"target\":[\"https:\/\/www.safeandhome.com\/cz\/disclaimer\/\"]}]},{\"@type\":\"ImageObject\",\"inLanguage\":\"en-US\",\"@id\":\"https:\/\/www.safeandhome.com\/cz\/disclaimer\/#primaryimage\",\"url\":\"https:\/\/www.safeandhome.com\/wp-content\/uploads\/2020\/12\/about4-scaled.jpg\",\"contentUrl\":\"https:\/\/www.safeandhome.com\/wp-content\/uploads\/2020\/12\/about4-scaled.jpg\",\"width\":2560,\"height\":686},{\"@type\":\"BreadcrumbList\",\"@id\":\"https:\/\/www.safeandhome.com\/cz\/disclaimer\/#breadcrumb\",\"itemListElement\":[{\"@type\":\"ListItem\",\"position\":1,\"name\":\"Startseite\",\"item\":\"https:\/\/www.safeandhome.com\/\"},{\"@type\":\"ListItem\",\"position\":2,\"name\":\"Vyl\u00fa\u010denie zodpovednosti\"}]},{\"@type\":\"WebSite\",\"@id\":\"https:\/\/www.safeandhome.com\/#website\",\"url\":\"https:\/\/www.safeandhome.com\/\",\"name\":\"All Commodity Intertrading\",\"description\":\"Ihr Schl\u00fcssel zur finanziellen Sicherheit\",\"publisher\":{\"@id\":\"https:\/\/www.safeandhome.com\/#organization\"},\"potentialAction\":[{\"@type\":\"SearchAction\",\"target\":{\"@type\":\"EntryPoint\",\"urlTemplate\":\"https:\/\/www.safeandhome.com\/?s={search_term_string}\"},\"query-input\":{\"@type\":\"PropertyValueSpecification\",\"valueRequired\":true,\"valueName\":\"search_term_string\"}}],\"inLanguage\":\"en-US\"},{\"@type\":\"Organization\",\"@id\":\"https:\/\/www.safeandhome.com\/#organization\",\"name\":\"All Commodity Intertrading\",\"url\":\"https:\/\/www.safeandhome.com\/\",\"logo\":{\"@type\":\"ImageObject\",\"inLanguage\":\"en-US\",\"@id\":\"https:\/\/www.safeandhome.com\/#\/schema\/logo\/image\/\",\"url\":\"https:\/\/www.safeandhome.com\/wp-content\/uploads\/2020\/12\/Logo_transaprent-1.png\",\"contentUrl\":\"https:\/\/www.safeandhome.com\/wp-content\/uploads\/2020\/12\/Logo_transaprent-1.png\",\"width\":580,\"height\":250,\"caption\":\"All Commodity Intertrading\"},\"image\":{\"@id\":\"https:\/\/www.safeandhome.com\/#\/schema\/logo\/image\/\"}}]}<\/script>\n<!-- \/ Yoast SEO plugin. -->","yoast_head_json":{"title":"[:de]Haftungsausschluss[:en]Disclaimer[:sk]Vyl\u00fa\u010denie zodpovednosti[:hu]Disclaimer[:cz]Vyl\u00fa\u010denie zodpovednosti[:] - All Commodity Intertrading","robots":{"index":"index","follow":"follow","max-snippet":"max-snippet:-1","max-image-preview":"max-image-preview:large","max-video-preview":"max-video-preview:-1"},"canonical":"https:\/\/www.safeandhome.com\/cz\/disclaimer\/","og_locale":"en_US","og_type":"article","og_title":"[:de]Haftungsausschluss[:en]Disclaimer[:sk]Vyl\u00fa\u010denie zodpovednosti[:hu]Disclaimer[:cz]Vyl\u00fa\u010denie zodpovednosti[:] - All Commodity Intertrading","og_description":"[vc_row css=&#8221;.vc_custom_1606928573510{margin-top: 25px !important;}&#8221;][vc_column][vc_column_text]This webpage is to serve as a promotional document only. The information contained herein is not to be interpreted as investment or tax advice. This promotional information is not to be construed as being an offer, a recommendation or solicitation to making investment decisions of any kind. Please note that the information [&hellip;]","og_url":"https:\/\/www.safeandhome.com\/cz\/disclaimer\/","og_site_name":"All Commodity Intertrading","article_modified_time":"2025-03-06T08:57:25+00:00","og_image":[{"width":2560,"height":686,"url":"https:\/\/www.safeandhome.com\/wp-content\/uploads\/2020\/12\/about4-scaled.jpg","type":"image\/jpeg"}],"twitter_card":"summary_large_image","twitter_misc":{"Est. reading time":"8 minutes"},"schema":{"@context":"https:\/\/schema.org","@graph":[{"@type":"WebPage","@id":"https:\/\/www.safeandhome.com\/cz\/disclaimer\/","url":"https:\/\/www.safeandhome.com\/cz\/disclaimer\/","name":"[:de]Haftungsausschluss[:en]Disclaimer[:sk]Vyl\u00fa\u010denie zodpovednosti[:hu]Disclaimer[:cz]Vyl\u00fa\u010denie zodpovednosti[:] - All Commodity Intertrading","isPartOf":{"@id":"https:\/\/www.safeandhome.com\/#website"},"primaryImageOfPage":{"@id":"https:\/\/www.safeandhome.com\/cz\/disclaimer\/#primaryimage"},"image":{"@id":"https:\/\/www.safeandhome.com\/cz\/disclaimer\/#primaryimage"},"thumbnailUrl":"https:\/\/www.safeandhome.com\/wp-content\/uploads\/2020\/12\/about4-scaled.jpg","datePublished":"2020-12-02T15:53:57+00:00","dateModified":"2025-03-06T08:57:25+00:00","breadcrumb":{"@id":"https:\/\/www.safeandhome.com\/cz\/disclaimer\/#breadcrumb"},"inLanguage":"en-US","potentialAction":[{"@type":"ReadAction","target":["https:\/\/www.safeandhome.com\/cz\/disclaimer\/"]}]},{"@type":"ImageObject","inLanguage":"en-US","@id":"https:\/\/www.safeandhome.com\/cz\/disclaimer\/#primaryimage","url":"https:\/\/www.safeandhome.com\/wp-content\/uploads\/2020\/12\/about4-scaled.jpg","contentUrl":"https:\/\/www.safeandhome.com\/wp-content\/uploads\/2020\/12\/about4-scaled.jpg","width":2560,"height":686},{"@type":"BreadcrumbList","@id":"https:\/\/www.safeandhome.com\/cz\/disclaimer\/#breadcrumb","itemListElement":[{"@type":"ListItem","position":1,"name":"Startseite","item":"https:\/\/www.safeandhome.com\/"},{"@type":"ListItem","position":2,"name":"Vyl\u00fa\u010denie zodpovednosti"}]},{"@type":"WebSite","@id":"https:\/\/www.safeandhome.com\/#website","url":"https:\/\/www.safeandhome.com\/","name":"All Commodity Intertrading","description":"Ihr Schl\u00fcssel zur finanziellen Sicherheit","publisher":{"@id":"https:\/\/www.safeandhome.com\/#organization"},"potentialAction":[{"@type":"SearchAction","target":{"@type":"EntryPoint","urlTemplate":"https:\/\/www.safeandhome.com\/?s={search_term_string}"},"query-input":{"@type":"PropertyValueSpecification","valueRequired":true,"valueName":"search_term_string"}}],"inLanguage":"en-US"},{"@type":"Organization","@id":"https:\/\/www.safeandhome.com\/#organization","name":"All Commodity Intertrading","url":"https:\/\/www.safeandhome.com\/","logo":{"@type":"ImageObject","inLanguage":"en-US","@id":"https:\/\/www.safeandhome.com\/#\/schema\/logo\/image\/","url":"https:\/\/www.safeandhome.com\/wp-content\/uploads\/2020\/12\/Logo_transaprent-1.png","contentUrl":"https:\/\/www.safeandhome.com\/wp-content\/uploads\/2020\/12\/Logo_transaprent-1.png","width":580,"height":250,"caption":"All Commodity Intertrading"},"image":{"@id":"https:\/\/www.safeandhome.com\/#\/schema\/logo\/image\/"}}]}},"_links":{"self":[{"href":"https:\/\/www.safeandhome.com\/en\/wp-json\/wp\/v2\/pages\/287","targetHints":{"allow":["GET"]}}],"collection":[{"href":"https:\/\/www.safeandhome.com\/en\/wp-json\/wp\/v2\/pages"}],"about":[{"href":"https:\/\/www.safeandhome.com\/en\/wp-json\/wp\/v2\/types\/page"}],"author":[{"embeddable":true,"href":"https:\/\/www.safeandhome.com\/en\/wp-json\/wp\/v2\/users\/1"}],"replies":[{"embeddable":true,"href":"https:\/\/www.safeandhome.com\/en\/wp-json\/wp\/v2\/comments?post=287"}],"version-history":[{"count":15,"href":"https:\/\/www.safeandhome.com\/en\/wp-json\/wp\/v2\/pages\/287\/revisions"}],"predecessor-version":[{"id":626,"href":"https:\/\/www.safeandhome.com\/en\/wp-json\/wp\/v2\/pages\/287\/revisions\/626"}],"wp:featuredmedia":[{"embeddable":true,"href":"https:\/\/www.safeandhome.com\/en\/wp-json\/wp\/v2\/media\/429"}],"wp:attachment":[{"href":"https:\/\/www.safeandhome.com\/en\/wp-json\/wp\/v2\/media?parent=287"}],"curies":[{"name":"wp","href":"https:\/\/api.w.org\/{rel}","templated":true}]}}