{"id":285,"date":"2020-12-02T15:52:00","date_gmt":"2020-12-02T15:52:00","guid":{"rendered":"https:\/\/www.safeandhome.com\/?page_id=285"},"modified":"2025-03-06T09:02:45","modified_gmt":"2025-03-06T09:02:45","slug":"legalnotice","status":"publish","type":"page","link":"https:\/\/www.safeandhome.com\/en\/legalnotice\/","title":{"rendered":"Legal Notice"},"content":{"rendered":"<p>[vc_row css=&#8221;.vc_custom_1606928920009{margin-top: 25px !important;}&#8221;][vc_column][vc_column_text]<\/p>\n<h1>Legal Notice<\/h1>\n<p>Information in accordance with the duty to inform pursuant to \u00a75 of the E-Commerce Act, \u00a714 of the Austrian Commercial Code, \u00a763 of the Industrial Code and the duty to disclose pursuant to \u00a725 of the Media Act.<\/p>\n<p>All Commodity Intertrading GmbH<br \/>\nLiechtensteinstra\u00dfe 63\/6,<br \/>\n1090 Wien,<br \/>\n\u00d6sterreich<\/p>\n<p><strong>VAT-Number:<\/strong> ATU61394217<br \/>\n<strong>Corporate register number:<\/strong> FN 254730d<br \/>\n<strong>Corporate register court:<\/strong> LG f\u00fcr ZRS Wien<br \/>\n<strong>Company location:<\/strong> 1090 Wien<\/p>\n<p><strong>Phone:<\/strong> +43 (0)1 361 99 91<br \/>\n<strong>Email:<\/strong> <a href=\"mailto:office@aci-trading.com\">office@aci-trading.com<\/a><\/p>\n<p><strong>Member of:<\/strong> WKO, Landesinnung, etc.<br \/>\n<strong>Laws re. professions:<\/strong> Gewerbeordnung: www.ris.bka.gv.at<\/p>\n<p><strong>Awarding country:<\/strong> \u00d6sterreich<\/p>\n<p><strong>Chief executive<\/strong><br \/>\nChristian Pohl, Klaus Sch\u00f6nfelder<\/p>\n<p><strong>Bank detail Austria<\/strong><br \/>\nRaiffeisen<br \/>\nIBAN: AT88 3225 0000 0190 7567<br \/>\nBIC: RLNWATWWGTD<\/p>\n<p><strong>Bank details Slovakia<\/strong><br \/>\nTatra Banka a.s.<br \/>\nIBAN: SK11 1100 0000 0029 4805 8062<br \/>\nBIC: TATRSKBXXXX<\/p>\n<p>Oberbank Bratislava<br \/>\nIBAN: SK75 8370 0000 0023 0179 2004<br \/>\nBIC: OBKLSKBA<\/p>\n<p><strong>Bank details Czech Republic (EUR)<\/strong><br \/>\n\u010cesk\u00e1 spo\u0159itelna<br \/>\nIBAN: CZ67 0800 0000 0019 8006 0213<br \/>\nBIC: GIBACZPX<\/p>\n<p>Oberbank Praha<br \/>\nIBAN: CZ53 8040 0000 0020 0121 4261<br \/>\nBIC: OBKLCZ2X<\/p>\n<p><strong>Bank details Czech Republic (CZK)<\/strong><br \/>\n\u010cesk\u00e1 spo\u0159itelna<br \/>\nIBAN: CZ97 0800 0000 0054 4571 1369<br \/>\nBIC: GIBACZPX<\/p>\n<p>Oberbank Praha<br \/>\nIBAN: CZ03 8040 0000 0020 0121 4288<br \/>\nBIC: OBKLCZ2X<\/p>\n<p><strong>Contact details of the data protection controller<\/strong><\/p>\n<p>If you have any question about data protection, please find the contact details of the body or person responsible for data protection below:<br \/>\nAll Commodity Intertrading GmbH<br \/>\nLiechtensteinstra\u00dfe 63\/6, 1090 Wien, \u00d6sterreich<br \/>\nE-Mail: <a href=\"mailto:office@aci-trading.com\">office@aci-trading.com<\/a><\/p>\n<p>Phone: +43 (0)1 361 99 91<br \/>\nCompany details: <a href=\"https:\/\/www.safeandhome.com\/legalnotice\/\" target=\"_self\" rel=\"noopener\">https:\/\/www.safeandhome.com\/legalnotice\/<\/a><\/p>\n<h1 id=\"eu-streitschlichtung-en\">EU Dispute Resolution<\/h1>\n<p>We would like to inform you about the Online Dispute Resolution platform (ODR platform) in accordance with the regulation on Online Dispute Resolution in consumer matters (ODR Regulation).<br \/>\nConsumers have the option of submitting complaints to the European Commission\u2019s Online Dispute Resolution platform at <a href=\"https:\/\/ec.europa.eu\/consumers\/odr\/main\/?event=main.home2.show\" target=\"_blank\" rel=\"follow noopener\">https:\/\/ec.europa.eu\/consumers\/odr\/main\/?event=main.home2.show<\/a>. You will find the necessary contact details in our imprint above.<\/p>\n<p>However, we would like to note, that we are not willing or obliged to participate in dispute settlement procedures before a consumer arbitration board.<\/p>\n<h1 id=\"haftung-fuer-inhalte-dieser-webseite-en\">Liability for the Contents of this Website<\/h1>\n<p>We are constantly developing the content of this website and strive to provide correct and up-to-date information. Unfortunately, we cannot accept liability for the accuracy of any content on this website. This especially includes content provided by third parties. As a service provider, we are neither obliged to monitor any information you transmit or store, nor to investigate any circumstances that indicate illegal activity.<\/p>\n<p>Due to court- or official orders under the general law, our obligations to remove information or to block the use of information remain unaffected, even if we are not responsible.<\/p>\n<p>If you notice any problematic or illegal content, please contact us immediately so we can remove the illegal content. You will find our contact details in the imprint.<\/p>\n<h1 id=\"haftung-links-webseite-en\">Liability for Links on this Website<\/h1>\n<p>Our website contains links to other websites for which we are not responsible. We are not liable for any linked websites, since we have had no knowledge of illegal activities. If we ever become aware of any illegal activity, we will remove any links in question immediately.<\/p>\n<p>If you notice illegal links on our website, please contact us. You will find our contact details in the imprint.<\/p>\n<h1 id=\"urheberrechtshinweis-en\">Copyright Notice<\/h1>\n<p>All contents of this website (pictures, images, photos, texts, videos) are subject to copyright. Please ask us before distributing, reproducing or using the contents of this website \u2013 such as republishing them on other websites. If necessary, we will prosecute the unauthorised use of our website\u2019s content.<\/p>\n<p>If you find content on this website that violates copyright, please contact us.<\/p>\n<h1 id=\"bildernachweis-en\">Picture Credits<\/h1>\n<p>The pictures, images and graphics on this website are protected by copyright.<\/p>\n<p>All texts are copyrighted.<\/p>\n<p>Source: Created with the <a title=\"Impressum Generator Austria by AdSimple\" href=\"https:\/\/www.adsimple.at\/impressum-generator\/\">Impressum Generator Austria<\/a> by AdSimple[\/vc_column_text][\/vc_column][\/vc_row]<\/p>","protected":false},"excerpt":{"rendered":"<p>[vc_row css=&#8221;.vc_custom_1606928920009{margin-top: 25px !important;}&#8221;][vc_column][vc_column_text] Legal Notice Information in accordance with the duty to inform pursuant to \u00a75 of the E-Commerce Act, \u00a714 of the Austrian Commercial Code, \u00a763 of the Industrial Code and the duty to disclose pursuant to \u00a725 of the Media Act. All Commodity Intertrading GmbH Liechtensteinstra\u00dfe 63\/6, 1090 Wien, \u00d6sterreich VAT-Number: ATU61394217 [&hellip;]<\/p>\n","protected":false},"author":1,"featured_media":463,"parent":0,"menu_order":0,"comment_status":"closed","ping_status":"closed","template":"template_inner.php","meta":{"footnotes":""},"class_list":["post-285","page","type-page","status-publish","has-post-thumbnail","hentry"],"yoast_head":"<!-- This site is optimized with the Yoast SEO plugin v26.2 - https:\/\/yoast.com\/wordpress\/plugins\/seo\/ -->\n<title>Legal Notice - All Commodity Intertrading<\/title>\n<meta name=\"robots\" content=\"index, follow, max-snippet:-1, max-image-preview:large, max-video-preview:-1\" \/>\n<link rel=\"canonical\" href=\"https:\/\/www.safeandhome.com\/cz\/legalnotice\/\" \/>\n<meta property=\"og:locale\" content=\"en_US\" \/>\n<meta property=\"og:type\" content=\"article\" \/>\n<meta property=\"og:title\" content=\"[:de]Impressum[:en]Legal Notice[:sk]Impresum[:hu]Legal Notice[:cz]Impresum[:] - All Commodity Intertrading\" \/>\n<meta property=\"og:description\" content=\"[vc_row css=&#8221;.vc_custom_1606928920009{margin-top: 25px !important;}&#8221;][vc_column][vc_column_text] Legal Notice Information in accordance with the duty to inform pursuant to \u00a75 of the E-Commerce Act, \u00a714 of the Austrian Commercial Code, \u00a763 of the Industrial Code and the duty to disclose pursuant to \u00a725 of the Media Act. All Commodity Intertrading GmbH Liechtensteinstra\u00dfe 63\/6, 1090 Wien, \u00d6sterreich VAT-Number: ATU61394217 [&hellip;]\" \/>\n<meta property=\"og:url\" content=\"https:\/\/www.safeandhome.com\/cz\/legalnotice\/\" \/>\n<meta property=\"og:site_name\" content=\"All Commodity Intertrading\" \/>\n<meta property=\"article:modified_time\" content=\"2025-03-06T09:02:45+00:00\" \/>\n<meta property=\"og:image\" content=\"https:\/\/www.safeandhome.com\/wp-content\/uploads\/2020\/12\/Sicherheit-1-scaled.jpg\" \/>\n\t<meta property=\"og:image:width\" content=\"2560\" \/>\n\t<meta property=\"og:image:height\" content=\"1707\" \/>\n\t<meta property=\"og:image:type\" content=\"image\/jpeg\" \/>\n<meta name=\"twitter:card\" content=\"summary_large_image\" \/>\n<meta name=\"twitter:label1\" content=\"Est. reading time\" \/>\n\t<meta name=\"twitter:data1\" content=\"10 minutes\" \/>\n<script type=\"application\/ld+json\" class=\"yoast-schema-graph\">{\"@context\":\"https:\/\/schema.org\",\"@graph\":[{\"@type\":\"WebPage\",\"@id\":\"https:\/\/www.safeandhome.com\/cz\/legalnotice\/\",\"url\":\"https:\/\/www.safeandhome.com\/cz\/legalnotice\/\",\"name\":\"[:de]Impressum[:en]Legal Notice[:sk]Impresum[:hu]Legal Notice[:cz]Impresum[:] - All Commodity Intertrading\",\"isPartOf\":{\"@id\":\"https:\/\/www.safeandhome.com\/#website\"},\"primaryImageOfPage\":{\"@id\":\"https:\/\/www.safeandhome.com\/cz\/legalnotice\/#primaryimage\"},\"image\":{\"@id\":\"https:\/\/www.safeandhome.com\/cz\/legalnotice\/#primaryimage\"},\"thumbnailUrl\":\"https:\/\/www.safeandhome.com\/wp-content\/uploads\/2020\/12\/Sicherheit-1-scaled.jpg\",\"datePublished\":\"2020-12-02T15:52:00+00:00\",\"dateModified\":\"2025-03-06T09:02:45+00:00\",\"breadcrumb\":{\"@id\":\"https:\/\/www.safeandhome.com\/cz\/legalnotice\/#breadcrumb\"},\"inLanguage\":\"en-US\",\"potentialAction\":[{\"@type\":\"ReadAction\",\"target\":[\"https:\/\/www.safeandhome.com\/cz\/legalnotice\/\"]}]},{\"@type\":\"ImageObject\",\"inLanguage\":\"en-US\",\"@id\":\"https:\/\/www.safeandhome.com\/cz\/legalnotice\/#primaryimage\",\"url\":\"https:\/\/www.safeandhome.com\/wp-content\/uploads\/2020\/12\/Sicherheit-1-scaled.jpg\",\"contentUrl\":\"https:\/\/www.safeandhome.com\/wp-content\/uploads\/2020\/12\/Sicherheit-1-scaled.jpg\",\"width\":2560,\"height\":1707,\"caption\":\"Real estate agent and customers shaking hands together celebrating finished contract after about home insurance and investment loan, handshake and successful deal.\"},{\"@type\":\"BreadcrumbList\",\"@id\":\"https:\/\/www.safeandhome.com\/cz\/legalnotice\/#breadcrumb\",\"itemListElement\":[{\"@type\":\"ListItem\",\"position\":1,\"name\":\"Startseite\",\"item\":\"https:\/\/www.safeandhome.com\/\"},{\"@type\":\"ListItem\",\"position\":2,\"name\":\"Impresum\"}]},{\"@type\":\"WebSite\",\"@id\":\"https:\/\/www.safeandhome.com\/#website\",\"url\":\"https:\/\/www.safeandhome.com\/\",\"name\":\"All Commodity Intertrading\",\"description\":\"Ihr Schl\u00fcssel zur finanziellen Sicherheit\",\"publisher\":{\"@id\":\"https:\/\/www.safeandhome.com\/#organization\"},\"potentialAction\":[{\"@type\":\"SearchAction\",\"target\":{\"@type\":\"EntryPoint\",\"urlTemplate\":\"https:\/\/www.safeandhome.com\/?s={search_term_string}\"},\"query-input\":{\"@type\":\"PropertyValueSpecification\",\"valueRequired\":true,\"valueName\":\"search_term_string\"}}],\"inLanguage\":\"en-US\"},{\"@type\":\"Organization\",\"@id\":\"https:\/\/www.safeandhome.com\/#organization\",\"name\":\"All Commodity Intertrading\",\"url\":\"https:\/\/www.safeandhome.com\/\",\"logo\":{\"@type\":\"ImageObject\",\"inLanguage\":\"en-US\",\"@id\":\"https:\/\/www.safeandhome.com\/#\/schema\/logo\/image\/\",\"url\":\"https:\/\/www.safeandhome.com\/wp-content\/uploads\/2020\/12\/Logo_transaprent-1.png\",\"contentUrl\":\"https:\/\/www.safeandhome.com\/wp-content\/uploads\/2020\/12\/Logo_transaprent-1.png\",\"width\":580,\"height\":250,\"caption\":\"All Commodity Intertrading\"},\"image\":{\"@id\":\"https:\/\/www.safeandhome.com\/#\/schema\/logo\/image\/\"}}]}<\/script>\n<!-- \/ Yoast SEO plugin. -->","yoast_head_json":{"title":"[:de]Impressum[:en]Legal Notice[:sk]Impresum[:hu]Legal Notice[:cz]Impresum[:] - All Commodity Intertrading","robots":{"index":"index","follow":"follow","max-snippet":"max-snippet:-1","max-image-preview":"max-image-preview:large","max-video-preview":"max-video-preview:-1"},"canonical":"https:\/\/www.safeandhome.com\/cz\/legalnotice\/","og_locale":"en_US","og_type":"article","og_title":"[:de]Impressum[:en]Legal Notice[:sk]Impresum[:hu]Legal Notice[:cz]Impresum[:] - All Commodity Intertrading","og_description":"[vc_row css=&#8221;.vc_custom_1606928920009{margin-top: 25px !important;}&#8221;][vc_column][vc_column_text] Legal Notice Information in accordance with the duty to inform pursuant to \u00a75 of the E-Commerce Act, \u00a714 of the Austrian Commercial Code, \u00a763 of the Industrial Code and the duty to disclose pursuant to \u00a725 of the Media Act. All Commodity Intertrading GmbH Liechtensteinstra\u00dfe 63\/6, 1090 Wien, \u00d6sterreich VAT-Number: ATU61394217 [&hellip;]","og_url":"https:\/\/www.safeandhome.com\/cz\/legalnotice\/","og_site_name":"All Commodity Intertrading","article_modified_time":"2025-03-06T09:02:45+00:00","og_image":[{"width":2560,"height":1707,"url":"https:\/\/www.safeandhome.com\/wp-content\/uploads\/2020\/12\/Sicherheit-1-scaled.jpg","type":"image\/jpeg"}],"twitter_card":"summary_large_image","twitter_misc":{"Est. reading time":"10 minutes"},"schema":{"@context":"https:\/\/schema.org","@graph":[{"@type":"WebPage","@id":"https:\/\/www.safeandhome.com\/cz\/legalnotice\/","url":"https:\/\/www.safeandhome.com\/cz\/legalnotice\/","name":"[:de]Impressum[:en]Legal Notice[:sk]Impresum[:hu]Legal Notice[:cz]Impresum[:] - All Commodity Intertrading","isPartOf":{"@id":"https:\/\/www.safeandhome.com\/#website"},"primaryImageOfPage":{"@id":"https:\/\/www.safeandhome.com\/cz\/legalnotice\/#primaryimage"},"image":{"@id":"https:\/\/www.safeandhome.com\/cz\/legalnotice\/#primaryimage"},"thumbnailUrl":"https:\/\/www.safeandhome.com\/wp-content\/uploads\/2020\/12\/Sicherheit-1-scaled.jpg","datePublished":"2020-12-02T15:52:00+00:00","dateModified":"2025-03-06T09:02:45+00:00","breadcrumb":{"@id":"https:\/\/www.safeandhome.com\/cz\/legalnotice\/#breadcrumb"},"inLanguage":"en-US","potentialAction":[{"@type":"ReadAction","target":["https:\/\/www.safeandhome.com\/cz\/legalnotice\/"]}]},{"@type":"ImageObject","inLanguage":"en-US","@id":"https:\/\/www.safeandhome.com\/cz\/legalnotice\/#primaryimage","url":"https:\/\/www.safeandhome.com\/wp-content\/uploads\/2020\/12\/Sicherheit-1-scaled.jpg","contentUrl":"https:\/\/www.safeandhome.com\/wp-content\/uploads\/2020\/12\/Sicherheit-1-scaled.jpg","width":2560,"height":1707,"caption":"Real estate agent and customers shaking hands together celebrating finished contract after about home insurance and investment loan, handshake and successful deal."},{"@type":"BreadcrumbList","@id":"https:\/\/www.safeandhome.com\/cz\/legalnotice\/#breadcrumb","itemListElement":[{"@type":"ListItem","position":1,"name":"Startseite","item":"https:\/\/www.safeandhome.com\/"},{"@type":"ListItem","position":2,"name":"Impresum"}]},{"@type":"WebSite","@id":"https:\/\/www.safeandhome.com\/#website","url":"https:\/\/www.safeandhome.com\/","name":"All Commodity Intertrading","description":"Ihr Schl\u00fcssel zur finanziellen Sicherheit","publisher":{"@id":"https:\/\/www.safeandhome.com\/#organization"},"potentialAction":[{"@type":"SearchAction","target":{"@type":"EntryPoint","urlTemplate":"https:\/\/www.safeandhome.com\/?s={search_term_string}"},"query-input":{"@type":"PropertyValueSpecification","valueRequired":true,"valueName":"search_term_string"}}],"inLanguage":"en-US"},{"@type":"Organization","@id":"https:\/\/www.safeandhome.com\/#organization","name":"All Commodity Intertrading","url":"https:\/\/www.safeandhome.com\/","logo":{"@type":"ImageObject","inLanguage":"en-US","@id":"https:\/\/www.safeandhome.com\/#\/schema\/logo\/image\/","url":"https:\/\/www.safeandhome.com\/wp-content\/uploads\/2020\/12\/Logo_transaprent-1.png","contentUrl":"https:\/\/www.safeandhome.com\/wp-content\/uploads\/2020\/12\/Logo_transaprent-1.png","width":580,"height":250,"caption":"All Commodity Intertrading"},"image":{"@id":"https:\/\/www.safeandhome.com\/#\/schema\/logo\/image\/"}}]}},"_links":{"self":[{"href":"https:\/\/www.safeandhome.com\/en\/wp-json\/wp\/v2\/pages\/285","targetHints":{"allow":["GET"]}}],"collection":[{"href":"https:\/\/www.safeandhome.com\/en\/wp-json\/wp\/v2\/pages"}],"about":[{"href":"https:\/\/www.safeandhome.com\/en\/wp-json\/wp\/v2\/types\/page"}],"author":[{"embeddable":true,"href":"https:\/\/www.safeandhome.com\/en\/wp-json\/wp\/v2\/users\/1"}],"replies":[{"embeddable":true,"href":"https:\/\/www.safeandhome.com\/en\/wp-json\/wp\/v2\/comments?post=285"}],"version-history":[{"count":28,"href":"https:\/\/www.safeandhome.com\/en\/wp-json\/wp\/v2\/pages\/285\/revisions"}],"predecessor-version":[{"id":627,"href":"https:\/\/www.safeandhome.com\/en\/wp-json\/wp\/v2\/pages\/285\/revisions\/627"}],"wp:featuredmedia":[{"embeddable":true,"href":"https:\/\/www.safeandhome.com\/en\/wp-json\/wp\/v2\/media\/463"}],"wp:attachment":[{"href":"https:\/\/www.safeandhome.com\/en\/wp-json\/wp\/v2\/media?parent=285"}],"curies":[{"name":"wp","href":"https:\/\/api.w.org\/{rel}","templated":true}]}}