{"id":10,"date":"2020-10-31T09:50:41","date_gmt":"2020-10-31T09:50:41","guid":{"rendered":"https:\/\/www.safeandhome.com\/?page_id=10"},"modified":"2025-10-16T13:57:11","modified_gmt":"2025-10-16T13:57:11","slug":"home","status":"publish","type":"page","link":"https:\/\/www.safeandhome.com\/en\/","title":{"rendered":"Home"},"content":{"rendered":"<p>[vc_row][vc_column][\/vc_column][\/vc_row][vc_row full_width=&#8221;stretch_row_content&#8221;][vc_column width=&#8221;1\/3&#8243; css=&#8221;.vc_custom_1604752279585{padding-right: 0px !important;padding-left: 0px !important;}&#8221; el_class=&#8221;rollover-imgs&#8221;][vc_hoverbox image=&#8221;276&#8243; primary_title=&#8221;Security and Reliability&#8221; hover_title=&#8221;Security and Reliability&#8221; shape=&#8221;square&#8221;]<strong><span class=\"Stil4\">Gold as a Symbol of Security and Reliability<\/span><\/strong><br \/>\nGold is synonymous with security and reliability to the fact it has traditionally been used as a bargaining tool, trading currency and as jewellery for over thousands of years. Gold has fascinated mankind since the beginning of time: the gleaming precious metal is virtually irresistible owing to its charming appeal.[\/vc_hoverbox][\/vc_column][vc_column width=&#8221;1\/3&#8243; css=&#8221;.vc_custom_1604752163040{padding-right: 0px !important;padding-left: 0px !important;}&#8221; el_class=&#8221;rollover-imgs&#8221;][vc_hoverbox image=&#8221;275&#8243; primary_title=&#8221;Stability, Preservation of Value&#8221; hover_title=&#8221;Stability, Preservation of Value&#8221; shape=&#8221;square&#8221;]<strong><span class=\"Stil4\">Prosperity, stability, preservation of value<\/span><\/strong><br \/>\nGold is one of the most valuable precious metals. Its myth and its popularity are deep-rooted in its long and prosperous history. Gold has always been a status symbol and is treasured by a vast majority of the world\u2019s population. It also plays a vital role in securing the global monetary stability.[\/vc_hoverbox][\/vc_column][vc_column width=&#8221;1\/3&#8243; css=&#8221;.vc_custom_1604752168910{padding-right: 0px !important;padding-left: 0px !important;}&#8221; el_class=&#8221;rollover-imgs&#8221;][vc_hoverbox image=&#8221;277&#8243; primary_title=&#8221;Supply and Demand&#8221; hover_title=&#8221;Supply and Demand&#8221; shape=&#8221;square&#8221;]<span class=\"Stil4\"><strong>Gold \u2013 superstar of the precious metal family<\/strong><\/span><br \/>\nThe earth\u2019s gold deposits are limited. The mining of gold today is complicated and costly and it may not be industrially produced (at least not at an economically justifiable expense).[\/vc_hoverbox][\/vc_column][\/vc_row][vc_row full_width=&#8221;stretch_row&#8221; css=&#8221;.vc_custom_1606817959672{margin-bottom: 50px !important;padding-bottom: 50px !important;}&#8221; el_class=&#8221;res-bg&#8221;][vc_column width=&#8221;1\/2&#8243;][\/vc_column][vc_column css_animation=&#8221;fadeInRight&#8221; width=&#8221;1\/2&#8243; el_class=&#8221;res-remove-top-space&#8221;][vc_raw_html css=&#8221;.vc_custom_1607027788547{margin-bottom: 0px !important;padding-bottom: 0px !important;}&#8221;]JTNDbWFycXVlZSUyMGRpcmVjdGlvbiUzRCUyMnVwJTIyJTIwaGVpZ2h0JTNEJTIyNjAlMjIlMjBzY3JvbGxkZWxheSUzRCUyMjUwMCUyMiUzRSUzQ3AlMjBjbGFzcyUzRCUyMmdvbGQtbWFycXVlJTIyJTNFTWFrZSUyMHlvdXIlMjBtb25leSUyMGV2ZXJsYXN0aW5nJTIwd2l0aCUyMGdvbGQlMjBmcm9tJTIwQUNJJTNDJTJGcCUzRSUzQ2JyJTIwJTJGJTNFJTNDYnIlMjAlMkYlM0UlMEElM0NwJTIwY2xhc3MlM0QlMjJncmVlbi1tYXJxdWUlMjIlM0VZb3VyJTIwa2V5JTIwdG8lMjBmaW5hbmNpYWwlMjBzZWN1cml0eSUzQyUyRnAlM0UlM0MlMkZtYXJxdWVlJTNF[\/vc_raw_html][vc_custom_heading text=&#8221;Story of All Commodity Intertrading GmbH \/ ACI&#8221; font_container=&#8221;tag:h1|text_align:left&#8221;][vc_separator][vc_column_text]ACI has been offering extensive services for all aspects of trading in raw materials since 2004. As a result of the financial crisis in 2008, in which many investors lost money, and the resulting profound changes in the leading financial markets in Europe and around the world, as well as the steadily increasing demand for valuable raw materials, ACI decided in 2011 to focus on trading in precious metals.<\/p>\n<p>In 2012, the website was expanded into a modern processing platform for precious metals, especially gold. During the development, the focus was on transparency, professional information processing and customer-friendly access with up-to-date insight into the ACI gold account.<\/p>\n<p>To this day, we have steadily expanded and developed our services. Over a thousand sales partners and more than ten thousand customers in 4 countries have placed their trust in us. Above all, the security of the services we offer plays a decisive role.[\/vc_column_text][\/vc_column][\/vc_row][vc_row][vc_column css_animation=&#8221;fadeInDown&#8221;][vc_custom_heading text=&#8221;5 key factors<br \/>\nto consider when buying gold&#8221; font_container=&#8221;tag:h1|text_align:center&#8221;][vc_separator el_class=&#8221;home-cent-line&#8221;][\/vc_column][\/vc_row][vc_row full_width=&#8221;stretch_row&#8221; css=&#8221;.vc_custom_1607079750285{margin-top: 25px !important;background-image: url(https:\/\/www.safeandhome.com\/wp-content\/uploads\/2020\/12\/Tresor-scaled.jpg?id=434) !important;}&#8221; el_class=&#8221;gold-bg&#8221;][vc_column css_animation=&#8221;fadeInLeft&#8221; width=&#8221;2\/3&#8243;][vc_row_inner][vc_column_inner width=&#8221;2\/3&#8243;][vc_custom_heading text=&#8221;01&#8243; el_class=&#8221;points res-only&#8221;][vc_column_text el_class=&#8221;res-txt&#8221;]<\/p>\n<h1 style=\"text-align: right;\">Security<\/h1>\n<p style=\"text-align: right;\">Since the beginning, gold has been deemed to be precious and valuable. Time and time again \u2013 spanning centuries \u2013 Gold has consistently proven to be a stable investment. Gold provides a sense of security, especially in times where other forms of investment are losing value and credibility.<\/p>\n<p>[\/vc_column_text][\/vc_column_inner][vc_column_inner el_class=&#8221;border-space&#8221; width=&#8221;1\/3&#8243;][vc_custom_heading text=&#8221;01&#8243; el_class=&#8221;points desk-only&#8221;][\/vc_column_inner][\/vc_row_inner][vc_row_inner][vc_column_inner el_class=&#8221;border-space&#8221; width=&#8221;1\/3&#8243; css=&#8221;.vc_custom_1604228730122{margin-right: 20px !important;}&#8221;][vc_custom_heading text=&#8221;02&#8243; el_class=&#8221;points&#8221;][\/vc_column_inner][vc_column_inner width=&#8221;2\/3&#8243; css=&#8221;.vc_custom_1604228779571{padding-left: 20px !important;}&#8221;][vc_column_text el_class=&#8221;res-txt&#8221;]<\/p>\n<h1 style=\"text-align: left;\">Independence<\/h1>\n<p style=\"text-align: left;\">The security of gold results from its independence. The price of gold is not usually affected by the monetary policies of individual States, the securities markets, currency fluctuations, credit crunches and similar financial phenomena.<\/p>\n<p>[\/vc_column_text][\/vc_column_inner][\/vc_row_inner][vc_row_inner][vc_column_inner width=&#8221;2\/3&#8243;][vc_custom_heading text=&#8221;03&#8243; el_class=&#8221;points res-only&#8221;][vc_column_text el_class=&#8221;res-txt&#8221;]<\/p>\n<h1 style=\"text-align: right;\">Liquidity<\/h1>\n<p style=\"text-align: right;\">He who has gold always has money. Gold is traded around the clock, across the globe. Being in possession of high-quality gold gives one a form of \u201cinternational currency\u201d as it can always be sold or divested.<\/p>\n<p>[\/vc_column_text][\/vc_column_inner][vc_column_inner el_class=&#8221;border-space&#8221; width=&#8221;1\/3&#8243;][vc_custom_heading text=&#8221;03&#8243; el_class=&#8221;points desk-only&#8221;][\/vc_column_inner][\/vc_row_inner][vc_row_inner][vc_column_inner el_class=&#8221;border-space&#8221; width=&#8221;1\/3&#8243; css=&#8221;.vc_custom_1604228740448{margin-right: 20px !important;}&#8221;][vc_custom_heading text=&#8221;04&#8243; el_class=&#8221;points&#8221;][\/vc_column_inner][vc_column_inner width=&#8221;2\/3&#8243; css=&#8221;.vc_custom_1604228787366{padding-left: 20px !important;}&#8221;][vc_column_text el_class=&#8221;res-txt&#8221;]<\/p>\n<h1 style=\"text-align: left;\">Personal capital reserves<\/h1>\n<p>Central banks still rely on gold as a \u201cReserve instrument\u201d. Additionally, countless large institutional investors, mutual funds, pension funds and foundations invest a portion of their assets in gold. Numerous well-renowned experts advise private investors to make a long-term investment of 5-10% of their assets in gold.[\/vc_column_text][\/vc_column_inner][\/vc_row_inner][vc_row_inner el_class=&#8221;res-margin-bot&#8221;][vc_column_inner width=&#8221;2\/3&#8243;][vc_custom_heading text=&#8221;05&#8243; el_class=&#8221;points res-only&#8221;][vc_column_text el_class=&#8221;res-txt&#8221;]<\/p>\n<h1 style=\"text-align: right;\">Stability<\/h1>\n<p style=\"text-align: right;\">Despite price fluctuations on the occurring repeatedly on the open market, the value of gold has remained constant over time. Over the past few years, a very stable trend of rising gold prices has developed. Gold has the potential to become the raw material of the 21st century.<\/p>\n<p>[\/vc_column_text][\/vc_column_inner][vc_column_inner el_class=&#8221;border-space&#8221; width=&#8221;1\/3&#8243;][vc_custom_heading text=&#8221;05&#8243; el_class=&#8221;points desk-only&#8221;][\/vc_column_inner][\/vc_row_inner][\/vc_column][vc_column width=&#8221;1\/3&#8243;][\/vc_column][\/vc_row][vc_row content_placement=&#8221;middle&#8221; el_class=&#8221;cent&#8221; css=&#8221;.vc_custom_1604760949432{margin-top: 100px !important;}&#8221;][vc_column width=&#8221;2\/3&#8243; el_class=&#8221;testimonials&#8221;][vc_column_text el_class=&#8221;testimonials-txt&#8221;]<style id=\"sp_testimonial_dynamic_css146\">#sp-testimonial-free-wrapper-146 .sp-testimonial-free-section .testimonial-pagination span.swiper-pagination-bullet{background: #cccccc;}#sp-testimonial-free-wrapper-146 .sp-testimonial-free-section .testimonial-pagination span.swiper-pagination-bullet.swiper-pagination-bullet-active{background: #52b3d9;} #sp-testimonial-free-wrapper-146 .sp-testimonial-free-section .testimonial-nav-arrow{background: #777777;border: 0px solid #777777;color: #ffffff;}#sp-testimonial-free-wrapper-146 .sp-testimonial-free-section .testimonial-nav-arrow:hover {background: #52b3d9;border-color: #52b3d9;color: #ffffff;}#sp-testimonial-free-wrapper-146 .sp-testimonial-free-section{margin: 0 50px;}#sp-testimonial-free-wrapper-146 .sp-testimonial-free-section{margin-bottom: 50px;}#sp-testimonial-free-wrapper-146 .sp-testimonial-free-section .sp-testimonial-client-image img {background: #ffffff;border: 0px solid #dddddd;padding: 0px;}#sp-testimonial-free-wrapper-146 .sp-testimonial-free-section .sp-testimonial-client-image {text-align: center;}#sp-testimonial-free-wrapper-146 .sp-testimonial-free-section .sp-testimonial-client-rating{ display: inline-flex; gap: 2px;}#sp-testimonial-free-wrapper-146 .sp-testimonial-free-section .sp-testimonial-client-rating i.fa{ color: #ffb900; font-size: 19px;}#sp-testimonial-free-wrapper-146 .sp-testimonial-free-section .sp-testimonial-client-rating i.fa-star{color: #ffb900;}#sp-testimonial-free-wrapper-146 .sp-testimonial-free-section .sp-testimonial-client-designation{color: #444444;}#sp-testimonial-free-wrapper-146 .sp-testimonial-free-section .sp-testimonial-client-name{color: #333333;}#sp-testimonial-free-wrapper-146 .sp-testimonial-free-section .sp-testimonial-client-testimonial{color: #333333;}#sp-testimonial-free-wrapper-146 .sp-testimonial-free-section .sp-testimonial-title .sp-testimonial-post-title{color: #333333;}#sp-testimonial-free-wrapper-146 .sp-testimonial-free {background : transparent;border: 1px solid transparent;border-radius: 0px;}<\/style><div id=\"sp-testimonial-free-wrapper-146\" class=\"sp-testimonial-free-wrapper\"><div id=\"sp-testimonial-free-146\" class=\"sp-testimonial-free-section tfree-style-theme-one\" dir=\"ltr\" data-preloader=\"\" data-swiper='{&quot;dots&quot;: 1,&quot;pagination_type&quot;: &quot;dots&quot;, &quot;spaceBetween&quot;: 20, &quot;adaptiveHeight&quot;: false, &quot;pauseOnHover&quot;: true, &quot;slidesToShow&quot;: 1, &quot;speed&quot;: 600, &quot;arrows&quot;: &quot;1&quot;, &quot;autoplay&quot;: true, &quot;autoplaySpeed&quot;: 7000, &quot;swipe&quot;: true, &quot;swipeToSlide&quot;: false, &quot;draggable&quot;: true, &quot;freeMode&quot;: false, &quot;rtl&quot;: false, &quot;infinite&quot;: true,&quot;slidesPerView&quot;: {&quot;lg_desktop&quot;:1 , &quot;desktop&quot;: 1, &quot;laptop&quot;:1 , &quot;tablet&quot;: 1, &quot;mobile&quot;: 1},&quot;navigation_mobile&quot;: true, &quot;pagination_mobile&quot;:true, &quot;autoplay_mobile&quot;:true}' ><div class=\"swiper-wrapper\"><div class=\"sp-testimonial-item swiper-slide\"><div class=\"sp-testimonial-free\"><div class=\"sp-testimonial-client-image\"><img loading=\"lazy\" decoding=\"async\" width=\"120\" height=\"120\" src=\"https:\/\/www.safeandhome.com\/wp-content\/uploads\/2020\/11\/Testimonial-KS-120x120.jpg\" class=\"tfree-client-image wp-post-image\" alt=\"\" \/><\/div><div class=\"sp-testimonial-title\"><h3 class=\"sp-testimonial-post-title\">Klaus Sch\u00f6nfelder<\/h3><\/div><div class=\"sp-testimonial-client-testimonial\"><div class=\"sp-testimonial-content\"><div class=\"vc_row wpb_row vc_inner vc_row-fluid\"><div class=\"wpb_column vc_column_container vc_col-sm-8\"><div class=\"vc_column-inner vc_custom_1604228787366\"><div class=\"wpb_wrapper\"><div class=\"wpb_text_column wpb_content_element res-txt\"><div class=\"wpb_wrapper\"><p>&#8220;Gold has been considered precious and precious from the beginning. Over the last few centuries, gold has also proven to be a stable form of investment. Especially at a time when other forms of investment are losing value and credibility, gold offers security.&#8221;<\/p><\/div><\/div><\/div><\/div><\/div><\/div><\/div><\/div><h4 class=\"sp-testimonial-client-name\">Klaus Sch\u00f6nfelder<\/h4><div class=\"sp-testimonial-client-rating\"><i class=\"fa fa-star\" aria-hidden=\"true\"><\/i><i class=\"fa fa-star\" aria-hidden=\"true\"><\/i><i class=\"fa fa-star\" aria-hidden=\"true\"><\/i><i class=\"fa fa-star\" aria-hidden=\"true\"><\/i><i class=\"fa fa-star\" aria-hidden=\"true\"><\/i><\/div> <div class=\"sp-testimonial-client-designation\">CEO<\/div><\/div> <\/div> <div class=\"sp-testimonial-item swiper-slide\"><div class=\"sp-testimonial-free\"><div class=\"sp-testimonial-client-image\"><img loading=\"lazy\" decoding=\"async\" width=\"120\" height=\"120\" src=\"https:\/\/www.safeandhome.com\/wp-content\/uploads\/2020\/11\/Testimonial-CP-120x120.jpg\" class=\"tfree-client-image wp-post-image\" alt=\"\" \/><\/div><div class=\"sp-testimonial-title\"><h3 class=\"sp-testimonial-post-title\">Christian Pohl<\/h3><\/div><div class=\"sp-testimonial-client-testimonial\"><div class=\"sp-testimonial-content\"><div class=\"vc_row wpb_row vc_inner vc_row-fluid\"><div class=\"wpb_column vc_column_container vc_col-sm-8\"><div class=\"vc_column-inner vc_custom_1604228787366\"><div class=\"wpb_wrapper\"><div class=\"wpb_text_column wpb_content_element res-txt\"><div class=\"wpb_wrapper\"><p>\u201eGold is both an effective protection against inflation and a safe haven during financial crises. In the last 100 years gold has proven itself as a solid investment and is therefore also ideally suited as an addition to your own portfolio. &#8221;<\/p><\/div><\/div><\/div><\/div><\/div><\/div><\/div><\/div><h4 class=\"sp-testimonial-client-name\">Christian Pohl<\/h4><div class=\"sp-testimonial-client-rating\"><i class=\"fa fa-star\" aria-hidden=\"true\"><\/i><i class=\"fa fa-star\" aria-hidden=\"true\"><\/i><i class=\"fa fa-star\" aria-hidden=\"true\"><\/i><i class=\"fa fa-star\" aria-hidden=\"true\"><\/i><i class=\"fa fa-star\" aria-hidden=\"true\"><\/i><\/div> <div class=\"sp-testimonial-client-designation\">CEO<\/div><\/div> <\/div> <\/div><div class=\"swiper-pagination testimonial-pagination\"><\/div><div class=\"swiper-button-prev testimonial-nav-arrow vertical_center\"><i class=\"fa fa-angle-left\"><\/i><\/div><div class=\"swiper-button-next testimonial-nav-arrow vertical_center\"><i class=\"fa fa-angle-right\"><\/i><\/div><\/div><\/div>[\/vc_column_text][\/vc_column][\/vc_row][vc_row full_width=&#8221;stretch_row&#8221; el_class=&#8221;testimonial-bord&#8221;][vc_column][\/vc_column][\/vc_row]<\/p>","protected":false},"excerpt":{"rendered":"<p>[vc_row][vc_column][\/vc_column][\/vc_row][vc_row full_width=&#8221;stretch_row_content&#8221;][vc_column width=&#8221;1\/3&#8243; css=&#8221;.vc_custom_1604752279585{padding-right: 0px !important;padding-left: 0px !important;}&#8221; el_class=&#8221;rollover-imgs&#8221;][vc_hoverbox image=&#8221;276&#8243; primary_title=&#8221;Security and Reliability&#8221; hover_title=&#8221;Security and Reliability&#8221; shape=&#8221;square&#8221;]Gold as a Symbol of Security and Reliability Gold is synonymous with security and reliability to the fact it has traditionally been used as a bargaining tool, trading currency and as jewellery for over thousands of years. Gold has [&hellip;]<\/p>\n","protected":false},"author":1,"featured_media":0,"parent":0,"menu_order":0,"comment_status":"closed","ping_status":"closed","template":"","meta":{"footnotes":""},"class_list":["post-10","page","type-page","status-publish","hentry"],"yoast_head":"<!-- This site is optimized with the Yoast SEO plugin v26.2 - https:\/\/yoast.com\/wordpress\/plugins\/seo\/ -->\n<title>Home - All Commodity Intertrading<\/title>\n<meta name=\"robots\" content=\"index, follow, max-snippet:-1, max-image-preview:large, max-video-preview:-1\" \/>\n<link rel=\"canonical\" href=\"https:\/\/www.safeandhome.com\/\" \/>\n<meta property=\"og:locale\" content=\"en_US\" \/>\n<meta property=\"og:type\" content=\"article\" \/>\n<meta property=\"og:title\" content=\"[:de]Start[:en]Home[:sk]Domovsk\u00e1 str\u00e1nka[:hu]Home[:cz]Domovsk\u00e1 str\u00e1nka[:] - All Commodity Intertrading\" \/>\n<meta property=\"og:description\" content=\"[vc_row][vc_column][\/vc_column][\/vc_row][vc_row full_width=&#8221;stretch_row_content&#8221;][vc_column width=&#8221;1\/3&#8243; css=&#8221;.vc_custom_1604752279585{padding-right: 0px !important;padding-left: 0px !important;}&#8221; el_class=&#8221;rollover-imgs&#8221;][vc_hoverbox image=&#8221;276&#8243; primary_title=&#8221;Security and Reliability&#8221; hover_title=&#8221;Security and Reliability&#8221; shape=&#8221;square&#8221;]Gold as a Symbol of Security and Reliability Gold is synonymous with security and reliability to the fact it has traditionally been used as a bargaining tool, trading currency and as jewellery for over thousands of years. Gold has [&hellip;]\" \/>\n<meta property=\"og:url\" content=\"https:\/\/www.safeandhome.com\/\" \/>\n<meta property=\"og:site_name\" content=\"All Commodity Intertrading\" \/>\n<meta property=\"article:modified_time\" content=\"2025-10-16T13:57:11+00:00\" \/>\n<meta property=\"og:image\" content=\"https:\/\/www.safeandhome.com\/wp-content\/uploads\/2020\/12\/Logo_transaprent-1.png\" \/>\n\t<meta property=\"og:image:width\" content=\"580\" \/>\n\t<meta property=\"og:image:height\" content=\"250\" \/>\n\t<meta property=\"og:image:type\" content=\"image\/png\" \/>\n<meta name=\"twitter:card\" content=\"summary_large_image\" \/>\n<meta name=\"twitter:label1\" content=\"Est. reading time\" \/>\n\t<meta name=\"twitter:data1\" content=\"29 minutes\" \/>\n<script type=\"application\/ld+json\" class=\"yoast-schema-graph\">{\"@context\":\"https:\/\/schema.org\",\"@graph\":[{\"@type\":\"WebPage\",\"@id\":\"https:\/\/www.safeandhome.com\/\",\"url\":\"https:\/\/www.safeandhome.com\/\",\"name\":\"[:de]Start[:en]Home[:sk]Domovsk\u00e1 str\u00e1nka[:hu]Home[:cz]Domovsk\u00e1 str\u00e1nka[:] - All Commodity Intertrading\",\"isPartOf\":{\"@id\":\"https:\/\/www.safeandhome.com\/#website\"},\"datePublished\":\"2020-10-31T09:50:41+00:00\",\"dateModified\":\"2025-10-16T13:57:11+00:00\",\"breadcrumb\":{\"@id\":\"https:\/\/www.safeandhome.com\/#breadcrumb\"},\"inLanguage\":\"en-US\",\"potentialAction\":[{\"@type\":\"ReadAction\",\"target\":[\"https:\/\/www.safeandhome.com\/\"]}]},{\"@type\":\"BreadcrumbList\",\"@id\":\"https:\/\/www.safeandhome.com\/#breadcrumb\",\"itemListElement\":[{\"@type\":\"ListItem\",\"position\":1,\"name\":\"Startseite\",\"item\":\"https:\/\/www.safeandhome.com\/\"},{\"@type\":\"ListItem\",\"position\":2,\"name\":\"Start\"}]},{\"@type\":\"WebSite\",\"@id\":\"https:\/\/www.safeandhome.com\/#website\",\"url\":\"https:\/\/www.safeandhome.com\/\",\"name\":\"All Commodity Intertrading\",\"description\":\"Ihr Schl\u00fcssel zur finanziellen Sicherheit\",\"publisher\":{\"@id\":\"https:\/\/www.safeandhome.com\/#organization\"},\"potentialAction\":[{\"@type\":\"SearchAction\",\"target\":{\"@type\":\"EntryPoint\",\"urlTemplate\":\"https:\/\/www.safeandhome.com\/?s={search_term_string}\"},\"query-input\":{\"@type\":\"PropertyValueSpecification\",\"valueRequired\":true,\"valueName\":\"search_term_string\"}}],\"inLanguage\":\"en-US\"},{\"@type\":\"Organization\",\"@id\":\"https:\/\/www.safeandhome.com\/#organization\",\"name\":\"All Commodity Intertrading\",\"url\":\"https:\/\/www.safeandhome.com\/\",\"logo\":{\"@type\":\"ImageObject\",\"inLanguage\":\"en-US\",\"@id\":\"https:\/\/www.safeandhome.com\/#\/schema\/logo\/image\/\",\"url\":\"https:\/\/www.safeandhome.com\/wp-content\/uploads\/2020\/12\/Logo_transaprent-1.png\",\"contentUrl\":\"https:\/\/www.safeandhome.com\/wp-content\/uploads\/2020\/12\/Logo_transaprent-1.png\",\"width\":580,\"height\":250,\"caption\":\"All Commodity Intertrading\"},\"image\":{\"@id\":\"https:\/\/www.safeandhome.com\/#\/schema\/logo\/image\/\"}}]}<\/script>\n<!-- \/ Yoast SEO plugin. -->","yoast_head_json":{"title":"[:de]Start[:en]Home[:sk]Domovsk\u00e1 str\u00e1nka[:hu]Home[:cz]Domovsk\u00e1 str\u00e1nka[:] - All Commodity Intertrading","robots":{"index":"index","follow":"follow","max-snippet":"max-snippet:-1","max-image-preview":"max-image-preview:large","max-video-preview":"max-video-preview:-1"},"canonical":"https:\/\/www.safeandhome.com\/","og_locale":"en_US","og_type":"article","og_title":"[:de]Start[:en]Home[:sk]Domovsk\u00e1 str\u00e1nka[:hu]Home[:cz]Domovsk\u00e1 str\u00e1nka[:] - All Commodity Intertrading","og_description":"[vc_row][vc_column][\/vc_column][\/vc_row][vc_row full_width=&#8221;stretch_row_content&#8221;][vc_column width=&#8221;1\/3&#8243; css=&#8221;.vc_custom_1604752279585{padding-right: 0px !important;padding-left: 0px !important;}&#8221; el_class=&#8221;rollover-imgs&#8221;][vc_hoverbox image=&#8221;276&#8243; primary_title=&#8221;Security and Reliability&#8221; hover_title=&#8221;Security and Reliability&#8221; shape=&#8221;square&#8221;]Gold as a Symbol of Security and Reliability Gold is synonymous with security and reliability to the fact it has traditionally been used as a bargaining tool, trading currency and as jewellery for over thousands of years. Gold has [&hellip;]","og_url":"https:\/\/www.safeandhome.com\/","og_site_name":"All Commodity Intertrading","article_modified_time":"2025-10-16T13:57:11+00:00","og_image":[{"width":580,"height":250,"url":"https:\/\/www.safeandhome.com\/wp-content\/uploads\/2020\/12\/Logo_transaprent-1.png","type":"image\/png"}],"twitter_card":"summary_large_image","twitter_misc":{"Est. reading time":"29 minutes"},"schema":{"@context":"https:\/\/schema.org","@graph":[{"@type":"WebPage","@id":"https:\/\/www.safeandhome.com\/","url":"https:\/\/www.safeandhome.com\/","name":"[:de]Start[:en]Home[:sk]Domovsk\u00e1 str\u00e1nka[:hu]Home[:cz]Domovsk\u00e1 str\u00e1nka[:] - All Commodity Intertrading","isPartOf":{"@id":"https:\/\/www.safeandhome.com\/#website"},"datePublished":"2020-10-31T09:50:41+00:00","dateModified":"2025-10-16T13:57:11+00:00","breadcrumb":{"@id":"https:\/\/www.safeandhome.com\/#breadcrumb"},"inLanguage":"en-US","potentialAction":[{"@type":"ReadAction","target":["https:\/\/www.safeandhome.com\/"]}]},{"@type":"BreadcrumbList","@id":"https:\/\/www.safeandhome.com\/#breadcrumb","itemListElement":[{"@type":"ListItem","position":1,"name":"Startseite","item":"https:\/\/www.safeandhome.com\/"},{"@type":"ListItem","position":2,"name":"Start"}]},{"@type":"WebSite","@id":"https:\/\/www.safeandhome.com\/#website","url":"https:\/\/www.safeandhome.com\/","name":"All Commodity Intertrading","description":"Ihr Schl\u00fcssel zur finanziellen Sicherheit","publisher":{"@id":"https:\/\/www.safeandhome.com\/#organization"},"potentialAction":[{"@type":"SearchAction","target":{"@type":"EntryPoint","urlTemplate":"https:\/\/www.safeandhome.com\/?s={search_term_string}"},"query-input":{"@type":"PropertyValueSpecification","valueRequired":true,"valueName":"search_term_string"}}],"inLanguage":"en-US"},{"@type":"Organization","@id":"https:\/\/www.safeandhome.com\/#organization","name":"All Commodity Intertrading","url":"https:\/\/www.safeandhome.com\/","logo":{"@type":"ImageObject","inLanguage":"en-US","@id":"https:\/\/www.safeandhome.com\/#\/schema\/logo\/image\/","url":"https:\/\/www.safeandhome.com\/wp-content\/uploads\/2020\/12\/Logo_transaprent-1.png","contentUrl":"https:\/\/www.safeandhome.com\/wp-content\/uploads\/2020\/12\/Logo_transaprent-1.png","width":580,"height":250,"caption":"All Commodity Intertrading"},"image":{"@id":"https:\/\/www.safeandhome.com\/#\/schema\/logo\/image\/"}}]}},"_links":{"self":[{"href":"https:\/\/www.safeandhome.com\/en\/wp-json\/wp\/v2\/pages\/10","targetHints":{"allow":["GET"]}}],"collection":[{"href":"https:\/\/www.safeandhome.com\/en\/wp-json\/wp\/v2\/pages"}],"about":[{"href":"https:\/\/www.safeandhome.com\/en\/wp-json\/wp\/v2\/types\/page"}],"author":[{"embeddable":true,"href":"https:\/\/www.safeandhome.com\/en\/wp-json\/wp\/v2\/users\/1"}],"replies":[{"embeddable":true,"href":"https:\/\/www.safeandhome.com\/en\/wp-json\/wp\/v2\/comments?post=10"}],"version-history":[{"count":170,"href":"https:\/\/www.safeandhome.com\/en\/wp-json\/wp\/v2\/pages\/10\/revisions"}],"predecessor-version":[{"id":885,"href":"https:\/\/www.safeandhome.com\/en\/wp-json\/wp\/v2\/pages\/10\/revisions\/885"}],"wp:attachment":[{"href":"https:\/\/www.safeandhome.com\/en\/wp-json\/wp\/v2\/media?parent=10"}],"curies":[{"name":"wp","href":"https:\/\/api.w.org\/{rel}","templated":true}]}}