{"id":287,"date":"2020-12-02T15:53:57","date_gmt":"2020-12-02T15:53:57","guid":{"rendered":"https:\/\/www.safeandhome.com\/?page_id=287"},"modified":"2025-03-06T08:57:25","modified_gmt":"2025-03-06T08:57:25","slug":"disclaimer","status":"publish","type":"page","link":"https:\/\/www.safeandhome.com\/cz\/disclaimer\/","title":{"rendered":"Vyl\u00fa\u010denie zodpovednosti"},"content":{"rendered":"<p>[vc_row css=&#8221;.vc_custom_1606928552692{margin-top: 25px !important;}&#8221;][vc_column][vc_column_text]Tato webov\u00e1 str\u00e1nka slou\u017e\u00ed pouze jako reklamn\u00ed materi\u00e1l. Zde obsa\u017een\u00e9 informace nap\u0159edstavuj\u00ed ani investi\u010dn\u00ed, ani da\u0148ov\u00e9 nebo pr\u00e1vn\u00ed poradenstv\u00ed. Webov\u00e1 str\u00e1nka tak\u00e9 neobsahuje \u017e\u00e1dnou nab\u00eddku, doporu\u010den\u00ed nebo v\u00fdzvu k p\u0159ijet\u00ed investi\u010dn\u00edch rozhodnut\u00ed jak\u00e9hokoliv druhu.<br \/>\nTyto inform\u00e1cie p\u0159edev\u0161\u00edm nenahra\u017euj\u00ed \u017e\u00e1dn\u00e9 vhodn\u00e9 poradenstv\u00ed, zam\u011b\u0159en\u00e9 na investice a produkt.<\/p>\n<p>Ve\u0161ker\u00e9 informace, obsa\u017een\u00e9 na t\u00e9to webov\u00e9 str\u00e1nce, byly sestaven\u00e9 a zpracovan\u00e9 spole\u010dnost\u00ed\u00a0 All Commodity Intertrading GmbH.\u00a0Vych\u00e1zej\u00ed ze zdroj\u016f, kter\u00e9 spole\u010dnost pova\u017euje za spolehliv\u00e9.\u00a0 All Commodity Intertrading GmbH \u00a0p\u0159esto nep\u0159eb\u00edr\u00e1 zodpov\u011bdnost za spr\u00e1vnost a kompletnost zde obsa\u017eenut\u00fdch informac\u00ed a v \u017e\u00e1dn\u00e9m p\u0159\u00edpad\u011b neru\u010d\u00ed za \u0161kody nebo ztr\u00e1ty, je\u017e by mohly vypl\u00fdvat ze zde zve\u0159ejn\u011bn\u00fdch informac\u00ed a \u00fadaj\u016f. Uveden\u00e9 se nevztahuje na \u0161kody, zp\u016fsoben\u00e9 \u00famysln\u011b nebo hrubou nedbalost\u00ed. N\u00e1zory vyj\u00e1d\u0159en\u00e9 na t\u00e9to webov\u00e9 str\u00e1nce odr\u00e1\u017eej\u00ed odhad spole\u010dnosti\u00a0 All Commodity Intertrading GmbH\u00a0v okam\u017eiku zve\u0159ejn\u011bn\u00ed a mohou se v budoucnosti m\u011bnit bez p\u0159edchoz\u00edho ozn\u00e1men\u00ed. Webov\u00e1 str\u00e1nka m\u016f\u017ee obsahovat konstatov\u00e1n\u00ed zam\u011b\u0159en\u00e9 na budoucnost. I kdy\u017e tato konstatov\u00e1n\u00ed odr\u00e1\u017eej\u00ed n\u00e1zory a o\u010dek\u00e1v\u00e1n\u00ed spole\u010dnosti\u00a0 All Commodity Intertrading GmbH\u00a0z hlediska budoucnosti, m\u016f\u017ee se skute\u010dn\u00fd v\u00fdvoj a v\u00fdsledky podstatn\u011b li\u0161it od vyj\u00e1d\u0159en\u00fdch o\u010dek\u00e1v\u00e1n\u00ed. D\u00e1le pros\u00edme o zohledn\u011bn\u00ed skute\u010dnosti, \u017ee hodnota majetkov\u00e9 investice m\u016f\u017ee stoupat nebo klesat. Investo\u0159i mus\u00ed b\u00fdt z tohoto d\u016fvodu p\u0159ipraven\u00ed a schopni akceptovat ztr\u00e1ty investovan\u00e9ho kapit\u00e1lu (riziko tot\u00e1ln\u00ed ztr\u00e1ty).<br \/>\nV\u00fdvoj investic v minulosti nep\u0159ipou\u0161t\u00ed \u017e\u00e1dn\u00e9 z\u00e1v\u011bry pro budouc\u00ed v\u00fdvoj hodnoty.<\/p>\n<p>Kop\u00edrov\u00e1n\u00ed nebo pou\u017e\u00edv\u00e1n\u00ed obsah\u016f vyhotoven\u00fdch a zve\u0159ejnen\u00fdch spole\u010dnost\u00ed\u00a0 All Commodity Intertrading GmbH \u2013 a to kompletn\u00ed nebo \u010d\u00e1ste\u010dn\u00e9 \u2013 nen\u00ed dovolen\u00e9 bez p\u00edsemn\u00e9ho souhlasu spole\u010dnosti\u00a0 All Commodity Intertrading GmbH.[\/vc_column_text][\/vc_column][\/vc_row]<\/p>","protected":false},"excerpt":{"rendered":"<p>[vc_row css=&#8221;.vc_custom_1606928552692{margin-top: 25px !important;}&#8221;][vc_column][vc_column_text]Tato webov\u00e1 str\u00e1nka slou\u017e\u00ed pouze jako reklamn\u00ed materi\u00e1l. Zde obsa\u017een\u00e9 informace nap\u0159edstavuj\u00ed ani investi\u010dn\u00ed, ani da\u0148ov\u00e9 nebo pr\u00e1vn\u00ed poradenstv\u00ed. Webov\u00e1 str\u00e1nka tak\u00e9 neobsahuje \u017e\u00e1dnou nab\u00eddku, doporu\u010den\u00ed nebo v\u00fdzvu k p\u0159ijet\u00ed investi\u010dn\u00edch rozhodnut\u00ed jak\u00e9hokoliv druhu. Tyto inform\u00e1cie p\u0159edev\u0161\u00edm nenahra\u017euj\u00ed \u017e\u00e1dn\u00e9 vhodn\u00e9 poradenstv\u00ed, zam\u011b\u0159en\u00e9 na investice a produkt. Ve\u0161ker\u00e9 informace, obsa\u017een\u00e9 na t\u00e9to webov\u00e9 [&hellip;]<\/p>\n","protected":false},"author":1,"featured_media":429,"parent":0,"menu_order":0,"comment_status":"closed","ping_status":"closed","template":"template_inner.php","meta":{"footnotes":""},"class_list":["post-287","page","type-page","status-publish","has-post-thumbnail","hentry"],"yoast_head":"<!-- This site is optimized with the Yoast SEO plugin v26.2 - https:\/\/yoast.com\/wordpress\/plugins\/seo\/ -->\n<title>Vyl\u00fa\u010denie zodpovednosti - All Commodity Intertrading<\/title>\n<meta name=\"robots\" content=\"index, follow, max-snippet:-1, max-image-preview:large, max-video-preview:-1\" \/>\n<link rel=\"canonical\" href=\"https:\/\/www.safeandhome.com\/cz\/disclaimer\/\" \/>\n<meta property=\"og:locale\" content=\"en_US\" \/>\n<meta property=\"og:type\" content=\"article\" \/>\n<meta property=\"og:title\" content=\"[:de]Haftungsausschluss[:en]Disclaimer[:sk]Vyl\u00fa\u010denie zodpovednosti[:hu]Disclaimer[:cz]Vyl\u00fa\u010denie zodpovednosti[:] - All Commodity Intertrading\" \/>\n<meta property=\"og:description\" content=\"[vc_row css=&#8221;.vc_custom_1606928552692{margin-top: 25px !important;}&#8221;][vc_column][vc_column_text]Tato webov\u00e1 str\u00e1nka slou\u017e\u00ed pouze jako reklamn\u00ed materi\u00e1l. Zde obsa\u017een\u00e9 informace nap\u0159edstavuj\u00ed ani investi\u010dn\u00ed, ani da\u0148ov\u00e9 nebo pr\u00e1vn\u00ed poradenstv\u00ed. Webov\u00e1 str\u00e1nka tak\u00e9 neobsahuje \u017e\u00e1dnou nab\u00eddku, doporu\u010den\u00ed nebo v\u00fdzvu k p\u0159ijet\u00ed investi\u010dn\u00edch rozhodnut\u00ed jak\u00e9hokoliv druhu. Tyto inform\u00e1cie p\u0159edev\u0161\u00edm nenahra\u017euj\u00ed \u017e\u00e1dn\u00e9 vhodn\u00e9 poradenstv\u00ed, zam\u011b\u0159en\u00e9 na investice a produkt. Ve\u0161ker\u00e9 informace, obsa\u017een\u00e9 na t\u00e9to webov\u00e9 [&hellip;]\" \/>\n<meta property=\"og:url\" content=\"https:\/\/www.safeandhome.com\/cz\/disclaimer\/\" \/>\n<meta property=\"og:site_name\" content=\"All Commodity Intertrading\" \/>\n<meta property=\"article:modified_time\" content=\"2025-03-06T08:57:25+00:00\" \/>\n<meta property=\"og:image\" content=\"https:\/\/www.safeandhome.com\/wp-content\/uploads\/2020\/12\/about4-scaled.jpg\" \/>\n\t<meta property=\"og:image:width\" content=\"2560\" \/>\n\t<meta property=\"og:image:height\" content=\"686\" \/>\n\t<meta property=\"og:image:type\" content=\"image\/jpeg\" \/>\n<meta name=\"twitter:card\" content=\"summary_large_image\" \/>\n<meta name=\"twitter:label1\" content=\"Est. reading time\" \/>\n\t<meta name=\"twitter:data1\" content=\"8 minutes\" \/>\n<script type=\"application\/ld+json\" class=\"yoast-schema-graph\">{\"@context\":\"https:\/\/schema.org\",\"@graph\":[{\"@type\":\"WebPage\",\"@id\":\"https:\/\/www.safeandhome.com\/cz\/disclaimer\/\",\"url\":\"https:\/\/www.safeandhome.com\/cz\/disclaimer\/\",\"name\":\"[:de]Haftungsausschluss[:en]Disclaimer[:sk]Vyl\u00fa\u010denie zodpovednosti[:hu]Disclaimer[:cz]Vyl\u00fa\u010denie zodpovednosti[:] - All Commodity Intertrading\",\"isPartOf\":{\"@id\":\"https:\/\/www.safeandhome.com\/#website\"},\"primaryImageOfPage\":{\"@id\":\"https:\/\/www.safeandhome.com\/cz\/disclaimer\/#primaryimage\"},\"image\":{\"@id\":\"https:\/\/www.safeandhome.com\/cz\/disclaimer\/#primaryimage\"},\"thumbnailUrl\":\"https:\/\/www.safeandhome.com\/wp-content\/uploads\/2020\/12\/about4-scaled.jpg\",\"datePublished\":\"2020-12-02T15:53:57+00:00\",\"dateModified\":\"2025-03-06T08:57:25+00:00\",\"breadcrumb\":{\"@id\":\"https:\/\/www.safeandhome.com\/cz\/disclaimer\/#breadcrumb\"},\"inLanguage\":\"cz\",\"potentialAction\":[{\"@type\":\"ReadAction\",\"target\":[\"https:\/\/www.safeandhome.com\/cz\/disclaimer\/\"]}]},{\"@type\":\"ImageObject\",\"inLanguage\":\"cz\",\"@id\":\"https:\/\/www.safeandhome.com\/cz\/disclaimer\/#primaryimage\",\"url\":\"https:\/\/www.safeandhome.com\/wp-content\/uploads\/2020\/12\/about4-scaled.jpg\",\"contentUrl\":\"https:\/\/www.safeandhome.com\/wp-content\/uploads\/2020\/12\/about4-scaled.jpg\",\"width\":2560,\"height\":686},{\"@type\":\"BreadcrumbList\",\"@id\":\"https:\/\/www.safeandhome.com\/cz\/disclaimer\/#breadcrumb\",\"itemListElement\":[{\"@type\":\"ListItem\",\"position\":1,\"name\":\"Startseite\",\"item\":\"https:\/\/www.safeandhome.com\/\"},{\"@type\":\"ListItem\",\"position\":2,\"name\":\"Vyl\u00fa\u010denie zodpovednosti\"}]},{\"@type\":\"WebSite\",\"@id\":\"https:\/\/www.safeandhome.com\/#website\",\"url\":\"https:\/\/www.safeandhome.com\/\",\"name\":\"All Commodity Intertrading\",\"description\":\"Ihr Schl\u00fcssel zur finanziellen Sicherheit\",\"publisher\":{\"@id\":\"https:\/\/www.safeandhome.com\/#organization\"},\"potentialAction\":[{\"@type\":\"SearchAction\",\"target\":{\"@type\":\"EntryPoint\",\"urlTemplate\":\"https:\/\/www.safeandhome.com\/?s={search_term_string}\"},\"query-input\":{\"@type\":\"PropertyValueSpecification\",\"valueRequired\":true,\"valueName\":\"search_term_string\"}}],\"inLanguage\":\"cz\"},{\"@type\":\"Organization\",\"@id\":\"https:\/\/www.safeandhome.com\/#organization\",\"name\":\"All Commodity Intertrading\",\"url\":\"https:\/\/www.safeandhome.com\/\",\"logo\":{\"@type\":\"ImageObject\",\"inLanguage\":\"cz\",\"@id\":\"https:\/\/www.safeandhome.com\/#\/schema\/logo\/image\/\",\"url\":\"https:\/\/www.safeandhome.com\/wp-content\/uploads\/2020\/12\/Logo_transaprent-1.png\",\"contentUrl\":\"https:\/\/www.safeandhome.com\/wp-content\/uploads\/2020\/12\/Logo_transaprent-1.png\",\"width\":580,\"height\":250,\"caption\":\"All Commodity Intertrading\"},\"image\":{\"@id\":\"https:\/\/www.safeandhome.com\/#\/schema\/logo\/image\/\"}}]}<\/script>\n<!-- \/ Yoast SEO plugin. -->","yoast_head_json":{"title":"[:de]Haftungsausschluss[:en]Disclaimer[:sk]Vyl\u00fa\u010denie zodpovednosti[:hu]Disclaimer[:cz]Vyl\u00fa\u010denie zodpovednosti[:] - All Commodity Intertrading","robots":{"index":"index","follow":"follow","max-snippet":"max-snippet:-1","max-image-preview":"max-image-preview:large","max-video-preview":"max-video-preview:-1"},"canonical":"https:\/\/www.safeandhome.com\/cz\/disclaimer\/","og_locale":"en_US","og_type":"article","og_title":"[:de]Haftungsausschluss[:en]Disclaimer[:sk]Vyl\u00fa\u010denie zodpovednosti[:hu]Disclaimer[:cz]Vyl\u00fa\u010denie zodpovednosti[:] - All Commodity Intertrading","og_description":"[vc_row css=&#8221;.vc_custom_1606928552692{margin-top: 25px !important;}&#8221;][vc_column][vc_column_text]Tato webov\u00e1 str\u00e1nka slou\u017e\u00ed pouze jako reklamn\u00ed materi\u00e1l. Zde obsa\u017een\u00e9 informace nap\u0159edstavuj\u00ed ani investi\u010dn\u00ed, ani da\u0148ov\u00e9 nebo pr\u00e1vn\u00ed poradenstv\u00ed. Webov\u00e1 str\u00e1nka tak\u00e9 neobsahuje \u017e\u00e1dnou nab\u00eddku, doporu\u010den\u00ed nebo v\u00fdzvu k p\u0159ijet\u00ed investi\u010dn\u00edch rozhodnut\u00ed jak\u00e9hokoliv druhu. Tyto inform\u00e1cie p\u0159edev\u0161\u00edm nenahra\u017euj\u00ed \u017e\u00e1dn\u00e9 vhodn\u00e9 poradenstv\u00ed, zam\u011b\u0159en\u00e9 na investice a produkt. Ve\u0161ker\u00e9 informace, obsa\u017een\u00e9 na t\u00e9to webov\u00e9 [&hellip;]","og_url":"https:\/\/www.safeandhome.com\/cz\/disclaimer\/","og_site_name":"All Commodity Intertrading","article_modified_time":"2025-03-06T08:57:25+00:00","og_image":[{"width":2560,"height":686,"url":"https:\/\/www.safeandhome.com\/wp-content\/uploads\/2020\/12\/about4-scaled.jpg","type":"image\/jpeg"}],"twitter_card":"summary_large_image","twitter_misc":{"Est. reading time":"8 minutes"},"schema":{"@context":"https:\/\/schema.org","@graph":[{"@type":"WebPage","@id":"https:\/\/www.safeandhome.com\/cz\/disclaimer\/","url":"https:\/\/www.safeandhome.com\/cz\/disclaimer\/","name":"[:de]Haftungsausschluss[:en]Disclaimer[:sk]Vyl\u00fa\u010denie zodpovednosti[:hu]Disclaimer[:cz]Vyl\u00fa\u010denie zodpovednosti[:] - All Commodity Intertrading","isPartOf":{"@id":"https:\/\/www.safeandhome.com\/#website"},"primaryImageOfPage":{"@id":"https:\/\/www.safeandhome.com\/cz\/disclaimer\/#primaryimage"},"image":{"@id":"https:\/\/www.safeandhome.com\/cz\/disclaimer\/#primaryimage"},"thumbnailUrl":"https:\/\/www.safeandhome.com\/wp-content\/uploads\/2020\/12\/about4-scaled.jpg","datePublished":"2020-12-02T15:53:57+00:00","dateModified":"2025-03-06T08:57:25+00:00","breadcrumb":{"@id":"https:\/\/www.safeandhome.com\/cz\/disclaimer\/#breadcrumb"},"inLanguage":"cz","potentialAction":[{"@type":"ReadAction","target":["https:\/\/www.safeandhome.com\/cz\/disclaimer\/"]}]},{"@type":"ImageObject","inLanguage":"cz","@id":"https:\/\/www.safeandhome.com\/cz\/disclaimer\/#primaryimage","url":"https:\/\/www.safeandhome.com\/wp-content\/uploads\/2020\/12\/about4-scaled.jpg","contentUrl":"https:\/\/www.safeandhome.com\/wp-content\/uploads\/2020\/12\/about4-scaled.jpg","width":2560,"height":686},{"@type":"BreadcrumbList","@id":"https:\/\/www.safeandhome.com\/cz\/disclaimer\/#breadcrumb","itemListElement":[{"@type":"ListItem","position":1,"name":"Startseite","item":"https:\/\/www.safeandhome.com\/"},{"@type":"ListItem","position":2,"name":"Vyl\u00fa\u010denie zodpovednosti"}]},{"@type":"WebSite","@id":"https:\/\/www.safeandhome.com\/#website","url":"https:\/\/www.safeandhome.com\/","name":"All Commodity Intertrading","description":"Ihr Schl\u00fcssel zur finanziellen Sicherheit","publisher":{"@id":"https:\/\/www.safeandhome.com\/#organization"},"potentialAction":[{"@type":"SearchAction","target":{"@type":"EntryPoint","urlTemplate":"https:\/\/www.safeandhome.com\/?s={search_term_string}"},"query-input":{"@type":"PropertyValueSpecification","valueRequired":true,"valueName":"search_term_string"}}],"inLanguage":"cz"},{"@type":"Organization","@id":"https:\/\/www.safeandhome.com\/#organization","name":"All Commodity Intertrading","url":"https:\/\/www.safeandhome.com\/","logo":{"@type":"ImageObject","inLanguage":"cz","@id":"https:\/\/www.safeandhome.com\/#\/schema\/logo\/image\/","url":"https:\/\/www.safeandhome.com\/wp-content\/uploads\/2020\/12\/Logo_transaprent-1.png","contentUrl":"https:\/\/www.safeandhome.com\/wp-content\/uploads\/2020\/12\/Logo_transaprent-1.png","width":580,"height":250,"caption":"All Commodity Intertrading"},"image":{"@id":"https:\/\/www.safeandhome.com\/#\/schema\/logo\/image\/"}}]}},"_links":{"self":[{"href":"https:\/\/www.safeandhome.com\/cz\/wp-json\/wp\/v2\/pages\/287","targetHints":{"allow":["GET"]}}],"collection":[{"href":"https:\/\/www.safeandhome.com\/cz\/wp-json\/wp\/v2\/pages"}],"about":[{"href":"https:\/\/www.safeandhome.com\/cz\/wp-json\/wp\/v2\/types\/page"}],"author":[{"embeddable":true,"href":"https:\/\/www.safeandhome.com\/cz\/wp-json\/wp\/v2\/users\/1"}],"replies":[{"embeddable":true,"href":"https:\/\/www.safeandhome.com\/cz\/wp-json\/wp\/v2\/comments?post=287"}],"version-history":[{"count":15,"href":"https:\/\/www.safeandhome.com\/cz\/wp-json\/wp\/v2\/pages\/287\/revisions"}],"predecessor-version":[{"id":626,"href":"https:\/\/www.safeandhome.com\/cz\/wp-json\/wp\/v2\/pages\/287\/revisions\/626"}],"wp:featuredmedia":[{"embeddable":true,"href":"https:\/\/www.safeandhome.com\/cz\/wp-json\/wp\/v2\/media\/429"}],"wp:attachment":[{"href":"https:\/\/www.safeandhome.com\/cz\/wp-json\/wp\/v2\/media?parent=287"}],"curies":[{"name":"wp","href":"https:\/\/api.w.org\/{rel}","templated":true}]}}