{"id":17,"date":"2020-10-31T09:53:22","date_gmt":"2020-10-31T09:53:22","guid":{"rendered":"https:\/\/www.safeandhome.com\/?page_id=17"},"modified":"2025-03-06T08:13:13","modified_gmt":"2025-03-06T08:13:13","slug":"aci-uber-uns","status":"publish","type":"page","link":"https:\/\/www.safeandhome.com\/cz\/aci-uber-uns\/","title":{"rendered":"O n\u00e1s"},"content":{"rendered":"<p>[vc_row][vc_column][vc_column_text][\/vc_column_text][\/vc_column][\/vc_row][vc_row css_animation=&#8221;fadeIn&#8221; css=&#8221;.vc_custom_1606842623883{margin-top: 30px !important;}&#8221;][vc_column][vc_column_text]P\u0159i selektivn\u00edm v\u00fdb\u011bru partnersk\u00fdch spole\u010dnost\u00ed je kvalita, bezpe\u010dnost a udr\u017eitelnost n\u00e1kup\u016f surovin ze strany z\u00e1kazn\u00edk\u016f v\u017edy na prvn\u00edm m\u00edst\u011b.<\/p>\n<p>ACI nakupuje pro sv\u00e9 z\u00e1kazn\u00edky pouze certifikovan\u00e9 zlato od renomovan\u00fdch evropsk\u00fdch rafin\u00e9ri\u00ed a uchov\u00e1v\u00e1 ho v trezorech s vysokou bezpe\u010dnost\u00ed na v\u00edce m\u00edstech v Rakousku a N\u011bmecku.<\/p>\n<p>Fyzick\u00e9 zlato se nakupuje ve form\u011b slitk\u016f, kter\u00e9 spl\u0148uj\u00ed normu \u201eGood delivery\u201c od London Bullion Market Association (LBMA).<\/p>\n<p>Pravidla LBMA ur\u010duj\u00ed fyzik\u00e1ln\u00ed vlastnosti slitk\u016f, jako jsou zejm\u00e9na vysok\u00e1 \u010distota a standardizovan\u00e1 velikost.<\/p>\n<p>Zlato s t\u011bmito vlastnostmi se pou\u017e\u00edv\u00e1 na hlavn\u00edch mezin\u00e1rodn\u00edch trz\u00edch (Hongkong, Lond\u00fdn, New York, Sydney, Tokio , Curych) a v zlat\u00fdch rezerv\u00e1ch vl\u00e1d, centr\u00e1ln\u00edch bank\u00e1ch ale i Mezin\u00e1rodn\u00ed m\u011bnov\u00fd fond (MMF).[\/vc_column_text][\/vc_column][\/vc_row][vc_row full_width=&#8221;stretch_row&#8221; css_animation=&#8221;none&#8221; css=&#8221;.vc_custom_1607004743412{background-color: #c39a48 !important;}&#8221; el_class=&#8221;gold-bg-repeat&#8221;][vc_column css_animation=&#8221;none&#8221;][vc_single_image image=&#8221;349&#8243; img_size=&#8221;full&#8221; alignment=&#8221;center&#8221; style=&#8221;vc_box_border&#8221; border_color=&#8221;white&#8221; css_animation=&#8221;fadeInDown&#8221;][vc_column_text css_animation=&#8221;fadeInUp&#8221;]<\/p>\n<h1 class=\"ceo-title\" style=\"text-align: center;\">Christian Pohl &amp; Klaus Sch\u00f6nfelder<\/h1>\n<h2 class=\"job-title\" style=\"text-align: center;\">Jednatel\u00e9 spole\u010dnosti<\/h2>\n<p>[\/vc_column_text][\/vc_column][\/vc_row][vc_row css_animation=&#8221;fadeIn&#8221; css=&#8221;.vc_custom_1607085455688{margin-top: 0px !important;}&#8221; el_class=&#8221;disp-cent&#8221;][vc_column][vc_custom_heading text=&#8221;Va\u0161e v\u00fdhody \u2013 Na\u0161e slu\u017eby&#8221; font_container=&#8221;tag:h1|text_align:center&#8221; css=&#8221;.vc_custom_1741248699612{margin-bottom: 30px !important;}&#8221;][\/vc_column][vc_column width=&#8221;1\/4&#8243; el_class=&#8221;abt-boxs border-gradient-purple&#8221;][vc_column_text]<img loading=\"lazy\" decoding=\"async\" class=\"alignnone size-full wp-image-44 aligncenter\" src=\"https:\/\/www.safeandhome.com\/wp-content\/uploads\/2020\/10\/award.png\" alt=\"\" width=\"49\" height=\"79\" \/><\/p>\n<p style=\"text-align: center;\">Ov\u011b\u0159en\u00e1 kvalita zlata<\/p>\n<p>[\/vc_column_text][\/vc_column][vc_column width=&#8221;1\/4&#8243; el_class=&#8221;abt-boxs border-gradient-purple&#8221;][vc_column_text]<img loading=\"lazy\" decoding=\"async\" class=\"alignnone size-full wp-image-44 aligncenter\" src=\"https:\/\/www.safeandhome.com\/wp-content\/uploads\/2020\/10\/award.png\" alt=\"\" width=\"49\" height=\"79\" \/><\/p>\n<p style=\"text-align: center;\">Atraktivn\u00ed kupn\u00ed cena<\/p>\n<p>[\/vc_column_text][\/vc_column][vc_column width=&#8221;1\/4&#8243; el_class=&#8221;abt-boxs border-gradient-purple&#8221;][vc_column_text]<img loading=\"lazy\" decoding=\"async\" class=\"alignnone size-full wp-image-44 aligncenter\" src=\"https:\/\/www.safeandhome.com\/wp-content\/uploads\/2020\/10\/award.png\" alt=\"\" width=\"49\" height=\"79\" \/><\/p>\n<p style=\"text-align: center;\">Diskr\u00e9tnost a bezpe\u010dnost<\/p>\n<p>[\/vc_column_text][\/vc_column][vc_column width=&#8221;1\/4&#8243; el_class=&#8221;abt-boxs border-gradient-purple&#8221;][vc_column_text]<img loading=\"lazy\" decoding=\"async\" class=\"alignnone size-full wp-image-44 aligncenter\" src=\"https:\/\/www.safeandhome.com\/wp-content\/uploads\/2020\/10\/award.png\" alt=\"\" width=\"49\" height=\"79\" \/><\/p>\n<p style=\"text-align: center;\">P\u0159\u00edm\u00fd p\u0159\u00edstup k Va\u0161emu osobn\u00edmu \u00fa\u010dtu online<\/p>\n<p>[\/vc_column_text][\/vc_column][vc_column width=&#8221;1\/4&#8243; el_class=&#8221;abt-boxs border-gradient-purple&#8221;][vc_column_text]<img loading=\"lazy\" decoding=\"async\" class=\"alignnone size-full wp-image-44 aligncenter\" src=\"https:\/\/www.safeandhome.com\/wp-content\/uploads\/2020\/10\/award.png\" alt=\"\" width=\"49\" height=\"79\" \/><\/p>\n<p style=\"text-align: center;\">Nekomplikovan\u00e1 realizace<\/p>\n<p>[\/vc_column_text][\/vc_column][vc_column width=&#8221;1\/4&#8243; el_class=&#8221;abt-boxs border-gradient-purple&#8221;][vc_column_text]<img loading=\"lazy\" decoding=\"async\" class=\"alignnone size-full wp-image-44 aligncenter\" src=\"https:\/\/www.safeandhome.com\/wp-content\/uploads\/2020\/10\/award.png\" alt=\"\" width=\"49\" height=\"79\" \/><\/p>\n<p style=\"text-align: center;\">Mo\u017enost s\u00e1m\/sama ur\u010dit n\u00e1kup a prodej<\/p>\n<p>[\/vc_column_text][\/vc_column][vc_column width=&#8221;1\/4&#8243; el_class=&#8221;abt-boxs border-gradient-purple&#8221;][vc_column_text]<img loading=\"lazy\" decoding=\"async\" class=\"alignnone size-full wp-image-44 aligncenter\" src=\"https:\/\/www.safeandhome.com\/wp-content\/uploads\/2020\/10\/award.png\" alt=\"\" width=\"49\" height=\"79\" \/><\/p>\n<p style=\"text-align: center;\">Individu\u00e1ln\u00ed mo\u017enosti v\u00fdb\u011bru p\u0159i uskladn\u011bn\u00ed a dod\u00e1vce Va\u0161eho depozitu<\/p>\n<p>[\/vc_column_text][\/vc_column][vc_column width=&#8221;1\/4&#8243; el_class=&#8221;abt-boxs border-gradient-purple&#8221;][vc_column_text]<img loading=\"lazy\" decoding=\"async\" class=\"alignnone size-full wp-image-44 aligncenter\" src=\"https:\/\/www.safeandhome.com\/wp-content\/uploads\/2020\/10\/award.png\" alt=\"\" width=\"49\" height=\"79\" \/><\/p>\n<p style=\"text-align: center;\">Transparentnost a p\u0159\u00edstup k aktu\u00e1ln\u00edm informac\u00edm o trhu<\/p>\n<p>[\/vc_column_text][\/vc_column][\/vc_row]<\/p>","protected":false},"excerpt":{"rendered":"<p>[vc_row][vc_column][vc_column_text][\/vc_column_text][\/vc_column][\/vc_row][vc_row css_animation=&#8221;fadeIn&#8221; css=&#8221;.vc_custom_1606842623883{margin-top: 30px !important;}&#8221;][vc_column][vc_column_text]P\u0159i selektivn\u00edm v\u00fdb\u011bru partnersk\u00fdch spole\u010dnost\u00ed je kvalita, bezpe\u010dnost a udr\u017eitelnost n\u00e1kup\u016f surovin ze strany z\u00e1kazn\u00edk\u016f v\u017edy na prvn\u00edm m\u00edst\u011b. ACI nakupuje pro sv\u00e9 z\u00e1kazn\u00edky pouze certifikovan\u00e9 zlato od renomovan\u00fdch evropsk\u00fdch rafin\u00e9ri\u00ed a uchov\u00e1v\u00e1 ho v trezorech s vysokou bezpe\u010dnost\u00ed na v\u00edce m\u00edstech v Rakousku a N\u011bmecku. Fyzick\u00e9 zlato se nakupuje ve [&hellip;]<\/p>\n","protected":false},"author":1,"featured_media":429,"parent":0,"menu_order":0,"comment_status":"closed","ping_status":"closed","template":"template_inner.php","meta":{"footnotes":""},"class_list":["post-17","page","type-page","status-publish","has-post-thumbnail","hentry"],"yoast_head":"<!-- This site is optimized with the Yoast SEO plugin v26.2 - https:\/\/yoast.com\/wordpress\/plugins\/seo\/ -->\n<title>O n\u00e1s - All Commodity Intertrading<\/title>\n<meta name=\"robots\" content=\"index, follow, max-snippet:-1, max-image-preview:large, max-video-preview:-1\" \/>\n<link rel=\"canonical\" href=\"https:\/\/www.safeandhome.com\/cz\/aci-uber-uns\/\" \/>\n<meta property=\"og:locale\" content=\"en_US\" \/>\n<meta property=\"og:type\" content=\"article\" \/>\n<meta property=\"og:title\" content=\"[:de]\u00dcber uns[:en]About ACI[:sk]O n\u00e1s[:hu]About ACI[:cz]O n\u00e1s[:] - All Commodity Intertrading\" \/>\n<meta property=\"og:description\" content=\"[vc_row][vc_column][vc_column_text][\/vc_column_text][\/vc_column][\/vc_row][vc_row css_animation=&#8221;fadeIn&#8221; css=&#8221;.vc_custom_1606842623883{margin-top: 30px !important;}&#8221;][vc_column][vc_column_text]P\u0159i selektivn\u00edm v\u00fdb\u011bru partnersk\u00fdch spole\u010dnost\u00ed je kvalita, bezpe\u010dnost a udr\u017eitelnost n\u00e1kup\u016f surovin ze strany z\u00e1kazn\u00edk\u016f v\u017edy na prvn\u00edm m\u00edst\u011b. ACI nakupuje pro sv\u00e9 z\u00e1kazn\u00edky pouze certifikovan\u00e9 zlato od renomovan\u00fdch evropsk\u00fdch rafin\u00e9ri\u00ed a uchov\u00e1v\u00e1 ho v trezorech s vysokou bezpe\u010dnost\u00ed na v\u00edce m\u00edstech v Rakousku a N\u011bmecku. Fyzick\u00e9 zlato se nakupuje ve [&hellip;]\" \/>\n<meta property=\"og:url\" content=\"https:\/\/www.safeandhome.com\/cz\/aci-uber-uns\/\" \/>\n<meta property=\"og:site_name\" content=\"All Commodity Intertrading\" \/>\n<meta property=\"article:modified_time\" content=\"2025-03-06T08:13:13+00:00\" \/>\n<meta property=\"og:image\" content=\"https:\/\/www.safeandhome.com\/wp-content\/uploads\/2020\/12\/about4-scaled.jpg\" \/>\n\t<meta property=\"og:image:width\" content=\"2560\" \/>\n\t<meta property=\"og:image:height\" content=\"686\" \/>\n\t<meta property=\"og:image:type\" content=\"image\/jpeg\" \/>\n<meta name=\"twitter:card\" content=\"summary_large_image\" \/>\n<meta name=\"twitter:label1\" content=\"Est. reading time\" \/>\n\t<meta name=\"twitter:data1\" content=\"11 minutes\" \/>\n<script type=\"application\/ld+json\" class=\"yoast-schema-graph\">{\"@context\":\"https:\/\/schema.org\",\"@graph\":[{\"@type\":\"WebPage\",\"@id\":\"https:\/\/www.safeandhome.com\/cz\/aci-uber-uns\/\",\"url\":\"https:\/\/www.safeandhome.com\/cz\/aci-uber-uns\/\",\"name\":\"[:de]\u00dcber uns[:en]About ACI[:sk]O n\u00e1s[:hu]About ACI[:cz]O n\u00e1s[:] - All Commodity Intertrading\",\"isPartOf\":{\"@id\":\"https:\/\/www.safeandhome.com\/#website\"},\"primaryImageOfPage\":{\"@id\":\"https:\/\/www.safeandhome.com\/cz\/aci-uber-uns\/#primaryimage\"},\"image\":{\"@id\":\"https:\/\/www.safeandhome.com\/cz\/aci-uber-uns\/#primaryimage\"},\"thumbnailUrl\":\"https:\/\/www.safeandhome.com\/wp-content\/uploads\/2020\/12\/about4-scaled.jpg\",\"datePublished\":\"2020-10-31T09:53:22+00:00\",\"dateModified\":\"2025-03-06T08:13:13+00:00\",\"breadcrumb\":{\"@id\":\"https:\/\/www.safeandhome.com\/cz\/aci-uber-uns\/#breadcrumb\"},\"inLanguage\":\"cz\",\"potentialAction\":[{\"@type\":\"ReadAction\",\"target\":[\"https:\/\/www.safeandhome.com\/cz\/aci-uber-uns\/\"]}]},{\"@type\":\"ImageObject\",\"inLanguage\":\"cz\",\"@id\":\"https:\/\/www.safeandhome.com\/cz\/aci-uber-uns\/#primaryimage\",\"url\":\"https:\/\/www.safeandhome.com\/wp-content\/uploads\/2020\/12\/about4-scaled.jpg\",\"contentUrl\":\"https:\/\/www.safeandhome.com\/wp-content\/uploads\/2020\/12\/about4-scaled.jpg\",\"width\":2560,\"height\":686},{\"@type\":\"BreadcrumbList\",\"@id\":\"https:\/\/www.safeandhome.com\/cz\/aci-uber-uns\/#breadcrumb\",\"itemListElement\":[{\"@type\":\"ListItem\",\"position\":1,\"name\":\"Startseite\",\"item\":\"https:\/\/www.safeandhome.com\/\"},{\"@type\":\"ListItem\",\"position\":2,\"name\":\"O n\u00e1s\"}]},{\"@type\":\"WebSite\",\"@id\":\"https:\/\/www.safeandhome.com\/#website\",\"url\":\"https:\/\/www.safeandhome.com\/\",\"name\":\"All Commodity Intertrading\",\"description\":\"Ihr Schl\u00fcssel zur finanziellen Sicherheit\",\"publisher\":{\"@id\":\"https:\/\/www.safeandhome.com\/#organization\"},\"potentialAction\":[{\"@type\":\"SearchAction\",\"target\":{\"@type\":\"EntryPoint\",\"urlTemplate\":\"https:\/\/www.safeandhome.com\/?s={search_term_string}\"},\"query-input\":{\"@type\":\"PropertyValueSpecification\",\"valueRequired\":true,\"valueName\":\"search_term_string\"}}],\"inLanguage\":\"cz\"},{\"@type\":\"Organization\",\"@id\":\"https:\/\/www.safeandhome.com\/#organization\",\"name\":\"All Commodity Intertrading\",\"url\":\"https:\/\/www.safeandhome.com\/\",\"logo\":{\"@type\":\"ImageObject\",\"inLanguage\":\"cz\",\"@id\":\"https:\/\/www.safeandhome.com\/#\/schema\/logo\/image\/\",\"url\":\"https:\/\/www.safeandhome.com\/wp-content\/uploads\/2020\/12\/Logo_transaprent-1.png\",\"contentUrl\":\"https:\/\/www.safeandhome.com\/wp-content\/uploads\/2020\/12\/Logo_transaprent-1.png\",\"width\":580,\"height\":250,\"caption\":\"All Commodity Intertrading\"},\"image\":{\"@id\":\"https:\/\/www.safeandhome.com\/#\/schema\/logo\/image\/\"}}]}<\/script>\n<!-- \/ Yoast SEO plugin. -->","yoast_head_json":{"title":"[:de]\u00dcber uns[:en]About ACI[:sk]O n\u00e1s[:hu]About ACI[:cz]O n\u00e1s[:] - All Commodity Intertrading","robots":{"index":"index","follow":"follow","max-snippet":"max-snippet:-1","max-image-preview":"max-image-preview:large","max-video-preview":"max-video-preview:-1"},"canonical":"https:\/\/www.safeandhome.com\/cz\/aci-uber-uns\/","og_locale":"en_US","og_type":"article","og_title":"[:de]\u00dcber uns[:en]About ACI[:sk]O n\u00e1s[:hu]About ACI[:cz]O n\u00e1s[:] - All Commodity Intertrading","og_description":"[vc_row][vc_column][vc_column_text][\/vc_column_text][\/vc_column][\/vc_row][vc_row css_animation=&#8221;fadeIn&#8221; css=&#8221;.vc_custom_1606842623883{margin-top: 30px !important;}&#8221;][vc_column][vc_column_text]P\u0159i selektivn\u00edm v\u00fdb\u011bru partnersk\u00fdch spole\u010dnost\u00ed je kvalita, bezpe\u010dnost a udr\u017eitelnost n\u00e1kup\u016f surovin ze strany z\u00e1kazn\u00edk\u016f v\u017edy na prvn\u00edm m\u00edst\u011b. ACI nakupuje pro sv\u00e9 z\u00e1kazn\u00edky pouze certifikovan\u00e9 zlato od renomovan\u00fdch evropsk\u00fdch rafin\u00e9ri\u00ed a uchov\u00e1v\u00e1 ho v trezorech s vysokou bezpe\u010dnost\u00ed na v\u00edce m\u00edstech v Rakousku a N\u011bmecku. Fyzick\u00e9 zlato se nakupuje ve [&hellip;]","og_url":"https:\/\/www.safeandhome.com\/cz\/aci-uber-uns\/","og_site_name":"All Commodity Intertrading","article_modified_time":"2025-03-06T08:13:13+00:00","og_image":[{"width":2560,"height":686,"url":"https:\/\/www.safeandhome.com\/wp-content\/uploads\/2020\/12\/about4-scaled.jpg","type":"image\/jpeg"}],"twitter_card":"summary_large_image","twitter_misc":{"Est. reading time":"11 minutes"},"schema":{"@context":"https:\/\/schema.org","@graph":[{"@type":"WebPage","@id":"https:\/\/www.safeandhome.com\/cz\/aci-uber-uns\/","url":"https:\/\/www.safeandhome.com\/cz\/aci-uber-uns\/","name":"[:de]\u00dcber uns[:en]About ACI[:sk]O n\u00e1s[:hu]About ACI[:cz]O n\u00e1s[:] - All Commodity Intertrading","isPartOf":{"@id":"https:\/\/www.safeandhome.com\/#website"},"primaryImageOfPage":{"@id":"https:\/\/www.safeandhome.com\/cz\/aci-uber-uns\/#primaryimage"},"image":{"@id":"https:\/\/www.safeandhome.com\/cz\/aci-uber-uns\/#primaryimage"},"thumbnailUrl":"https:\/\/www.safeandhome.com\/wp-content\/uploads\/2020\/12\/about4-scaled.jpg","datePublished":"2020-10-31T09:53:22+00:00","dateModified":"2025-03-06T08:13:13+00:00","breadcrumb":{"@id":"https:\/\/www.safeandhome.com\/cz\/aci-uber-uns\/#breadcrumb"},"inLanguage":"cz","potentialAction":[{"@type":"ReadAction","target":["https:\/\/www.safeandhome.com\/cz\/aci-uber-uns\/"]}]},{"@type":"ImageObject","inLanguage":"cz","@id":"https:\/\/www.safeandhome.com\/cz\/aci-uber-uns\/#primaryimage","url":"https:\/\/www.safeandhome.com\/wp-content\/uploads\/2020\/12\/about4-scaled.jpg","contentUrl":"https:\/\/www.safeandhome.com\/wp-content\/uploads\/2020\/12\/about4-scaled.jpg","width":2560,"height":686},{"@type":"BreadcrumbList","@id":"https:\/\/www.safeandhome.com\/cz\/aci-uber-uns\/#breadcrumb","itemListElement":[{"@type":"ListItem","position":1,"name":"Startseite","item":"https:\/\/www.safeandhome.com\/"},{"@type":"ListItem","position":2,"name":"O n\u00e1s"}]},{"@type":"WebSite","@id":"https:\/\/www.safeandhome.com\/#website","url":"https:\/\/www.safeandhome.com\/","name":"All Commodity Intertrading","description":"Ihr Schl\u00fcssel zur finanziellen Sicherheit","publisher":{"@id":"https:\/\/www.safeandhome.com\/#organization"},"potentialAction":[{"@type":"SearchAction","target":{"@type":"EntryPoint","urlTemplate":"https:\/\/www.safeandhome.com\/?s={search_term_string}"},"query-input":{"@type":"PropertyValueSpecification","valueRequired":true,"valueName":"search_term_string"}}],"inLanguage":"cz"},{"@type":"Organization","@id":"https:\/\/www.safeandhome.com\/#organization","name":"All Commodity Intertrading","url":"https:\/\/www.safeandhome.com\/","logo":{"@type":"ImageObject","inLanguage":"cz","@id":"https:\/\/www.safeandhome.com\/#\/schema\/logo\/image\/","url":"https:\/\/www.safeandhome.com\/wp-content\/uploads\/2020\/12\/Logo_transaprent-1.png","contentUrl":"https:\/\/www.safeandhome.com\/wp-content\/uploads\/2020\/12\/Logo_transaprent-1.png","width":580,"height":250,"caption":"All Commodity Intertrading"},"image":{"@id":"https:\/\/www.safeandhome.com\/#\/schema\/logo\/image\/"}}]}},"_links":{"self":[{"href":"https:\/\/www.safeandhome.com\/cz\/wp-json\/wp\/v2\/pages\/17","targetHints":{"allow":["GET"]}}],"collection":[{"href":"https:\/\/www.safeandhome.com\/cz\/wp-json\/wp\/v2\/pages"}],"about":[{"href":"https:\/\/www.safeandhome.com\/cz\/wp-json\/wp\/v2\/types\/page"}],"author":[{"embeddable":true,"href":"https:\/\/www.safeandhome.com\/cz\/wp-json\/wp\/v2\/users\/1"}],"replies":[{"embeddable":true,"href":"https:\/\/www.safeandhome.com\/cz\/wp-json\/wp\/v2\/comments?post=17"}],"version-history":[{"count":110,"href":"https:\/\/www.safeandhome.com\/cz\/wp-json\/wp\/v2\/pages\/17\/revisions"}],"predecessor-version":[{"id":623,"href":"https:\/\/www.safeandhome.com\/cz\/wp-json\/wp\/v2\/pages\/17\/revisions\/623"}],"wp:featuredmedia":[{"embeddable":true,"href":"https:\/\/www.safeandhome.com\/cz\/wp-json\/wp\/v2\/media\/429"}],"wp:attachment":[{"href":"https:\/\/www.safeandhome.com\/cz\/wp-json\/wp\/v2\/media?parent=17"}],"curies":[{"name":"wp","href":"https:\/\/api.w.org\/{rel}","templated":true}]}}