{"id":14,"date":"2020-10-31T09:53:04","date_gmt":"2020-10-31T09:53:04","guid":{"rendered":"https:\/\/www.safeandhome.com\/?page_id=14"},"modified":"2025-12-11T10:57:30","modified_gmt":"2025-12-11T08:57:30","slug":"gold","status":"publish","type":"page","link":"https:\/\/www.safeandhome.com\/cz\/gold\/","title":{"rendered":"Zlato"},"content":{"rendered":"<p><\/p>\n<p>[vc_row css=&#8221;.vc_custom_1606842586140{margin-top: 30px !important;}&#8221;][vc_column css_animation=&#8221;fadeIn&#8221;][vc_column_text]Drah\u00e9 kovy jsou v\u011b\u010dn\u00e9. Zlato je synonymem jistoty a st\u00e1losti. Zlato je zt\u011blesn\u011bn\u00edm blahobytu lidstva, stability a uchov\u00e1n\u00ed hodnoty nez\u00e1visle na historick\u00e9m obdob\u00ed.[\/vc_column_text][\/vc_column][\/vc_row][vc_row el_id=&#8221;Sicherheit&#8221;][vc_column css_animation=&#8221;none&#8221; width=&#8221;1\/2&#8243;][vc_single_image image=&#8221;422&#8243; img_size=&#8221;full&#8221; el_class=&#8221;res-only&#8221;][vc_custom_heading text=&#8221;Zlato &#8211; jeden z<br \/>\nnejcennej\u0161\u00edch drah\u00fdch kov\u016f&#8221; font_container=&#8221;tag:h1|text_align:left&#8221;][vc_separator][vc_column_text]Jeho m\u00fdtus a popularita maj\u00ed svoje ko\u0159eny ve svoj\u00ed \u00faspe\u0161n\u00e9 a dlouholet\u00e9 historii, \u010d\u00edm\u017e zrcadl\u00ed i budouc\u00ed o\u010dek\u00e1v\u00e1n\u00ed lid\u00ed na uchov\u00e1n\u00ed hodnoty.<\/p>\n<p>Jedn\u00fdm z nejpodstatn\u011bj\u0161\u00edch motiv\u016f pro ka\u017ed\u00fd n\u00e1kup zlata je strach p\u0159ed ub\u00fdv\u00e1n\u00edm jin\u00fdch hodnot, obzvl\u00e1\u0161t\u011b pap\u00edrov\u00fdch pen\u011bz. Zlato si jako re\u00e1ln\u00fd majetek udr\u017euj\u00ed svoj\u00ed hodnotu i tehdy, kdy\u017e se banky a st\u00e1ty nach\u00e1zej\u00ed v nouzi a akciov\u00e9 kurzy klesaj\u00ed. Zlato je mo\u017en\u00e9 vym\u011bnit a prodat.<\/p>\n<p>Vlastnictv\u00ed zlata umo\u017e\u0148uje p\u0159ekonat i nejtvrd\u0161\u00ed obdob\u00ed kriz\u00ed a zachovat si blahobyt bez ohledu na syst\u00e9mov\u00e9 zm\u011bny s hlubok\u00fdmi dopady na hospod\u00e1\u0159stv\u00ed a ekonomiku.[\/vc_column_text][\/vc_column][vc_column css_animation=&#8221;none&#8221; width=&#8221;1\/2&#8243;][vc_single_image source=&#8221;external_link&#8221; el_class=&#8221;desk-only&#8221; custom_src=&#8221;https:\/\/portal.safeandhome.com\/Images\/PriceChart.ashx?months=240&amp;results=100&amp;size=500;300&amp;lang=cs-CZ&#8221;][\/vc_column][\/vc_row][vc_row el_id=&#8221;Superstar&#8221;][vc_column css_animation=&#8221;none&#8221; width=&#8221;1\/2&#8243;][vc_single_image image=&#8221;891&#8243; img_size=&#8221;full&#8221;][\/vc_column][vc_column css_animation=&#8221;none&#8221; width=&#8221;1\/2&#8243;][vc_custom_heading text=&#8221;\u201eSuperhv\u011bzda\u201d mezi<br \/>\ndrah\u00fdmi kovy&#8221; font_container=&#8221;tag:h1|text_align:left&#8221;][vc_separator][vc_column_text]Sni\u017eov\u00e1n\u00ed z\u00e1sob v\u0161ech drah\u00fdch kov\u016f, p\u0159edev\u0161\u00edm zlata, ovliv\u0148uje v\u00fdrazn\u011b jeho cenu. Zbo\u017e\u00ed, jeho\u017e je nedostatek, je v\u011bt\u0161inou velmi drah\u00e9. P\u0159\u00edslu\u0161n\u00e1 literatura na t\u00e9mu v\u00fdskyt surovin\/nerost\u016f vych\u00e1z\u00ed z toho, \u017ee jedna tuna horniny obsahuje jen \u010dty\u0159i miligramy (\u010dty\u0159i tis\u00edciny jednoho gramu) zlata. T\u00edm podl\u00e9h\u00e1 sv\u011btov\u00e1 nab\u00eddka, p\u0159ipadn\u011b dostupnost zlata na trhu, p\u0159irozen\u00e9mu omezen\u00ed. Popt\u00e1vka naopak st\u00e1le stoup\u00e1. Ve 21. stolet\u00ed se zlato stalo p\u0159\u00edstupn\u00fdm pro velkou \u010d\u00e1st lidstva.<\/p>\n<p>Toto je v neposledn\u00ed \u0159ad\u011b zp\u016fsoben\u00e9 legalizac\u00ed soukrom\u00e9ho vlastnictv\u00ed zlata \u2013 mimo jin\u00e9 i v \u010c\u00edn\u011b. Ur\u010dit\u00e9 mno\u017estv\u00ed z\u00e1sob zlata je podle aktu\u00e1ln\u00edch informac\u00ed u\u017e vyt\u011b\u017een\u00e9 a uskladn\u011bn\u00e9 v Centr\u00e1ln\u00edch a Obchodn\u00edch bank\u00e1ch nebo bylo pou\u017eito ve \u0161perka\u0159sk\u00e9m pr\u016fmyslu nebo formou jin\u00fdch cenn\u00fdch p\u0159edm\u011bt\u016f.[\/vc_column_text][\/vc_column][\/vc_row][vc_row el_id=&#8221;Nachfrage&#8221;][vc_column css_animation=&#8221;none&#8221; width=&#8221;1\/2&#8243;][vc_single_image image=&#8221;580&#8243; img_size=&#8221;full&#8221; el_class=&#8221;res-only&#8221;][vc_custom_heading text=&#8221;Nekone\u010dn\u00e1 popt\u00e1vka?<br \/>\n&#8211; Kdo zlato pot\u0159ebuje?&#8221; font_container=&#8221;tag:h1|text_align:left&#8221;][vc_separator][vc_column_text]Zlato slou\u017e\u00ed lidem jako \u0161perk, jako prost\u0159edek pro uchov\u00e1n\u00ed hodnoty pro mnoh\u00e9 dom\u00e1cnosti a jako devizov\u00e1 rezerva Centr\u00e1ln\u00edch bank na cel\u00e9m sv\u011bt\u011b.<\/p>\n<p>Krom\u011b toho je zlato d\u00edky sv\u00fdm specifick\u00fdm chemick\u00fdm a fyzick\u00fdm vlastnostem nenahraditeln\u00fdm faktorem pro pou\u017eit\u00ed v pr\u016fmyslu.<\/p>\n<p>Ochrana sv\u00e9ho majetku se nejen pro firmy, ale i pro ka\u017edou soukromou osobu stala jasn\u00fdm c\u00edlem, proto\u017ee pen\u00edze jsou jedn\u00edm z mnoha p\u0159edpoklad\u016f pro to, aby bylo mo\u017en\u00e9 splnit jak\u00fdkoliv obchodn\u00ed nebo \u017eivotn\u00ed pl\u00e1n.<\/p>\n<p>Z\u00edskat investi\u010dn\u00ed fondy, akcie nebo vkladn\u00ed kn\u00ed\u017eku, pozemek, \u017eivotn\u00ed pojistku nebo zaji\u0161t\u011bn\u00ed pro obdob\u00ed d\u016fchodu&#8230;.<\/p>\n<p>Kr\u00e1tce \u0159e\u010deno:\u00a0Nejde jen o to, m\u00edt co nejv\u011bt\u0161\u00ed mno\u017estv\u00ed pen\u011bz, sp\u00ed\u0161e o to, jak s pen\u011bzi, kter\u00e9 m\u00e1te k dispozici, dos\u00e1hnout co nejv\u011bt\u0161\u00edho po\u010dtu c\u00edl\u016f, kter\u00e9 jste si vyt\u00fd\u010dili.[\/vc_column_text][\/vc_column][vc_column css_animation=&#8221;none&#8221; width=&#8221;1\/2&#8243;][vc_single_image image=&#8221;580&#8243; img_size=&#8221;full&#8221; el_class=&#8221;desk-only&#8221;][\/vc_column][\/vc_row][vc_row][vc_column css_animation=&#8221;none&#8221; width=&#8221;1\/2&#8243;][vc_single_image image=&#8221;579&#8243; img_size=&#8221;full&#8221;][\/vc_column][vc_column css_animation=&#8221;none&#8221; width=&#8221;1\/2&#8243;][vc_custom_heading text=&#8221;Stane se zlato<br \/>\nsurovinou 21. stolet\u00ed?&#8221; font_container=&#8221;tag:h1|text_align:left&#8221;][vc_separator][vc_column_text]Ve 21. stolet\u00ed by zlato mohlo z\u00edskat nov\u00fd (star\u00fd) v\u00fdznam: nyn\u011bj\u0161\u00ed obdob\u00ed se vyzna\u010duje nyn\u00ed nedohl\u00e9dnuteln\u011b dlouh\u00fdm obdob\u00edm nejistoty. V\u00fdzvy, kter\u00e9 b\u011bhem mnoha desetilet\u00ed u\u017e upadly v zapom\u011bn\u00ed a kter\u00e9 u\u017e v\u016fbec nebyly p\u0159edm\u011btem ve\u0159ejn\u00fdch diskus\u00ed, n\u00e1s nut\u00ed k proces\u016fm zm\u011bn a p\u0159in\u00e1\u0161ej\u00ed p\u0159evraty v glob\u00e1ln\u00ed mocensk\u00e9 struktu\u0159e.<\/p>\n<p>Stoupaj\u00edc\u00ed po\u010det obyvatelstva sv\u011bta hled\u00ed op\u011bt vst\u0159\u00edc existen\u010dn\u00edm v\u00fdzv\u00e1m, nyn\u00ed p\u0159edev\u0161\u00edm tak\u00e9 v pr\u016fmyslov\u00fdch zem\u00edch USA a Evropy.<\/p>\n<p>Jedin\u00e9, co se zd\u00e1 b\u00fdt na za\u010d\u00e1ku tohoto stolet\u00ed jist\u00e9, jsou rychl\u00e9 a p\u0159etrv\u00e1vaj\u00edc\u00ed zm\u011bny, s nimi\u017e mus\u00edme \u017e\u00edt a vn\u00edmat je jako sou\u010d\u00e1st na\u0161eho hospod\u00e1\u0159stv\u00ed a sv\u011bta. V obdob\u00ed nejistoty je a bylo zlato v\u017edy \u017e\u00e1dan\u00e9, a proto by se mohlo st\u00e1t surovinou stolet\u00ed.[\/vc_column_text][\/vc_column][\/vc_row]<\/p>\n<p><\/p>","protected":false},"excerpt":{"rendered":"<p>[vc_row css=&#8221;.vc_custom_1606842586140{margin-top: 30px !important;}&#8221;][vc_column css_animation=&#8221;fadeIn&#8221;][vc_column_text]Drah\u00e9 kovy jsou v\u011b\u010dn\u00e9. Zlato je synonymem jistoty a st\u00e1losti. Zlato je zt\u011blesn\u011bn\u00edm blahobytu lidstva, stability a uchov\u00e1n\u00ed hodnoty nez\u00e1visle na historick\u00e9m obdob\u00ed.[\/vc_column_text][\/vc_column][\/vc_row][vc_row el_id=&#8221;Sicherheit&#8221;][vc_column css_animation=&#8221;none&#8221; width=&#8221;1\/2&#8243;][vc_single_image image=&#8221;422&#8243; img_size=&#8221;full&#8221; el_class=&#8221;res-only&#8221;][vc_custom_heading text=&#8221;Zlato &#8211; jeden z nejcennej\u0161\u00edch drah\u00fdch kov\u016f&#8221; font_container=&#8221;tag:h1|text_align:left&#8221;][vc_separator][vc_column_text]Jeho m\u00fdtus a popularita maj\u00ed svoje ko\u0159eny ve svoj\u00ed \u00faspe\u0161n\u00e9 a dlouholet\u00e9 historii, \u010d\u00edm\u017e zrcadl\u00ed [&hellip;]<\/p>\n","protected":false},"author":1,"featured_media":386,"parent":0,"menu_order":0,"comment_status":"closed","ping_status":"closed","template":"template_inner.php","meta":{"footnotes":""},"class_list":["post-14","page","type-page","status-publish","has-post-thumbnail","hentry"],"yoast_head":"<!-- This site is optimized with the Yoast SEO plugin v26.2 - https:\/\/yoast.com\/wordpress\/plugins\/seo\/ -->\n<title>Zlato - All Commodity Intertrading<\/title>\n<meta name=\"robots\" content=\"index, follow, max-snippet:-1, max-image-preview:large, max-video-preview:-1\" \/>\n<link rel=\"canonical\" href=\"https:\/\/www.safeandhome.com\/gold\/\" \/>\n<meta property=\"og:locale\" content=\"en_US\" \/>\n<meta property=\"og:type\" content=\"article\" \/>\n<meta property=\"og:title\" content=\"[:de]Gold[:en]Gold[:sk]Zlato[:hu]Gold[:cz]Zlato[:] - All Commodity Intertrading\" \/>\n<meta property=\"og:description\" content=\"[vc_row css=&#8221;.vc_custom_1606842586140{margin-top: 30px !important;}&#8221;][vc_column css_animation=&#8221;fadeIn&#8221;][vc_column_text]Drah\u00e9 kovy jsou v\u011b\u010dn\u00e9. Zlato je synonymem jistoty a st\u00e1losti. Zlato je zt\u011blesn\u011bn\u00edm blahobytu lidstva, stability a uchov\u00e1n\u00ed hodnoty nez\u00e1visle na historick\u00e9m obdob\u00ed.[\/vc_column_text][\/vc_column][\/vc_row][vc_row el_id=&#8221;Sicherheit&#8221;][vc_column css_animation=&#8221;none&#8221; width=&#8221;1\/2&#8243;][vc_single_image image=&#8221;422&#8243; img_size=&#8221;full&#8221; el_class=&#8221;res-only&#8221;][vc_custom_heading text=&#8221;Zlato &#8211; jeden z nejcennej\u0161\u00edch drah\u00fdch kov\u016f&#8221; font_container=&#8221;tag:h1|text_align:left&#8221;][vc_separator][vc_column_text]Jeho m\u00fdtus a popularita maj\u00ed svoje ko\u0159eny ve svoj\u00ed \u00faspe\u0161n\u00e9 a dlouholet\u00e9 historii, \u010d\u00edm\u017e zrcadl\u00ed [&hellip;]\" \/>\n<meta property=\"og:url\" content=\"https:\/\/www.safeandhome.com\/gold\/\" \/>\n<meta property=\"og:site_name\" content=\"All Commodity Intertrading\" \/>\n<meta property=\"article:modified_time\" content=\"2025-12-11T08:57:30+00:00\" \/>\n<meta property=\"og:image\" content=\"https:\/\/www.safeandhome.com\/wp-content\/uploads\/2020\/12\/Produkte-1024x415.png\" \/>\n\t<meta property=\"og:image:width\" content=\"1024\" \/>\n\t<meta property=\"og:image:height\" content=\"415\" \/>\n\t<meta property=\"og:image:type\" content=\"image\/png\" \/>\n<meta name=\"twitter:card\" content=\"summary_large_image\" \/>\n<meta name=\"twitter:label1\" content=\"Est. reading time\" \/>\n\t<meta name=\"twitter:data1\" content=\"17 minutes\" \/>\n<script type=\"application\/ld+json\" class=\"yoast-schema-graph\">{\"@context\":\"https:\/\/schema.org\",\"@graph\":[{\"@type\":\"WebPage\",\"@id\":\"https:\/\/www.safeandhome.com\/gold\/\",\"url\":\"https:\/\/www.safeandhome.com\/gold\/\",\"name\":\"[:de]Gold[:en]Gold[:sk]Zlato[:hu]Gold[:cz]Zlato[:] - All Commodity Intertrading\",\"isPartOf\":{\"@id\":\"https:\/\/www.safeandhome.com\/#website\"},\"primaryImageOfPage\":{\"@id\":\"https:\/\/www.safeandhome.com\/gold\/#primaryimage\"},\"image\":{\"@id\":\"https:\/\/www.safeandhome.com\/gold\/#primaryimage\"},\"thumbnailUrl\":\"https:\/\/www.safeandhome.com\/wp-content\/uploads\/2020\/12\/Produkte.png\",\"datePublished\":\"2020-10-31T09:53:04+00:00\",\"dateModified\":\"2025-12-11T08:57:30+00:00\",\"breadcrumb\":{\"@id\":\"https:\/\/www.safeandhome.com\/gold\/#breadcrumb\"},\"inLanguage\":\"cz\",\"potentialAction\":[{\"@type\":\"ReadAction\",\"target\":[\"https:\/\/www.safeandhome.com\/gold\/\"]}]},{\"@type\":\"ImageObject\",\"inLanguage\":\"cz\",\"@id\":\"https:\/\/www.safeandhome.com\/gold\/#primaryimage\",\"url\":\"https:\/\/www.safeandhome.com\/wp-content\/uploads\/2020\/12\/Produkte.png\",\"contentUrl\":\"https:\/\/www.safeandhome.com\/wp-content\/uploads\/2020\/12\/Produkte.png\",\"width\":5483,\"height\":2223},{\"@type\":\"BreadcrumbList\",\"@id\":\"https:\/\/www.safeandhome.com\/gold\/#breadcrumb\",\"itemListElement\":[{\"@type\":\"ListItem\",\"position\":1,\"name\":\"Startseite\",\"item\":\"https:\/\/www.safeandhome.com\/\"},{\"@type\":\"ListItem\",\"position\":2,\"name\":\"Gold\"}]},{\"@type\":\"WebSite\",\"@id\":\"https:\/\/www.safeandhome.com\/#website\",\"url\":\"https:\/\/www.safeandhome.com\/\",\"name\":\"All Commodity Intertrading\",\"description\":\"Ihr Schl\u00fcssel zur finanziellen Sicherheit\",\"publisher\":{\"@id\":\"https:\/\/www.safeandhome.com\/#organization\"},\"potentialAction\":[{\"@type\":\"SearchAction\",\"target\":{\"@type\":\"EntryPoint\",\"urlTemplate\":\"https:\/\/www.safeandhome.com\/?s={search_term_string}\"},\"query-input\":{\"@type\":\"PropertyValueSpecification\",\"valueRequired\":true,\"valueName\":\"search_term_string\"}}],\"inLanguage\":\"cz\"},{\"@type\":\"Organization\",\"@id\":\"https:\/\/www.safeandhome.com\/#organization\",\"name\":\"All Commodity Intertrading\",\"url\":\"https:\/\/www.safeandhome.com\/\",\"logo\":{\"@type\":\"ImageObject\",\"inLanguage\":\"cz\",\"@id\":\"https:\/\/www.safeandhome.com\/#\/schema\/logo\/image\/\",\"url\":\"https:\/\/www.safeandhome.com\/wp-content\/uploads\/2020\/12\/Logo_transaprent-1.png\",\"contentUrl\":\"https:\/\/www.safeandhome.com\/wp-content\/uploads\/2020\/12\/Logo_transaprent-1.png\",\"width\":580,\"height\":250,\"caption\":\"All Commodity Intertrading\"},\"image\":{\"@id\":\"https:\/\/www.safeandhome.com\/#\/schema\/logo\/image\/\"}}]}<\/script>\n<!-- \/ Yoast SEO plugin. -->","yoast_head_json":{"title":"[:de]Gold[:en]Gold[:sk]Zlato[:hu]Gold[:cz]Zlato[:] - All Commodity Intertrading","robots":{"index":"index","follow":"follow","max-snippet":"max-snippet:-1","max-image-preview":"max-image-preview:large","max-video-preview":"max-video-preview:-1"},"canonical":"https:\/\/www.safeandhome.com\/gold\/","og_locale":"en_US","og_type":"article","og_title":"[:de]Gold[:en]Gold[:sk]Zlato[:hu]Gold[:cz]Zlato[:] - All Commodity Intertrading","og_description":"[vc_row css=&#8221;.vc_custom_1606842586140{margin-top: 30px !important;}&#8221;][vc_column css_animation=&#8221;fadeIn&#8221;][vc_column_text]Drah\u00e9 kovy jsou v\u011b\u010dn\u00e9. Zlato je synonymem jistoty a st\u00e1losti. Zlato je zt\u011blesn\u011bn\u00edm blahobytu lidstva, stability a uchov\u00e1n\u00ed hodnoty nez\u00e1visle na historick\u00e9m obdob\u00ed.[\/vc_column_text][\/vc_column][\/vc_row][vc_row el_id=&#8221;Sicherheit&#8221;][vc_column css_animation=&#8221;none&#8221; width=&#8221;1\/2&#8243;][vc_single_image image=&#8221;422&#8243; img_size=&#8221;full&#8221; el_class=&#8221;res-only&#8221;][vc_custom_heading text=&#8221;Zlato &#8211; jeden z nejcennej\u0161\u00edch drah\u00fdch kov\u016f&#8221; font_container=&#8221;tag:h1|text_align:left&#8221;][vc_separator][vc_column_text]Jeho m\u00fdtus a popularita maj\u00ed svoje ko\u0159eny ve svoj\u00ed \u00faspe\u0161n\u00e9 a dlouholet\u00e9 historii, \u010d\u00edm\u017e zrcadl\u00ed [&hellip;]","og_url":"https:\/\/www.safeandhome.com\/gold\/","og_site_name":"All Commodity Intertrading","article_modified_time":"2025-12-11T08:57:30+00:00","og_image":[{"width":1024,"height":415,"url":"https:\/\/www.safeandhome.com\/wp-content\/uploads\/2020\/12\/Produkte-1024x415.png","type":"image\/png"}],"twitter_card":"summary_large_image","twitter_misc":{"Est. reading time":"17 minutes"},"schema":{"@context":"https:\/\/schema.org","@graph":[{"@type":"WebPage","@id":"https:\/\/www.safeandhome.com\/gold\/","url":"https:\/\/www.safeandhome.com\/gold\/","name":"[:de]Gold[:en]Gold[:sk]Zlato[:hu]Gold[:cz]Zlato[:] - All Commodity Intertrading","isPartOf":{"@id":"https:\/\/www.safeandhome.com\/#website"},"primaryImageOfPage":{"@id":"https:\/\/www.safeandhome.com\/gold\/#primaryimage"},"image":{"@id":"https:\/\/www.safeandhome.com\/gold\/#primaryimage"},"thumbnailUrl":"https:\/\/www.safeandhome.com\/wp-content\/uploads\/2020\/12\/Produkte.png","datePublished":"2020-10-31T09:53:04+00:00","dateModified":"2025-12-11T08:57:30+00:00","breadcrumb":{"@id":"https:\/\/www.safeandhome.com\/gold\/#breadcrumb"},"inLanguage":"cz","potentialAction":[{"@type":"ReadAction","target":["https:\/\/www.safeandhome.com\/gold\/"]}]},{"@type":"ImageObject","inLanguage":"cz","@id":"https:\/\/www.safeandhome.com\/gold\/#primaryimage","url":"https:\/\/www.safeandhome.com\/wp-content\/uploads\/2020\/12\/Produkte.png","contentUrl":"https:\/\/www.safeandhome.com\/wp-content\/uploads\/2020\/12\/Produkte.png","width":5483,"height":2223},{"@type":"BreadcrumbList","@id":"https:\/\/www.safeandhome.com\/gold\/#breadcrumb","itemListElement":[{"@type":"ListItem","position":1,"name":"Startseite","item":"https:\/\/www.safeandhome.com\/"},{"@type":"ListItem","position":2,"name":"Gold"}]},{"@type":"WebSite","@id":"https:\/\/www.safeandhome.com\/#website","url":"https:\/\/www.safeandhome.com\/","name":"All Commodity Intertrading","description":"Ihr Schl\u00fcssel zur finanziellen Sicherheit","publisher":{"@id":"https:\/\/www.safeandhome.com\/#organization"},"potentialAction":[{"@type":"SearchAction","target":{"@type":"EntryPoint","urlTemplate":"https:\/\/www.safeandhome.com\/?s={search_term_string}"},"query-input":{"@type":"PropertyValueSpecification","valueRequired":true,"valueName":"search_term_string"}}],"inLanguage":"cz"},{"@type":"Organization","@id":"https:\/\/www.safeandhome.com\/#organization","name":"All Commodity Intertrading","url":"https:\/\/www.safeandhome.com\/","logo":{"@type":"ImageObject","inLanguage":"cz","@id":"https:\/\/www.safeandhome.com\/#\/schema\/logo\/image\/","url":"https:\/\/www.safeandhome.com\/wp-content\/uploads\/2020\/12\/Logo_transaprent-1.png","contentUrl":"https:\/\/www.safeandhome.com\/wp-content\/uploads\/2020\/12\/Logo_transaprent-1.png","width":580,"height":250,"caption":"All Commodity Intertrading"},"image":{"@id":"https:\/\/www.safeandhome.com\/#\/schema\/logo\/image\/"}}]}},"_links":{"self":[{"href":"https:\/\/www.safeandhome.com\/cz\/wp-json\/wp\/v2\/pages\/14","targetHints":{"allow":["GET"]}}],"collection":[{"href":"https:\/\/www.safeandhome.com\/cz\/wp-json\/wp\/v2\/pages"}],"about":[{"href":"https:\/\/www.safeandhome.com\/cz\/wp-json\/wp\/v2\/types\/page"}],"author":[{"embeddable":true,"href":"https:\/\/www.safeandhome.com\/cz\/wp-json\/wp\/v2\/users\/1"}],"replies":[{"embeddable":true,"href":"https:\/\/www.safeandhome.com\/cz\/wp-json\/wp\/v2\/comments?post=14"}],"version-history":[{"count":76,"href":"https:\/\/www.safeandhome.com\/cz\/wp-json\/wp\/v2\/pages\/14\/revisions"}],"predecessor-version":[{"id":892,"href":"https:\/\/www.safeandhome.com\/cz\/wp-json\/wp\/v2\/pages\/14\/revisions\/892"}],"wp:featuredmedia":[{"embeddable":true,"href":"https:\/\/www.safeandhome.com\/cz\/wp-json\/wp\/v2\/media\/386"}],"wp:attachment":[{"href":"https:\/\/www.safeandhome.com\/cz\/wp-json\/wp\/v2\/media?parent=14"}],"curies":[{"name":"wp","href":"https:\/\/api.w.org\/{rel}","templated":true}]}}